{"id":7415,"date":"2022-06-29T17:54:55","date_gmt":"2022-06-29T17:54:55","guid":{"rendered":"https:\/\/www.bgeo.es\/?page_id=7415"},"modified":"2022-07-08T07:41:24","modified_gmt":"2022-07-08T07:41:24","slug":"guidelines-clientes","status":"publish","type":"page","link":"https:\/\/www.bgeo.es\/es\/kit-digital-giswater\/guidelines-clientes\/","title":{"rendered":"Guidelines Clientes"},"content":{"rendered":"<p>[et_pb_section fb_built=\u00bb1&#8243; fullwidth=\u00bbon\u00bb _builder_version=\u00bb4.9.0&#8243; global_colors_info=\u00bb{}\u00bb][et_pb_fullwidth_header title=\u00bbguidelines clientes\u00bb text_orientation=\u00bbcenter\u00bb _builder_version=\u00bb4.13.1&#8243; title_font=\u00bb|700||on|||||\u00bb title_text_align=\u00bbcenter\u00bb title_text_color=\u00bb#FFFFFF\u00bb title_font_size=\u00bb45px\u00bb title_letter_spacing=\u00bb5px\u00bb background_color=\u00bbrgba(255, 255, 255, 0)\u00bb background_image=\u00bbhttps:\/\/www.bgeo.es\/wp-content\/uploads\/2022\/03\/iStock-1263390703-scaled.jpg\u00bb background_layout=\u00bblight\u00bb custom_padding=\u00bb100px||100px|\u00bb title_text_shadow_style=\u00bbpreset3&#8243; title_text_shadow_color=\u00bbrgba(0,0,0,0.92)\u00bb global_colors_info=\u00bb{}\u00bb button_one_text_size__hover_enabled=\u00bboff\u00bb button_two_text_size__hover_enabled=\u00bboff\u00bb button_one_text_color__hover_enabled=\u00bboff\u00bb button_two_text_color__hover_enabled=\u00bboff\u00bb button_one_border_width__hover_enabled=\u00bboff\u00bb button_two_border_width__hover_enabled=\u00bboff\u00bb button_one_border_color__hover_enabled=\u00bboff\u00bb button_two_border_color__hover_enabled=\u00bboff\u00bb button_one_border_radius__hover_enabled=\u00bboff\u00bb button_two_border_radius__hover_enabled=\u00bboff\u00bb button_one_letter_spacing__hover_enabled=\u00bboff\u00bb button_two_letter_spacing__hover_enabled=\u00bboff\u00bb button_one_bg_color__hover_enabled=\u00bboff\u00bb button_two_bg_color__hover_enabled=\u00bboff\u00bb][\/et_pb_fullwidth_header][\/et_pb_section][et_pb_section fb_built=\u00bb1&#8243; _builder_version=\u00bb4.13.1&#8243; _module_preset=\u00bbdefault\u00bb global_colors_info=\u00bb{}\u00bb][et_pb_row _builder_version=\u00bb4.13.1&#8243; _module_preset=\u00bbdefault\u00bb global_colors_info=\u00bb{}\u00bb][et_pb_column type=\u00bb4_4&#8243; _builder_version=\u00bb4.13.1&#8243; _module_preset=\u00bbdefault\u00bb global_colors_info=\u00bb{}\u00bb][et_pb_image src=\u00bbhttps:\/\/www.bgeo.es\/wp-content\/uploads\/2022\/03\/logos-footer.jpeg\u00bb title_text=\u00bblogos-footer\u00bb _builder_version=\u00bb4.13.1&#8243; _module_preset=\u00bbdefault\u00bb global_colors_info=\u00bb{}\u00bb][\/et_pb_image][\/et_pb_column][\/et_pb_row][et_pb_row _builder_version=\u00bb4.13.1&#8243; _module_preset=\u00bbdefault\u00bb global_colors_info=\u00bb{}\u00bb][et_pb_column type=\u00bb4_4&#8243; _builder_version=\u00bb4.13.1&#8243; _module_preset=\u00bbdefault\u00bb global_colors_info=\u00bb{}\u00bb][et_pb_text _builder_version=\u00bb4.13.1&#8243; _module_preset=\u00bbdefault\u00bb global_colors_info=\u00bb{}\u00bb]<\/p>\n<h2 style=\"text-align: left;\"><span>GUIDELINES CLIENTES &#8211; PROGRAMA KIT DIGITAL<\/span><\/h2>\n<p style=\"text-align: justify;\"><strong> Para acogerse al plan, la empresa debe cumplir con los requisitos de empresa beneficiaria (b\u00e1sicamente ser una PYME de hasta 50 trabajadores). M\u00e1s info:\u00a0<a target=\"_blank\" class=\"c-link\" data-stringify-link=\"https:\/\/www.acelerapyme.gob.es\/kit-digital\" delay=\"150\" data-sk=\"tooltip_parent\" href=\"https:\/\/www.acelerapyme.gob.es\/kit-digital\" rel=\"noopener noreferrer\" data-remove-tab-index=\"true\" tabindex=\"-1\">https:\/\/www.acelerapyme.gob.es\/kit-digital<\/a><\/strong><\/p>\n<p>1. La empresa interesada debe pedir oferta a BGEO sobre producto y tarifa que se desea enviando una solicitud a <a href=\"mailto:info@bgeo.es\">info@bgeo.es<\/a><\/p>\n<p style=\"text-align: justify;\">2. BGEO contestar\u00e1 en un m\u00e1ximo de 72 horas con una oferta formal, una propuesta de contrato y una tabla de precios costes\/pagos en base a las condiciones y precios solicitados.<\/p>\n<p>3. La empresa interesada aceptar\u00e1 la oferta mediante devoluci\u00f3n a BGEO del contrato firmado por ambas partes.<\/p>\n<p>4. La empresa interesada debe darse de alta como empresa beneficiaria en el siguiente <a href=\"https:\/\/sedepkd.red.gob.es\/oficina\/tramites\/altaSolicitud.do?proc=C005&amp;queueittoken=e_oficinaprof~q_ff28c3fa-081d-4502-b151-39462a0e2228~ts_1656435348~ce_true~rt_safetynet~h_36807a326caf63949d8cb7bf3e06fb7c9a802a107948e63cc6489d9431070cab\">enlace<\/a>.<\/p>\n<p style=\"text-align: justify;\">5. La empresa interesada debe registrarse tambi\u00e9n en la web del <a href=\"https:\/\/portal.gestion.sedepkd.red.gob.es\/portal\/espacioPyme\">ESPACIO PYME<\/a> para realizar todos los tr\u00e1mites asociados al programa Kit Digital. El respectivo acceso debe hacerse por medio de una de las siguientes formas:<\/p>\n<ul>\n<li style=\"list-style-type: none;\">\n<ul>\n<li>DNIe\/ Certificado electr\u00f3nico<\/li>\n<li>Acceso PIN 24H (requiere registrarse en dicho sistema)<\/li>\n<li>Cl@ve permanente (requiere registrarse en dicho sistema)<\/li>\n<\/ul>\n<\/li>\n<\/ul>\n<p>6. La empresa interesada tendr\u00e1 que revisar\/validar el Acuerdo gestionado y notificado por ESPACIO PYME (hay que usar AutoFirma)<\/p>\n<p>7. Esperar la validaci\u00f3n del Acuerdo por el Ministerio (m\u00e1ximo 3 meses).<\/p>\n<p>8. Despu\u00e9s de la validaci\u00f3n del ministerio, BGEO podr\u00e1 iniciar los trabajos que se realizaran en dos fases:<\/p>\n<ul>\n<li style=\"list-style-type: none;\">\n<ul>\n<li>Fase 1: Implementaci\u00f3n m\u00e1ximo (3 meses)<\/li>\n<li>Fase 2: Mantenimiento (12 meses)<\/li>\n<\/ul>\n<\/li>\n<\/ul>\n<p style=\"text-align: justify;\">9. Al finalizar la primera fase BGEO emitir\u00e1 una \u00fanica factura dirigida a la empresa beneficiaria con 100% del importe de los trabajos. El abono ser\u00e1 efectuado de la siguiente manera:<\/p>\n<ul>\n<li style=\"list-style-type: none;\">\n<ul>\n<li style=\"text-align: justify;\">El Ministerio abonar\u00e1 directamente a BGEO el 70% del importe subvencionado, despu\u00e9s de presentada la justificaci\u00f3n de la implementaci\u00f3n (fase 1) y con un plazo m\u00e1ximo de 3 meses.<\/li>\n<li style=\"text-align: justify;\">La empresa beneficiaria abonar\u00e1 a BGEO el 100% del coste no subvencionable despu\u00e9s de presentada la justificaci\u00f3n de la implementaci\u00f3n (fase 1) y en un m\u00e1ximo de 1 mes.<\/li>\n<li style=\"text-align: justify;\">El Ministerio abonar\u00e1 directamente a BGEO el 30% restante del importe subvencionado despu\u00e9s de recibir el informe justificativo de finalizaci\u00f3n de fase 2, en un plazo de 3 meses, seg\u00fan se expresa en el siguiente punto.<\/li>\n<\/ul>\n<\/li>\n<\/ul>\n<p style=\"text-align: justify;\">10. Al finalizar la fase 2 (mantenimiento), BGEO presentar\u00e1 una justificaci\u00f3n final al Ministerio de los trabajos realizados.<\/p>\n<p>[\/et_pb_text][\/et_pb_column][\/et_pb_row][\/et_pb_section][et_pb_section fb_built=\u00bb1&#8243; module_id=\u00bbrow-six\u00bb _builder_version=\u00bb4.9.0&#8243; background_color=\u00bbgcid-d8eaa081-4be0-4518-bf91-03c8b6e95d5a\u00bb global_colors_info=\u00bb{%22gcid-d8eaa081-4be0-4518-bf91-03c8b6e95d5a%22:%91%22background_color%22%93}\u00bb][et_pb_row _builder_version=\u00bb4.9.0&#8243; animation_direction=\u00bbtop\u00bb global_colors_info=\u00bb{}\u00bb][et_pb_column type=\u00bb4_4&#8243; _builder_version=\u00bb4.9.0&#8243; custom_padding=\u00bb|||\u00bb global_colors_info=\u00bb{}\u00bb custom_padding__hover=\u00bb|||\u00bb][et_pb_cta title=\u00bbDa un paso hacia la digitalizaci\u00f3n del sistema de gesti\u00f3n de redes de abastecimiento o saneamiento con Giswater. Igualmente, podr\u00e1s dar el salto cualitativo a la hora de gestionar tus activos en sistemas de informaci\u00f3n geogr\u00e1fica\u00bb button_url=\u00bb@ET-DC@eyJkeW5hbWljIjp0cnVlLCJjb250ZW50IjoicG9zdF9saW5rX3VybF9wYWdlIiwic2V0dGluZ3MiOnsicG9zdF9pZCI6Ijk5In19@\u00bb button_text=\u00bbContacta\u00bb _builder_version=\u00bb4.9.0&#8243; _dynamic_attributes=\u00bbbutton_url\u00bb _module_preset=\u00bbdefault\u00bb background_enable_color=\u00bboff\u00bb custom_button=\u00bbon\u00bb button_text_color=\u00bb#0C71C3&#8243; button_bg_color=\u00bb#FFFFFF\u00bb global_colors_info=\u00bb{}\u00bb]<\/p>\n<p><strong>Contacta con\u00a0<span class=\"hiddenSpellError\" onkeypress=\"MORFOLOGIK_RULE_ES---#---undefined---#---Se ha encontrado un posible error ortogr\u00e1fico.---#---AGEO#EGEO#BREO#BRE\u00d3#GEO---#---BGEO\">BGEO<\/span><\/strong><span>\u00a0y concertaremos una visita para mostrarte<\/span><span>\u00a0las herramientas.<\/span><\/p>\n<p>[\/et_pb_cta][\/et_pb_column][\/et_pb_row][\/et_pb_section]<\/p>\n","protected":false},"excerpt":{"rendered":"<p>GUIDELINES CLIENTES &#8211; PROGRAMA KIT DIGITAL Para acogerse al plan, la empresa debe cumplir con los requisitos de empresa beneficiaria (b\u00e1sicamente ser una PYME de hasta 50 trabajadores). M\u00e1s info:\u00a0https:\/\/www.acelerapyme.gob.es\/kit-digital 1. La empresa interesada debe pedir oferta a BGEO sobre producto y tarifa que se desea enviando una solicitud a info@bgeo.es 2. BGEO contestar\u00e1 en [&hellip;]<\/p>\n","protected":false},"author":6,"featured_media":0,"parent":7239,"menu_order":0,"comment_status":"closed","ping_status":"closed","template":"","meta":{"_et_pb_use_builder":"on","_et_pb_old_content":"","_et_gb_content_width":""},"yoast_head":"<!-- This site is optimized with the Yoast SEO plugin v17.6 - https:\/\/yoast.com\/wordpress\/plugins\/seo\/ -->\n<title>Guidelines Clientes - BGEO - OPEN GIS &amp; WATER SOLUTIONS<\/title>\n<meta name=\"description\" content=\"Guidelines Clientes para el Kit Digital Giswater, cofinanciado por los fondo Nex Generation (EU).\" \/>\n<meta name=\"robots\" content=\"index, follow, max-snippet:-1, max-image-preview:large, max-video-preview:-1\" \/>\n<link rel=\"canonical\" href=\"https:\/\/www.bgeo.es\/es\/kit-digital-giswater\/guidelines-clientes\/\" \/>\n<meta property=\"og:locale\" content=\"es_ES\" \/>\n<meta property=\"og:type\" content=\"article\" \/>\n<meta property=\"og:title\" content=\"Guidelines Clientes - BGEO - OPEN GIS &amp; WATER SOLUTIONS\" \/>\n<meta property=\"og:description\" content=\"Guidelines Clientes para el Kit Digital Giswater, cofinanciado por los fondo Nex Generation (EU).\" \/>\n<meta property=\"og:url\" content=\"https:\/\/www.bgeo.es\/es\/kit-digital-giswater\/guidelines-clientes\/\" \/>\n<meta property=\"og:site_name\" content=\"BGEO - OPEN GIS &amp; WATER SOLUTIONS\" \/>\n<meta property=\"article:publisher\" content=\"https:\/\/www.facebook.com\/bgeo.opengis\/\" \/>\n<meta property=\"article:modified_time\" content=\"2022-07-08T07:41:24+00:00\" \/>\n<meta property=\"og:image\" content=\"https:\/\/www.bgeo.es\/wp-content\/uploads\/2021\/11\/bgeo-3.png\" \/>\n\t<meta property=\"og:image:width\" content=\"200\" \/>\n\t<meta property=\"og:image:height\" content=\"200\" \/>\n<meta name=\"twitter:card\" content=\"summary_large_image\" \/>\n<meta name=\"twitter:site\" content=\"@bgeo_opengis\" \/>\n<meta name=\"twitter:label1\" content=\"Tiempo de lectura\" \/>\n\t<meta name=\"twitter:data1\" content=\"4 minutos\" \/>\n<script type=\"application\/ld+json\" class=\"yoast-schema-graph\">{\"@context\":\"https:\/\/schema.org\",\"@graph\":[{\"@type\":\"Organization\",\"@id\":\"https:\/\/www.bgeo.es\/#organization\",\"name\":\"BGEO\",\"url\":\"https:\/\/www.bgeo.es\/\",\"sameAs\":[\"https:\/\/www.facebook.com\/bgeo.opengis\/\",\"https:\/\/www.instagram.com\/bgeogis\/\",\"https:\/\/www.linkedin.com\/company\/bgeoopengissl\/\",\"https:\/\/twitter.com\/bgeo_opengis\"],\"logo\":{\"@type\":\"ImageObject\",\"@id\":\"https:\/\/www.bgeo.es\/#logo\",\"inLanguage\":\"es\",\"url\":\"https:\/\/www.bgeo.es\/wp-content\/uploads\/2014\/09\/BGEO_LOGO_600px-02-e1414015439640.png\",\"contentUrl\":\"https:\/\/www.bgeo.es\/wp-content\/uploads\/2014\/09\/BGEO_LOGO_600px-02-e1414015439640.png\",\"width\":150,\"height\":78,\"caption\":\"BGEO\"},\"image\":{\"@id\":\"https:\/\/www.bgeo.es\/#logo\"}},{\"@type\":\"WebSite\",\"@id\":\"https:\/\/www.bgeo.es\/#website\",\"url\":\"https:\/\/www.bgeo.es\/\",\"name\":\"BGEO - OPEN GIS &amp; WATER SOLUTIONS\",\"description\":\"Open gis water solutions\",\"publisher\":{\"@id\":\"https:\/\/www.bgeo.es\/#organization\"},\"potentialAction\":[{\"@type\":\"SearchAction\",\"target\":{\"@type\":\"EntryPoint\",\"urlTemplate\":\"https:\/\/www.bgeo.es\/?s={search_term_string}\"},\"query-input\":\"required name=search_term_string\"}],\"inLanguage\":\"es\"},{\"@type\":\"WebPage\",\"@id\":\"https:\/\/www.bgeo.es\/es\/kit-digital-giswater\/guidelines-clientes\/#webpage\",\"url\":\"https:\/\/www.bgeo.es\/es\/kit-digital-giswater\/guidelines-clientes\/\",\"name\":\"Guidelines Clientes - BGEO - OPEN GIS &amp; WATER SOLUTIONS\",\"isPartOf\":{\"@id\":\"https:\/\/www.bgeo.es\/#website\"},\"datePublished\":\"2022-06-29T17:54:55+00:00\",\"dateModified\":\"2022-07-08T07:41:24+00:00\",\"description\":\"Guidelines Clientes para el Kit Digital Giswater, cofinanciado por los fondo Nex Generation (EU).\",\"breadcrumb\":{\"@id\":\"https:\/\/www.bgeo.es\/es\/kit-digital-giswater\/guidelines-clientes\/#breadcrumb\"},\"inLanguage\":\"es\",\"potentialAction\":[{\"@type\":\"ReadAction\",\"target\":[\"https:\/\/www.bgeo.es\/es\/kit-digital-giswater\/guidelines-clientes\/\"]}]},{\"@type\":\"BreadcrumbList\",\"@id\":\"https:\/\/www.bgeo.es\/es\/kit-digital-giswater\/guidelines-clientes\/#breadcrumb\",\"itemListElement\":[{\"@type\":\"ListItem\",\"position\":1,\"name\":\"Inici\",\"item\":\"https:\/\/www.bgeo.es\/es\/\"},{\"@type\":\"ListItem\",\"position\":2,\"name\":\"Kit Digital Giswater\",\"item\":\"https:\/\/www.bgeo.es\/es\/kit-digital-giswater\/\"},{\"@type\":\"ListItem\",\"position\":3,\"name\":\"Guidelines Clientes\"}]}]}<\/script>\n<!-- \/ Yoast SEO plugin. -->","yoast_head_json":{"title":"Guidelines Clientes - BGEO - OPEN GIS &amp; WATER SOLUTIONS","description":"Guidelines Clientes para el Kit Digital Giswater, cofinanciado por los fondo Nex Generation (EU).","robots":{"index":"index","follow":"follow","max-snippet":"max-snippet:-1","max-image-preview":"max-image-preview:large","max-video-preview":"max-video-preview:-1"},"canonical":"https:\/\/www.bgeo.es\/es\/kit-digital-giswater\/guidelines-clientes\/","og_locale":"es_ES","og_type":"article","og_title":"Guidelines Clientes - BGEO - OPEN GIS &amp; WATER SOLUTIONS","og_description":"Guidelines Clientes para el Kit Digital Giswater, cofinanciado por los fondo Nex Generation (EU).","og_url":"https:\/\/www.bgeo.es\/es\/kit-digital-giswater\/guidelines-clientes\/","og_site_name":"BGEO - OPEN GIS &amp; WATER SOLUTIONS","article_publisher":"https:\/\/www.facebook.com\/bgeo.opengis\/","article_modified_time":"2022-07-08T07:41:24+00:00","og_image":[{"width":200,"height":200,"url":"https:\/\/www.bgeo.es\/wp-content\/uploads\/2021\/11\/bgeo-3.png","type":"image\/png"}],"twitter_card":"summary_large_image","twitter_site":"@bgeo_opengis","twitter_misc":{"Tiempo de lectura":"4 minutos"},"schema":{"@context":"https:\/\/schema.org","@graph":[{"@type":"Organization","@id":"https:\/\/www.bgeo.es\/#organization","name":"BGEO","url":"https:\/\/www.bgeo.es\/","sameAs":["https:\/\/www.facebook.com\/bgeo.opengis\/","https:\/\/www.instagram.com\/bgeogis\/","https:\/\/www.linkedin.com\/company\/bgeoopengissl\/","https:\/\/twitter.com\/bgeo_opengis"],"logo":{"@type":"ImageObject","@id":"https:\/\/www.bgeo.es\/#logo","inLanguage":"es","url":"https:\/\/www.bgeo.es\/wp-content\/uploads\/2014\/09\/BGEO_LOGO_600px-02-e1414015439640.png","contentUrl":"https:\/\/www.bgeo.es\/wp-content\/uploads\/2014\/09\/BGEO_LOGO_600px-02-e1414015439640.png","width":150,"height":78,"caption":"BGEO"},"image":{"@id":"https:\/\/www.bgeo.es\/#logo"}},{"@type":"WebSite","@id":"https:\/\/www.bgeo.es\/#website","url":"https:\/\/www.bgeo.es\/","name":"BGEO - OPEN GIS &amp; WATER SOLUTIONS","description":"Open gis water solutions","publisher":{"@id":"https:\/\/www.bgeo.es\/#organization"},"potentialAction":[{"@type":"SearchAction","target":{"@type":"EntryPoint","urlTemplate":"https:\/\/www.bgeo.es\/?s={search_term_string}"},"query-input":"required name=search_term_string"}],"inLanguage":"es"},{"@type":"WebPage","@id":"https:\/\/www.bgeo.es\/es\/kit-digital-giswater\/guidelines-clientes\/#webpage","url":"https:\/\/www.bgeo.es\/es\/kit-digital-giswater\/guidelines-clientes\/","name":"Guidelines Clientes - BGEO - OPEN GIS &amp; WATER SOLUTIONS","isPartOf":{"@id":"https:\/\/www.bgeo.es\/#website"},"datePublished":"2022-06-29T17:54:55+00:00","dateModified":"2022-07-08T07:41:24+00:00","description":"Guidelines Clientes para el Kit Digital Giswater, cofinanciado por los fondo Nex Generation (EU).","breadcrumb":{"@id":"https:\/\/www.bgeo.es\/es\/kit-digital-giswater\/guidelines-clientes\/#breadcrumb"},"inLanguage":"es","potentialAction":[{"@type":"ReadAction","target":["https:\/\/www.bgeo.es\/es\/kit-digital-giswater\/guidelines-clientes\/"]}]},{"@type":"BreadcrumbList","@id":"https:\/\/www.bgeo.es\/es\/kit-digital-giswater\/guidelines-clientes\/#breadcrumb","itemListElement":[{"@type":"ListItem","position":1,"name":"Inici","item":"https:\/\/www.bgeo.es\/es\/"},{"@type":"ListItem","position":2,"name":"Kit Digital Giswater","item":"https:\/\/www.bgeo.es\/es\/kit-digital-giswater\/"},{"@type":"ListItem","position":3,"name":"Guidelines Clientes"}]}]}},"_links":{"self":[{"href":"https:\/\/www.bgeo.es\/es\/wp-json\/wp\/v2\/pages\/7415"}],"collection":[{"href":"https:\/\/www.bgeo.es\/es\/wp-json\/wp\/v2\/pages"}],"about":[{"href":"https:\/\/www.bgeo.es\/es\/wp-json\/wp\/v2\/types\/page"}],"author":[{"embeddable":true,"href":"https:\/\/www.bgeo.es\/es\/wp-json\/wp\/v2\/users\/6"}],"replies":[{"embeddable":true,"href":"https:\/\/www.bgeo.es\/es\/wp-json\/wp\/v2\/comments?post=7415"}],"version-history":[{"count":8,"href":"https:\/\/www.bgeo.es\/es\/wp-json\/wp\/v2\/pages\/7415\/revisions"}],"predecessor-version":[{"id":7488,"href":"https:\/\/www.bgeo.es\/es\/wp-json\/wp\/v2\/pages\/7415\/revisions\/7488"}],"up":[{"embeddable":true,"href":"https:\/\/www.bgeo.es\/es\/wp-json\/wp\/v2\/pages\/7239"}],"wp:attachment":[{"href":"https:\/\/www.bgeo.es\/es\/wp-json\/wp\/v2\/media?parent=7415"}],"curies":[{"name":"wp","href":"https:\/\/api.w.org\/{rel}","templated":true}]}}