{"id":7393,"date":"2022-06-29T16:13:58","date_gmt":"2022-06-29T16:13:58","guid":{"rendered":"https:\/\/www.bgeo.es\/?page_id=7393"},"modified":"2023-04-18T11:06:25","modified_gmt":"2023-04-18T11:06:25","slug":"webmapping","status":"publish","type":"page","link":"https:\/\/www.bgeo.es\/es\/kit-digital-giswater\/webmapping\/","title":{"rendered":"Webmapping"},"content":{"rendered":"<p>[et_pb_section fb_built=\u00bb1&#8243; fullwidth=\u00bbon\u00bb _builder_version=\u00bb4.9.0&#8243; global_colors_info=\u00bb{}\u00bb][et_pb_fullwidth_header title=\u00bbWEBMAPPING\u00bb text_orientation=\u00bbcenter\u00bb _builder_version=\u00bb4.13.1&#8243; title_font=\u00bb|700||on|||||\u00bb title_text_align=\u00bbcenter\u00bb title_text_color=\u00bb#FFFFFF\u00bb title_font_size=\u00bb45px\u00bb title_letter_spacing=\u00bb5px\u00bb background_color=\u00bbrgba(255, 255, 255, 0)\u00bb background_image=\u00bbhttps:\/\/www.bgeo.es\/wp-content\/uploads\/2022\/03\/iStock-1263390703-scaled.jpg\u00bb background_layout=\u00bblight\u00bb custom_padding=\u00bb100px||100px|\u00bb title_text_shadow_style=\u00bbpreset3&#8243; title_text_shadow_color=\u00bbrgba(0,0,0,0.92)\u00bb global_colors_info=\u00bb{}\u00bb button_one_text_size__hover_enabled=\u00bboff\u00bb button_two_text_size__hover_enabled=\u00bboff\u00bb button_one_text_color__hover_enabled=\u00bboff\u00bb button_two_text_color__hover_enabled=\u00bboff\u00bb button_one_border_width__hover_enabled=\u00bboff\u00bb button_two_border_width__hover_enabled=\u00bboff\u00bb button_one_border_color__hover_enabled=\u00bboff\u00bb button_two_border_color__hover_enabled=\u00bboff\u00bb button_one_border_radius__hover_enabled=\u00bboff\u00bb button_two_border_radius__hover_enabled=\u00bboff\u00bb button_one_letter_spacing__hover_enabled=\u00bboff\u00bb button_two_letter_spacing__hover_enabled=\u00bboff\u00bb button_one_bg_color__hover_enabled=\u00bboff\u00bb button_two_bg_color__hover_enabled=\u00bboff\u00bb][\/et_pb_fullwidth_header][\/et_pb_section][et_pb_section fb_built=\u00bb1&#8243; _builder_version=\u00bb4.9.0&#8243; custom_padding=\u00bb||||false|false\u00bb global_colors_info=\u00bb{}\u00bb][et_pb_row _builder_version=\u00bb4.13.1&#8243; _module_preset=\u00bbdefault\u00bb global_colors_info=\u00bb{}\u00bb][et_pb_column type=\u00bb4_4&#8243; _builder_version=\u00bb4.9.0&#8243; _module_preset=\u00bbdefault\u00bb global_colors_info=\u00bb{}\u00bb][et_pb_image src=\u00bbhttps:\/\/www.bgeo.es\/wp-content\/uploads\/2022\/03\/logos-footer.jpeg\u00bb title_text=\u00bblogos-footer\u00bb _builder_version=\u00bb4.13.1&#8243; _module_preset=\u00bbdefault\u00bb global_colors_info=\u00bb{}\u00bb][\/et_pb_image][\/et_pb_column][\/et_pb_row][et_pb_row _builder_version=\u00bb4.13.1&#8243; _module_preset=\u00bbdefault\u00bb global_colors_info=\u00bb{}\u00bb][et_pb_column type=\u00bb4_4&#8243; _builder_version=\u00bb4.9.0&#8243; _module_preset=\u00bbdefault\u00bb global_colors_info=\u00bb{}\u00bb][et_pb_text _builder_version=\u00bb4.13.1&#8243; _module_preset=\u00bbdefault\u00bb custom_padding=\u00bb||0px|||\u00bb global_colors_info=\u00bb{}\u00bb]<\/p>\n<h2><span>WEBMAPPING PYME-ONE<\/span><\/h2>\n<p style=\"text-align: justify;\"><span>Uso de la plataforma de mapas web en formato SaaS y modalidad \u00abCloud\u00bb con servidores de alta disponibilidad con toda la infraestructura necesaria para webmapping para todos los miembros de la organizaci\u00f3n. <\/span><\/p>\n<p style=\"text-align: justify;\"><span>Este servicio de mapas est\u00e1 especialmente dirigido a utilities, en especial aquellas que gestionan ya sus activos en Sistemas de Informaci\u00f3n geogr\u00e1fica y quieren dar un salto cualitativo respecto a compartir la informaci\u00f3n con la organizaci\u00f3n.<\/span><\/p>\n<p>[\/et_pb_text][\/et_pb_column][\/et_pb_row][et_pb_row column_structure=\u00bb1_2,1_2&#8243; _builder_version=\u00bb4.13.1&#8243; _module_preset=\u00bbdefault\u00bb global_colors_info=\u00bb{}\u00bb][et_pb_column type=\u00bb1_2&#8243; _builder_version=\u00bb4.13.1&#8243; _module_preset=\u00bbdefault\u00bb global_colors_info=\u00bb{}\u00bb][et_pb_text _builder_version=\u00bb4.13.1&#8243; header_4_font=\u00bb|700||on|||||\u00bb header_4_font_size=\u00bb16px\u00bb header_4_letter_spacing=\u00bb1px\u00bb width=\u00bb95.2%\u00bb min_height=\u00bb203px\u00bb height=\u00bb220px\u00bb custom_margin=\u00bb|-42px||||\u00bb custom_padding=\u00bb10px|19px|0px|10px|false|false\u00bb box_shadow_style=\u00bbpreset2&#8243; global_colors_info=\u00bb{}\u00bb]<\/p>\n<h4><span>\u00bfQU\u00c9 INCLUYE?<\/span><\/h4>\n<ul>\n<li style=\"text-align: justify;\"><span>Despliegue y puesta en marcha <\/span><\/li>\n<li style=\"text-align: justify;\"><span>Asistencia telef\u00f3nica. <\/span><\/li>\n<li style=\"text-align: justify;\"><span>Cobertura con servicio 8x5h 12 meses de servicio <\/span><\/li>\n<li style=\"text-align: justify;\"><span>Hasta 10 mapas publicados seg\u00fan tarifa contratada <\/span><\/li>\n<li style=\"text-align: justify;\"><span>Pol\u00edtica de backups, restauraci\u00f3n y monitorizaci\u00f3n del sistema<\/span><\/li>\n<\/ul>\n<p>[\/et_pb_text][\/et_pb_column][et_pb_column type=\u00bb1_2&#8243; _builder_version=\u00bb4.13.1&#8243; _module_preset=\u00bbdefault\u00bb global_colors_info=\u00bb{}\u00bb][et_pb_text _builder_version=\u00bb4.13.1&#8243; header_4_font=\u00bb|700||on|||||\u00bb header_4_font_size=\u00bb16px\u00bb header_4_letter_spacing=\u00bb1px\u00bb width=\u00bb100%\u00bb min_height=\u00bb212px\u00bb height=\u00bb220px\u00bb custom_margin=\u00bb|-68px||-34px||\u00bb custom_padding=\u00bb10px|12px|10px|10px||\u00bb box_shadow_style=\u00bbpreset2&#8243; global_colors_info=\u00bb{}\u00bb]<\/p>\n<h4><span>\u00bfQU\u00c9 NO INCLUYE?<\/span><\/h4>\n<ul>\n<li><span>Carga de datos en la plataforma <\/span><\/li>\n<li><span>Formaci\u00f3n de usuarios Consultor\u00eda y asesoramiento personalizado <\/span><\/li>\n<li><span>En caso de precisar estos servicios, se valorar\u00e1n seg\u00fan necesidades y se contratar\u00e1n por separado<\/span><\/li>\n<\/ul>\n<p>[\/et_pb_text][\/et_pb_column][\/et_pb_row][et_pb_row _builder_version=\u00bb4.13.1&#8243; _module_preset=\u00bbdefault\u00bb custom_padding=\u00bb|32px|||false|false\u00bb global_colors_info=\u00bb{}\u00bb][et_pb_column type=\u00bb4_4&#8243; _builder_version=\u00bb4.13.1&#8243; _module_preset=\u00bbdefault\u00bb global_colors_info=\u00bb{}\u00bb][et_pb_text _builder_version=\u00bb4.13.1&#8243; header_4_font=\u00bb|700||on|||||\u00bb header_4_font_size=\u00bb16px\u00bb header_4_letter_spacing=\u00bb1px\u00bb width=\u00bb100%\u00bb min_height=\u00bb100px\u00bb custom_margin=\u00bb|0px||0px|false|false\u00bb custom_padding=\u00bb18px|0px|0px|10px|false|false\u00bb box_shadow_style=\u00bbpreset2&#8243; global_colors_info=\u00bb{}\u00bb]<\/p>\n<p style=\"text-align: center;\"><span style=\"color: #000000;\"><strong>COSTE: 1.200,00 \u20ac<\/strong><\/span><\/p>\n<p style=\"text-align: center;\"><span style=\"color: #000000;\"><strong>Permite la creaci\u00f3n de hasta dos (2) mapas hasta un m\u00e1ximo de tres (3) usuarios<\/strong><\/span><\/p>\n<p>[\/et_pb_text][\/et_pb_column][\/et_pb_row][\/et_pb_section][et_pb_section fb_built=\u00bb1&#8243; _builder_version=\u00bb3.22&#8243; background_color=\u00bb#f6f6f6&#8243; global_colors_info=\u00bb{}\u00bb][et_pb_row _builder_version=\u00bb4.9.0&#8243; _module_preset=\u00bbdefault\u00bb global_colors_info=\u00bb{}\u00bb][et_pb_column type=\u00bb4_4&#8243; _builder_version=\u00bb4.9.0&#8243; _module_preset=\u00bbdefault\u00bb global_colors_info=\u00bb{}\u00bb][et_pb_text _builder_version=\u00bb4.13.1&#8243; _module_preset=\u00bbdefault\u00bb custom_padding=\u00bb||0px|||\u00bb global_colors_info=\u00bb{}\u00bb]<\/p>\n<h2>WEBMAPPING PYME-3<\/h2>\n<p style=\"text-align: justify;\"><span>Uso de la plataforma de mapas web en formato SaaS y modalidad \u00abOn premise\u00bb con servidores de alta disponibilidad con toda la infraestructura necesaria para webmapping para todos los miembros de la organizaci\u00f3n. <\/span><\/p>\n<p style=\"text-align: justify;\"><span>Este servicio de mapas est\u00e1 especialmente dirigido a utilities, en especial aquellas que gestionan ya sus activos en Sistemas de Informaci\u00f3n geogr\u00e1fica y quieren dar un salto cualitativo respecto a compartir la informaci\u00f3n con la organizaci\u00f3n.<\/span><\/p>\n<p>[\/et_pb_text][\/et_pb_column][\/et_pb_row][et_pb_row column_structure=\u00bb1_2,1_2&#8243; _builder_version=\u00bb4.13.1&#8243; _module_preset=\u00bbdefault\u00bb global_colors_info=\u00bb{}\u00bb][et_pb_column type=\u00bb1_2&#8243; _builder_version=\u00bb4.13.1&#8243; _module_preset=\u00bbdefault\u00bb global_colors_info=\u00bb{}\u00bb][et_pb_text _builder_version=\u00bb4.13.1&#8243; header_4_font=\u00bb|700||on|||||\u00bb header_4_font_size=\u00bb16px\u00bb header_4_letter_spacing=\u00bb1px\u00bb width=\u00bb95.2%\u00bb min_height=\u00bb195px\u00bb custom_margin=\u00bb|-42px||||\u00bb custom_padding=\u00bb10px|19px|10px|10px||\u00bb box_shadow_style=\u00bbpreset2&#8243; global_colors_info=\u00bb{}\u00bb]<\/p>\n<h4><span>\u00bfQU\u00c9 INCLUYE?<\/span><\/h4>\n<ul>\n<li style=\"text-align: justify;\"><span>Despliegue y puesta en marcha <\/span><\/li>\n<li style=\"text-align: justify;\"><span>12 meses de servicio Asistencia telef\u00f3nica. <\/span><\/li>\n<li style=\"text-align: justify;\"><span>Cobertura con servicio 8x5h<\/span><\/li>\n<\/ul>\n<p>[\/et_pb_text][\/et_pb_column][et_pb_column type=\u00bb1_2&#8243; _builder_version=\u00bb4.13.1&#8243; _module_preset=\u00bbdefault\u00bb global_colors_info=\u00bb{}\u00bb][et_pb_text _builder_version=\u00bb4.13.1&#8243; header_4_font=\u00bb|700||on|||||\u00bb header_4_font_size=\u00bb16px\u00bb header_4_letter_spacing=\u00bb1px\u00bb width=\u00bb100%\u00bb min_height=\u00bb100px\u00bb custom_margin=\u00bb|-68px||-34px||\u00bb custom_padding=\u00bb10px|12px|10px|10px||\u00bb box_shadow_style=\u00bbpreset2&#8243; global_colors_info=\u00bb{}\u00bb]<\/p>\n<h4><span>\u00bfQU\u00c9 NO INCLUYE?<\/span><\/h4>\n<ul>\n<li><span>Migraci\u00f3n de datos <\/span><\/li>\n<li><span>Formaci\u00f3n de usuarios <\/span><\/li>\n<li><span>Consultor\u00eda y asesoramiento personalizado <\/span><\/li>\n<li><span>En caso de precisar estos servicios, se valorar\u00e1n seg\u00fan necesidades y se contratar\u00e1n por separado<\/span><\/li>\n<\/ul>\n<p>[\/et_pb_text][\/et_pb_column][\/et_pb_row][et_pb_row _builder_version=\u00bb4.13.1&#8243; _module_preset=\u00bbdefault\u00bb custom_padding=\u00bb|32px|||false|false\u00bb global_colors_info=\u00bb{}\u00bb][et_pb_column type=\u00bb4_4&#8243; _builder_version=\u00bb4.13.1&#8243; _module_preset=\u00bbdefault\u00bb global_colors_info=\u00bb{}\u00bb][et_pb_text _builder_version=\u00bb4.13.1&#8243; header_4_font=\u00bb|700||on|||||\u00bb header_4_font_size=\u00bb16px\u00bb header_4_letter_spacing=\u00bb1px\u00bb width=\u00bb100%\u00bb min_height=\u00bb100px\u00bb custom_margin=\u00bb|0px||0px|false|false\u00bb custom_padding=\u00bb18px|0px|0px|10px|false|false\u00bb box_shadow_style=\u00bbpreset2&#8243; global_colors_info=\u00bb{}\u00bb]<\/p>\n<p style=\"text-align: center;\"><span style=\"color: #000000;\"><strong>COSTE: 2.900,00 \u20ac<\/strong><\/span><\/p>\n<p style=\"text-align: center;\"><span style=\"color: #000000;\"><strong>Permite la creaci\u00f3n de hasta cuatro (4) mapas hasta un m\u00e1ximo de cinco (5) usuarios<\/strong><\/span><\/p>\n<p>[\/et_pb_text][\/et_pb_column][\/et_pb_row][\/et_pb_section][et_pb_section fb_built=\u00bb1&#8243; _builder_version=\u00bb4.9.0&#8243; custom_padding=\u00bb||||false|false\u00bb global_colors_info=\u00bb{}\u00bb][et_pb_row _builder_version=\u00bb4.13.1&#8243; _module_preset=\u00bbdefault\u00bb global_colors_info=\u00bb{}\u00bb][et_pb_column type=\u00bb4_4&#8243; _builder_version=\u00bb4.9.0&#8243; _module_preset=\u00bbdefault\u00bb global_colors_info=\u00bb{}\u00bb][et_pb_text _builder_version=\u00bb4.13.1&#8243; _module_preset=\u00bbdefault\u00bb custom_padding=\u00bb||0px|||\u00bb global_colors_info=\u00bb{}\u00bb]<\/p>\n<h2 style=\"text-align: justify;\">WEBMAPPING PYME- PLUS<\/h2>\n<p style=\"text-align: justify;\"><span>Uso de la plataforma de mapas web en formato SaaS y modalidad \u00abOn premise\u00bb con servidores de alta disponibilidad con toda la infraestructura necesaria para webmapping para todos los miembros de la organizaci\u00f3n. <\/span><\/p>\n<p style=\"text-align: justify;\"><span>Este servicio de mapas est\u00e1 especialmente dirigido a utilities, en especial aquellas que gestionan ya sus activos en Sistemas de Informaci\u00f3n geogr\u00e1fica y quieren dar un salto cualitativo respecto a compartir la informaci\u00f3n con la organizaci\u00f3n.<\/span><\/p>\n<p>[\/et_pb_text][\/et_pb_column][\/et_pb_row][et_pb_row column_structure=\u00bb1_2,1_2&#8243; _builder_version=\u00bb4.13.1&#8243; _module_preset=\u00bbdefault\u00bb global_colors_info=\u00bb{}\u00bb][et_pb_column type=\u00bb1_2&#8243; _builder_version=\u00bb4.13.1&#8243; _module_preset=\u00bbdefault\u00bb global_colors_info=\u00bb{}\u00bb][et_pb_text _builder_version=\u00bb4.13.1&#8243; header_4_font=\u00bb|700||on|||||\u00bb header_4_font_size=\u00bb16px\u00bb header_4_letter_spacing=\u00bb1px\u00bb width=\u00bb95.2%\u00bb min_height=\u00bb195px\u00bb custom_margin=\u00bb|-42px||||\u00bb custom_padding=\u00bb10px|19px|10px|10px||\u00bb box_shadow_style=\u00bbpreset2&#8243; global_colors_info=\u00bb{}\u00bb]<\/p>\n<h4><span>\u00bfQU\u00c9 INCLUYE?<\/span><\/h4>\n<ul>\n<li style=\"text-align: justify;\"><span>Despliegue y puesta en marcha <\/span><\/li>\n<li style=\"text-align: justify;\"><span>12 meses de servicio <\/span><\/li>\n<li style=\"text-align: justify;\"><span>Asistencia telef\u00f3nica. Cobertura con servicio 8x5h<\/span><\/li>\n<\/ul>\n<p>[\/et_pb_text][\/et_pb_column][et_pb_column type=\u00bb1_2&#8243; _builder_version=\u00bb4.13.1&#8243; _module_preset=\u00bbdefault\u00bb global_colors_info=\u00bb{}\u00bb][et_pb_text _builder_version=\u00bb4.13.1&#8243; header_4_font=\u00bb|700||on|||||\u00bb header_4_font_size=\u00bb16px\u00bb header_4_letter_spacing=\u00bb1px\u00bb width=\u00bb100%\u00bb min_height=\u00bb100px\u00bb custom_margin=\u00bb|-68px||-34px||\u00bb custom_padding=\u00bb10px|12px|10px|10px||\u00bb box_shadow_style=\u00bbpreset2&#8243; global_colors_info=\u00bb{}\u00bb]<\/p>\n<h4><span>\u00bfQU\u00c9 NO INCLUYE?<\/span><\/h4>\n<ul>\n<li><span>Migraci\u00f3n de datos <\/span><\/li>\n<li><span>Formaci\u00f3n de usuarios <\/span><\/li>\n<li><span>Consultor\u00eda y asesoramiento personalizado <\/span><\/li>\n<li><span>En caso de precisar estos servicios, se valorar\u00e1n seg\u00fan necesidades y se contratar\u00e1n por separado<\/span><\/li>\n<\/ul>\n<p>[\/et_pb_text][\/et_pb_column][\/et_pb_row][et_pb_row _builder_version=\u00bb4.13.1&#8243; _module_preset=\u00bbdefault\u00bb custom_padding=\u00bb|32px|||false|false\u00bb global_colors_info=\u00bb{}\u00bb][et_pb_column type=\u00bb4_4&#8243; _builder_version=\u00bb4.13.1&#8243; _module_preset=\u00bbdefault\u00bb global_colors_info=\u00bb{}\u00bb][et_pb_text _builder_version=\u00bb4.13.1&#8243; header_4_font=\u00bb|700||on|||||\u00bb header_4_font_size=\u00bb16px\u00bb header_4_letter_spacing=\u00bb1px\u00bb width=\u00bb100%\u00bb min_height=\u00bb100px\u00bb custom_margin=\u00bb|0px||0px|false|false\u00bb custom_padding=\u00bb18px|0px|0px|10px|false|false\u00bb box_shadow_style=\u00bbpreset2&#8243; global_colors_info=\u00bb{}\u00bb]<\/p>\n<p style=\"text-align: center;\"><span style=\"color: #000000;\"><strong>COSTE: 7.200,00 \u20ac<\/strong><\/span><\/p>\n<p style=\"text-align: center;\"><span style=\"color: #000000;\"><strong>Permite la creaci\u00f3n de hasta ocho (8) mapas hasta un m\u00e1ximo de diez (10) usuarios<\/strong><\/span><\/p>\n<p>[\/et_pb_text][\/et_pb_column][\/et_pb_row][\/et_pb_section][et_pb_section fb_built=\u00bb1&#8243; module_id=\u00bbrow-six\u00bb _builder_version=\u00bb4.9.0&#8243; background_color=\u00bbgcid-d8eaa081-4be0-4518-bf91-03c8b6e95d5a\u00bb global_colors_info=\u00bb{%22gcid-d8eaa081-4be0-4518-bf91-03c8b6e95d5a%22:%91%22background_color%22%93}\u00bb][et_pb_row _builder_version=\u00bb4.9.0&#8243; animation_direction=\u00bbtop\u00bb global_colors_info=\u00bb{}\u00bb][et_pb_column type=\u00bb4_4&#8243; _builder_version=\u00bb4.9.0&#8243; custom_padding=\u00bb|||\u00bb global_colors_info=\u00bb{}\u00bb custom_padding__hover=\u00bb|||\u00bb][et_pb_cta title=\u00bbDa el salto cualitativo a la hora de gestionar tus activos en sistemas de informaci\u00f3n geogr\u00e1fica\u00bb button_url=\u00bb@ET-DC@eyJkeW5hbWljIjp0cnVlLCJjb250ZW50IjoicG9zdF9saW5rX3VybF9wYWdlIiwic2V0dGluZ3MiOnsicG9zdF9pZCI6Ijk5In19@\u00bb button_text=\u00bbContacta\u00bb _builder_version=\u00bb4.9.0&#8243; _dynamic_attributes=\u00bbbutton_url\u00bb _module_preset=\u00bbdefault\u00bb background_enable_color=\u00bboff\u00bb custom_button=\u00bbon\u00bb button_text_color=\u00bb#0C71C3&#8243; button_bg_color=\u00bb#FFFFFF\u00bb global_colors_info=\u00bb{}\u00bb]<\/p>\n<p><strong>Contacta con\u00a0<span class=\"hiddenSpellError\" onkeypress=\"MORFOLOGIK_RULE_ES---#---undefined---#---Se ha encontrado un posible error ortogr\u00e1fico.---#---AGEO#EGEO#BREO#BRE\u00d3#GEO---#---BGEO\">BGEO<\/span><\/strong><span>\u00a0y concertaremos una visita para mostrarte<\/span><span>\u00a0las herramientas.<\/span><\/p>\n<p>[\/et_pb_cta][\/et_pb_column][\/et_pb_row][\/et_pb_section]<\/p>\n","protected":false},"excerpt":{"rendered":"<p>WEBMAPPING PYME-ONE Uso de la plataforma de mapas web en formato SaaS y modalidad \u00abCloud\u00bb con servidores de alta disponibilidad con toda la infraestructura necesaria para webmapping para todos los miembros de la organizaci\u00f3n. Este servicio de mapas est\u00e1 especialmente dirigido a utilities, en especial aquellas que gestionan ya sus activos en Sistemas de Informaci\u00f3n [&hellip;]<\/p>\n","protected":false},"author":6,"featured_media":0,"parent":7239,"menu_order":0,"comment_status":"closed","ping_status":"closed","template":"","meta":{"_et_pb_use_builder":"on","_et_pb_old_content":"","_et_gb_content_width":""},"yoast_head":"<!-- This site is optimized with the Yoast SEO plugin v17.6 - https:\/\/yoast.com\/wordpress\/plugins\/seo\/ -->\n<title>Webmapping - BGEO - OPEN GIS &amp; WATER SOLUTIONS<\/title>\n<meta name=\"description\" content=\"Da el salto cualitativo a la hora de gestionar tus activos en sistemas de informaci\u00f3n geogr\u00e1fica y webmapping.\" \/>\n<meta name=\"robots\" content=\"index, follow, max-snippet:-1, max-image-preview:large, max-video-preview:-1\" \/>\n<link rel=\"canonical\" href=\"https:\/\/www.bgeo.es\/es\/kit-digital-giswater\/webmapping\/\" \/>\n<meta property=\"og:locale\" content=\"es_ES\" \/>\n<meta property=\"og:type\" content=\"article\" \/>\n<meta property=\"og:title\" content=\"Webmapping - BGEO - OPEN GIS &amp; WATER SOLUTIONS\" \/>\n<meta property=\"og:description\" content=\"Da el salto cualitativo a la hora de gestionar tus activos en sistemas de informaci\u00f3n geogr\u00e1fica y webmapping.\" \/>\n<meta property=\"og:url\" content=\"https:\/\/www.bgeo.es\/es\/kit-digital-giswater\/webmapping\/\" \/>\n<meta property=\"og:site_name\" content=\"BGEO - OPEN GIS &amp; WATER SOLUTIONS\" \/>\n<meta property=\"article:publisher\" content=\"https:\/\/www.facebook.com\/bgeo.opengis\/\" \/>\n<meta property=\"article:modified_time\" content=\"2023-04-18T11:06:25+00:00\" \/>\n<meta property=\"og:image\" content=\"https:\/\/www.bgeo.es\/wp-content\/uploads\/2021\/11\/bgeo-3.png\" \/>\n\t<meta property=\"og:image:width\" content=\"200\" \/>\n\t<meta property=\"og:image:height\" content=\"200\" \/>\n<meta name=\"twitter:card\" content=\"summary_large_image\" \/>\n<meta name=\"twitter:site\" content=\"@bgeo_opengis\" \/>\n<meta name=\"twitter:label1\" content=\"Tiempo de lectura\" \/>\n\t<meta name=\"twitter:data1\" content=\"8 minutos\" \/>\n<script type=\"application\/ld+json\" class=\"yoast-schema-graph\">{\"@context\":\"https:\/\/schema.org\",\"@graph\":[{\"@type\":\"Organization\",\"@id\":\"https:\/\/www.bgeo.es\/#organization\",\"name\":\"BGEO\",\"url\":\"https:\/\/www.bgeo.es\/\",\"sameAs\":[\"https:\/\/www.facebook.com\/bgeo.opengis\/\",\"https:\/\/www.instagram.com\/bgeogis\/\",\"https:\/\/www.linkedin.com\/company\/bgeoopengissl\/\",\"https:\/\/twitter.com\/bgeo_opengis\"],\"logo\":{\"@type\":\"ImageObject\",\"@id\":\"https:\/\/www.bgeo.es\/#logo\",\"inLanguage\":\"es\",\"url\":\"https:\/\/www.bgeo.es\/wp-content\/uploads\/2014\/09\/BGEO_LOGO_600px-02-e1414015439640.png\",\"contentUrl\":\"https:\/\/www.bgeo.es\/wp-content\/uploads\/2014\/09\/BGEO_LOGO_600px-02-e1414015439640.png\",\"width\":150,\"height\":78,\"caption\":\"BGEO\"},\"image\":{\"@id\":\"https:\/\/www.bgeo.es\/#logo\"}},{\"@type\":\"WebSite\",\"@id\":\"https:\/\/www.bgeo.es\/#website\",\"url\":\"https:\/\/www.bgeo.es\/\",\"name\":\"BGEO - OPEN GIS &amp; WATER SOLUTIONS\",\"description\":\"Open gis water solutions\",\"publisher\":{\"@id\":\"https:\/\/www.bgeo.es\/#organization\"},\"potentialAction\":[{\"@type\":\"SearchAction\",\"target\":{\"@type\":\"EntryPoint\",\"urlTemplate\":\"https:\/\/www.bgeo.es\/?s={search_term_string}\"},\"query-input\":\"required name=search_term_string\"}],\"inLanguage\":\"es\"},{\"@type\":\"WebPage\",\"@id\":\"https:\/\/www.bgeo.es\/es\/kit-digital-giswater\/webmapping\/#webpage\",\"url\":\"https:\/\/www.bgeo.es\/es\/kit-digital-giswater\/webmapping\/\",\"name\":\"Webmapping - BGEO - OPEN GIS &amp; WATER SOLUTIONS\",\"isPartOf\":{\"@id\":\"https:\/\/www.bgeo.es\/#website\"},\"datePublished\":\"2022-06-29T16:13:58+00:00\",\"dateModified\":\"2023-04-18T11:06:25+00:00\",\"description\":\"Da el salto cualitativo a la hora de gestionar tus activos en sistemas de informaci\\u00f3n geogr\\u00e1fica y webmapping.\",\"breadcrumb\":{\"@id\":\"https:\/\/www.bgeo.es\/es\/kit-digital-giswater\/webmapping\/#breadcrumb\"},\"inLanguage\":\"es\",\"potentialAction\":[{\"@type\":\"ReadAction\",\"target\":[\"https:\/\/www.bgeo.es\/es\/kit-digital-giswater\/webmapping\/\"]}]},{\"@type\":\"BreadcrumbList\",\"@id\":\"https:\/\/www.bgeo.es\/es\/kit-digital-giswater\/webmapping\/#breadcrumb\",\"itemListElement\":[{\"@type\":\"ListItem\",\"position\":1,\"name\":\"Inici\",\"item\":\"https:\/\/www.bgeo.es\/es\/\"},{\"@type\":\"ListItem\",\"position\":2,\"name\":\"Kit Digital Giswater\",\"item\":\"https:\/\/www.bgeo.es\/es\/kit-digital-giswater\/\"},{\"@type\":\"ListItem\",\"position\":3,\"name\":\"Webmapping\"}]}]}<\/script>\n<!-- \/ Yoast SEO plugin. -->","yoast_head_json":{"title":"Webmapping - BGEO - OPEN GIS &amp; WATER SOLUTIONS","description":"Da el salto cualitativo a la hora de gestionar tus activos en sistemas de informaci\u00f3n geogr\u00e1fica y webmapping.","robots":{"index":"index","follow":"follow","max-snippet":"max-snippet:-1","max-image-preview":"max-image-preview:large","max-video-preview":"max-video-preview:-1"},"canonical":"https:\/\/www.bgeo.es\/es\/kit-digital-giswater\/webmapping\/","og_locale":"es_ES","og_type":"article","og_title":"Webmapping - BGEO - OPEN GIS &amp; WATER SOLUTIONS","og_description":"Da el salto cualitativo a la hora de gestionar tus activos en sistemas de informaci\u00f3n geogr\u00e1fica y webmapping.","og_url":"https:\/\/www.bgeo.es\/es\/kit-digital-giswater\/webmapping\/","og_site_name":"BGEO - OPEN GIS &amp; WATER SOLUTIONS","article_publisher":"https:\/\/www.facebook.com\/bgeo.opengis\/","article_modified_time":"2023-04-18T11:06:25+00:00","og_image":[{"width":200,"height":200,"url":"https:\/\/www.bgeo.es\/wp-content\/uploads\/2021\/11\/bgeo-3.png","type":"image\/png"}],"twitter_card":"summary_large_image","twitter_site":"@bgeo_opengis","twitter_misc":{"Tiempo de lectura":"8 minutos"},"schema":{"@context":"https:\/\/schema.org","@graph":[{"@type":"Organization","@id":"https:\/\/www.bgeo.es\/#organization","name":"BGEO","url":"https:\/\/www.bgeo.es\/","sameAs":["https:\/\/www.facebook.com\/bgeo.opengis\/","https:\/\/www.instagram.com\/bgeogis\/","https:\/\/www.linkedin.com\/company\/bgeoopengissl\/","https:\/\/twitter.com\/bgeo_opengis"],"logo":{"@type":"ImageObject","@id":"https:\/\/www.bgeo.es\/#logo","inLanguage":"es","url":"https:\/\/www.bgeo.es\/wp-content\/uploads\/2014\/09\/BGEO_LOGO_600px-02-e1414015439640.png","contentUrl":"https:\/\/www.bgeo.es\/wp-content\/uploads\/2014\/09\/BGEO_LOGO_600px-02-e1414015439640.png","width":150,"height":78,"caption":"BGEO"},"image":{"@id":"https:\/\/www.bgeo.es\/#logo"}},{"@type":"WebSite","@id":"https:\/\/www.bgeo.es\/#website","url":"https:\/\/www.bgeo.es\/","name":"BGEO - OPEN GIS &amp; WATER SOLUTIONS","description":"Open gis water solutions","publisher":{"@id":"https:\/\/www.bgeo.es\/#organization"},"potentialAction":[{"@type":"SearchAction","target":{"@type":"EntryPoint","urlTemplate":"https:\/\/www.bgeo.es\/?s={search_term_string}"},"query-input":"required name=search_term_string"}],"inLanguage":"es"},{"@type":"WebPage","@id":"https:\/\/www.bgeo.es\/es\/kit-digital-giswater\/webmapping\/#webpage","url":"https:\/\/www.bgeo.es\/es\/kit-digital-giswater\/webmapping\/","name":"Webmapping - BGEO - OPEN GIS &amp; WATER SOLUTIONS","isPartOf":{"@id":"https:\/\/www.bgeo.es\/#website"},"datePublished":"2022-06-29T16:13:58+00:00","dateModified":"2023-04-18T11:06:25+00:00","description":"Da el salto cualitativo a la hora de gestionar tus activos en sistemas de informaci\u00f3n geogr\u00e1fica y webmapping.","breadcrumb":{"@id":"https:\/\/www.bgeo.es\/es\/kit-digital-giswater\/webmapping\/#breadcrumb"},"inLanguage":"es","potentialAction":[{"@type":"ReadAction","target":["https:\/\/www.bgeo.es\/es\/kit-digital-giswater\/webmapping\/"]}]},{"@type":"BreadcrumbList","@id":"https:\/\/www.bgeo.es\/es\/kit-digital-giswater\/webmapping\/#breadcrumb","itemListElement":[{"@type":"ListItem","position":1,"name":"Inici","item":"https:\/\/www.bgeo.es\/es\/"},{"@type":"ListItem","position":2,"name":"Kit Digital Giswater","item":"https:\/\/www.bgeo.es\/es\/kit-digital-giswater\/"},{"@type":"ListItem","position":3,"name":"Webmapping"}]}]}},"_links":{"self":[{"href":"https:\/\/www.bgeo.es\/es\/wp-json\/wp\/v2\/pages\/7393"}],"collection":[{"href":"https:\/\/www.bgeo.es\/es\/wp-json\/wp\/v2\/pages"}],"about":[{"href":"https:\/\/www.bgeo.es\/es\/wp-json\/wp\/v2\/types\/page"}],"author":[{"embeddable":true,"href":"https:\/\/www.bgeo.es\/es\/wp-json\/wp\/v2\/users\/6"}],"replies":[{"embeddable":true,"href":"https:\/\/www.bgeo.es\/es\/wp-json\/wp\/v2\/comments?post=7393"}],"version-history":[{"count":9,"href":"https:\/\/www.bgeo.es\/es\/wp-json\/wp\/v2\/pages\/7393\/revisions"}],"predecessor-version":[{"id":7498,"href":"https:\/\/www.bgeo.es\/es\/wp-json\/wp\/v2\/pages\/7393\/revisions\/7498"}],"up":[{"embeddable":true,"href":"https:\/\/www.bgeo.es\/es\/wp-json\/wp\/v2\/pages\/7239"}],"wp:attachment":[{"href":"https:\/\/www.bgeo.es\/es\/wp-json\/wp\/v2\/media?parent=7393"}],"curies":[{"name":"wp","href":"https:\/\/api.w.org\/{rel}","templated":true}]}}