{"id":3706,"date":"2019-10-17T10:38:40","date_gmt":"2019-10-17T10:38:40","guid":{"rendered":"https:\/\/www.bgeo.es\/avis-legal\/"},"modified":"2025-03-28T13:02:03","modified_gmt":"2025-03-28T13:02:03","slug":"aviso-legal","status":"publish","type":"page","link":"https:\/\/www.bgeo.es\/es\/aviso-legal\/","title":{"rendered":"Aviso legal"},"content":{"rendered":"<p><strong>DATOS IDENTIFICATIVOS<\/strong><br \/>\nEn cumplimiento con el deber de informaci\u00f3n recogido en art\u00edculo 10 de la Ley 34\/2002, de 11 de julio, de Servicios de la Sociedad de la Informaci\u00f3n y del Comercio Electr\u00f3nico, a continuaci\u00f3n se reflejan los siguientes datos: la empresa titular de esta web es BGEO OPEN GIS, SLU, en adelante EL TITULAR con domicilio en 08402-Granollers (Barcelona), C\/ Pinos, 1 Planta 1\u00aa, y con n\u00famero de C.I.F B63505457, debidamente inscrita en el correspondiente Registro Mercantil.<\/p>\n<p><strong>I &#8211; USUARIOS:<\/strong><br \/>\nEl acceso y\/o uso de \u00e9ste sitio web atribuye a quien lo realiza la condici\u00f3n de usuario, aceptando desde este mismo momento, plenamente y sin ning\u00fan tipo de reserva, las presentes condiciones generales, as\u00ed como las condiciones particulares que, si cabe, complementen, modifiquen o substituyan las condiciones generales en relaci\u00f3n con determinados servicios y contenidos del sitio web.<\/p>\n<p><strong>II &#8211; USO DEL SITIO WEB, MIS SERVICIOS Y CONTENIDOS:<\/strong><br \/>\nEl usuario se compromete a utilizar este sitio web y sus servicios y contenidos sin contradecir la legislaci\u00f3n vigente, la buena fe, los usos generalmente aceptados y el orden p\u00fablico. As\u00ed mismo, queda prohibido, el uso del Web con finalidades il\u00edcitas o lesivas contra BGEO OPEN GIS, SLU o cualquier tercero; o que, de cualquier forma, puedan causar perjuicio o impedir el normal funcionamiento del sitio web.<br \/>\nRespeto de los contenidos (informaciones, textos, gr\u00e1ficos, archivos de sonido y\/o de imagen, fotograf\u00edas, dise\u00f1os, etc.), se proh\u00edbe:<br \/>\n&#8211; Su reproducci\u00f3n, distribuci\u00f3n o modificaci\u00f3n, salvo que se tenga autorizaci\u00f3n de sus leg\u00edtimos titulares o resulte legalmente permitido.<\/p>\n<p><strong>III &#8211; MODIFICACI\u00d3N UNILATERAL:<\/strong><br \/>\nBGEO OPEN GIS, SLU podr\u00e1 modificar unilateralmente y sin previo aviso, siempre que lo considere oportuno, la estructura y dise\u00f1o del sitio Web, as\u00ed como modificar o eliminar los servicios, contenidos y condiciones de acceso y\/o uso del sitio Web.<\/p>\n<p><strong>IV &#8211; HIPERENLACES:<\/strong><br \/>\nEl establecimiento de cualquier &#8216;hiperenlace&#8217; entre una p\u00e1gina web y cualquiera de las p\u00e1ginas web del sitio Web de BGEO OPEN GIS, SLU estar\u00e1 sometido a las siguientes condiciones:<br \/>\n&#8211; No se permite la reproducci\u00f3n ni total ni parcial de ninguno de los servicios ni contenidos del sitio Web de BGEO OPEN GIS, SLU.<br \/>\n&#8211; Cualquier vulneraci\u00f3n de los derechos de BGEO OPEN GIS, SLU o de sus leg\u00edtimos titulares sobre los mismos.<br \/>\n&#8211; La p\u00e1gina web de la cual se establezca el hiperenlace no contendr\u00e1 ninguna marca, nombre comercial, letrero de establecimiento, denominaci\u00f3n, logotipo, eslogan u otros signos distintivos perteneciente a BGEO OPEN GIS, SLU.<br \/>\n&#8211; Bajo ninguna circunstancia, BGEO OPEN GIS, SLU ser\u00e1 responsable de los contenidos o servicios puestos a disposici\u00f3n del p\u00fablico en la p\u00e1gina web desde la cual se realice el &#8216;hiperenlace&#8217;, ni de las informaciones y manifestaciones incluidas en las mismas.<\/p>\n<p><strong>V &#8211; EXCLUSI\u00d3N DE GARANT\u00cdAS Y RESPONSABILIDADES:<\/strong><br \/>\nBGEO OPEN GIS, SLU no otorga ninguna garant\u00eda ni se hace responsable, en ning\u00fan caso, de los da\u00f1os y perjuicios de cualquier naturaleza que pudiesen ser causa de:<br \/>\n&#8211; La manca de disponibilidad, mantenimiento y efectivo funcionamiento del Web y\/o de sus servicios o contenidos.<br \/>\n&#8211; La falta de utilidad, adecuaci\u00f3n o validez del sitio Web y\/o de sus servicios o contenidos para satisfacer necesidades, actividades o resultados concretos o expectativas de los usuarios.<br \/>\n&#8211; La existencia de virus, programas maliciosos o lesivos en los contenidos.<br \/>\n&#8211; La recepci\u00f3n, obtenci\u00f3n, almacenamiento, difusi\u00f3n o transmisi\u00f3n, por parte de los usuarios, de los contenidos.<br \/>\n&#8211; El uso il\u00edcito, negligente, fraudulento, contrario a las presentes Condiciones Generales, a la buena fe, a los usos generalmente aceptados o al orden p\u00fablico, del sitio Web, de sus servicios o contenidos, por parte de los usuarios.<br \/>\n&#8211; La falta de licitud, calidad, fiabilidad, utilidad y disponibilidad de los servicios presentados por terceros y sitios que est\u00e9n a la disposici\u00f3n de los usuarios en el sitio web.<br \/>\n&#8211; El incumplimiento por parte de terceros de sus respectivas obligaciones o compromisos en relaci\u00f3n con los servicios prestados a los usuarios a trav\u00e9s del sitio Web.<\/p>\n<p><strong>VI &#8211; DURACI\u00d3N:<\/strong><br \/>\nLa duraci\u00f3n de la prestaci\u00f3n del servicio del sitio Web y de los servicios que se presten es de car\u00e1cter indefinido. Sin perjuicio del anterior, BGEO OPEN GIS, SLU se reserva el derecho de interrumpir, suspender o acabar la prestaci\u00f3n del servicio del Web o de cualquiera de los servicios que lo integren, en los mismos t\u00e9rminos que se recogen en la condici\u00f3n tercera.<\/p>\n<p><strong>VII &#8211; PROPIEDAD INTELECTUAL:<\/strong><br \/>\nAl efecto de preservar los posibles derechos de propiedad intelectual, en el caso de cualquier usuario o un tercero considere que ha producido una violaci\u00f3n de sus leg\u00edtimos derechos para la introducci\u00f3n de un determinado contenido en el Web, tendr\u00e1 que notificar esta circunstancia a BGEO OPEN GIS, SLU indicando:<br \/>\n&#8211; Datos personales del interesado titular de los derechos presuntamente infringidos. Si la reclamaci\u00f3n la presenta un tercer distinto del interesado, deber\u00e1 indicar la representaci\u00f3n con la cual act\u00faa.<br \/>\n&#8211; Indicaci\u00f3n de los contenidos protegidos por los derechos de propiedad intelectual y su ubicaci\u00f3n en el Web.<br \/>\n&#8211; Acreditaci\u00f3n de los citados derechos de propiedad intelectual.<br \/>\n&#8211; Declaraci\u00f3n expresa en la cual el interesado se responsabiliza de la veracidad de las informaciones facilitadas en la notificaci\u00f3n.<br \/>\nLa marca BGEO OPEN GIS, SLU y las correspondientes marcas gr\u00e1ficas son todas ellas marcas registradas y queda prohibida su reproducci\u00f3n o uso sin la autorizaci\u00f3n de su titular. La legitimidad de los derechos de propiedad intelectual o industrial correspondientes a los contenidos aportados por terceros es de la exclusiva responsabilidad de los mismos.<\/p>\n<p><strong>VIII &#8211; LEGISLACI\u00d3N APLICABLE Y JURISDICCI\u00d3N:<\/strong><br \/>\nLas presentes Condiciones Generales se regir\u00e1n por la legislaci\u00f3n espa\u00f1ola y europea vigentes.<br \/>\nBGEO OPEN GIS, SLU y el usuario, con renuncia expresa a cualquier otro acto que pudiese corresponderle, se someten a la Jurisdicci\u00f3n de los Juzgados y Tribunales del domicilio del usuario para cuantas cuestiones pudiesen suscitarse o acciones ejercitarse derivadas de la prestaci\u00f3n del servicio del Web y de sus servicios y contenidos y sobre la interpretaci\u00f3n, aplicaci\u00f3n, cumplimiento o incumplimiento de todo eso que aqu\u00ed se establece. En el caso que el Usuario tenga su domicilio fuera de Espa\u00f1a, BGEO OPEN GIS, SLU y el Usuario, con renuncia expresa a cualquier otro acto que pudiese corresponderle, se someten a la Jurisdicci\u00f3n de los Juzgados y Tribunales de Granollers (Barcelona).<\/p>\n","protected":false},"excerpt":{"rendered":"<p>DATOS IDENTIFICATIVOS En cumplimiento con el deber de informaci\u00f3n recogido en art\u00edculo 10 de la Ley 34\/2002, de 11 de julio, de Servicios de la Sociedad de la Informaci\u00f3n y del Comercio Electr\u00f3nico, a continuaci\u00f3n se reflejan los siguientes datos: la empresa titular de esta web es BGEO OPEN GIS, SLU, en adelante EL TITULAR [&hellip;]<\/p>\n","protected":false},"author":1,"featured_media":0,"parent":0,"menu_order":0,"comment_status":"closed","ping_status":"closed","template":"","meta":{"_et_pb_use_builder":"","_et_pb_old_content":"","_et_gb_content_width":""},"yoast_head":"<!-- This site is optimized with the Yoast SEO plugin v17.6 - https:\/\/yoast.com\/wordpress\/plugins\/seo\/ -->\n<title>Aviso legal - BGEO - OPEN GIS &amp; WATER SOLUTIONS<\/title>\n<meta name=\"robots\" content=\"index, follow, max-snippet:-1, max-image-preview:large, max-video-preview:-1\" \/>\n<link rel=\"canonical\" href=\"https:\/\/www.bgeo.es\/es\/aviso-legal\/\" \/>\n<meta property=\"og:locale\" content=\"es_ES\" \/>\n<meta property=\"og:type\" content=\"article\" \/>\n<meta property=\"og:title\" content=\"Aviso legal - BGEO - OPEN GIS &amp; WATER SOLUTIONS\" \/>\n<meta property=\"og:description\" content=\"DATOS IDENTIFICATIVOS En cumplimiento con el deber de informaci\u00f3n recogido en art\u00edculo 10 de la Ley 34\/2002, de 11 de julio, de Servicios de la Sociedad de la Informaci\u00f3n y del Comercio Electr\u00f3nico, a continuaci\u00f3n se reflejan los siguientes datos: la empresa titular de esta web es BGEO OPEN GIS, SLU, en adelante EL TITULAR [&hellip;]\" \/>\n<meta property=\"og:url\" content=\"https:\/\/www.bgeo.es\/es\/aviso-legal\/\" \/>\n<meta property=\"og:site_name\" content=\"BGEO - OPEN GIS &amp; WATER SOLUTIONS\" \/>\n<meta property=\"article:publisher\" content=\"https:\/\/www.facebook.com\/bgeo.opengis\/\" \/>\n<meta property=\"article:modified_time\" content=\"2025-03-28T13:02:03+00:00\" \/>\n<meta property=\"og:image\" content=\"https:\/\/www.bgeo.es\/wp-content\/uploads\/2021\/11\/bgeo-3.png\" \/>\n\t<meta property=\"og:image:width\" content=\"200\" \/>\n\t<meta property=\"og:image:height\" content=\"200\" \/>\n<meta name=\"twitter:card\" content=\"summary_large_image\" \/>\n<meta name=\"twitter:site\" content=\"@bgeo_opengis\" \/>\n<meta name=\"twitter:label1\" content=\"Tiempo de lectura\" \/>\n\t<meta name=\"twitter:data1\" content=\"6 minutos\" \/>\n<script type=\"application\/ld+json\" class=\"yoast-schema-graph\">{\"@context\":\"https:\/\/schema.org\",\"@graph\":[{\"@type\":\"Organization\",\"@id\":\"https:\/\/www.bgeo.es\/#organization\",\"name\":\"BGEO\",\"url\":\"https:\/\/www.bgeo.es\/\",\"sameAs\":[\"https:\/\/www.facebook.com\/bgeo.opengis\/\",\"https:\/\/www.instagram.com\/bgeogis\/\",\"https:\/\/www.linkedin.com\/company\/bgeoopengissl\/\",\"https:\/\/twitter.com\/bgeo_opengis\"],\"logo\":{\"@type\":\"ImageObject\",\"@id\":\"https:\/\/www.bgeo.es\/#logo\",\"inLanguage\":\"es\",\"url\":\"https:\/\/www.bgeo.es\/wp-content\/uploads\/2014\/09\/BGEO_LOGO_600px-02-e1414015439640.png\",\"contentUrl\":\"https:\/\/www.bgeo.es\/wp-content\/uploads\/2014\/09\/BGEO_LOGO_600px-02-e1414015439640.png\",\"width\":150,\"height\":78,\"caption\":\"BGEO\"},\"image\":{\"@id\":\"https:\/\/www.bgeo.es\/#logo\"}},{\"@type\":\"WebSite\",\"@id\":\"https:\/\/www.bgeo.es\/#website\",\"url\":\"https:\/\/www.bgeo.es\/\",\"name\":\"BGEO - OPEN GIS &amp; WATER SOLUTIONS\",\"description\":\"Open gis water solutions\",\"publisher\":{\"@id\":\"https:\/\/www.bgeo.es\/#organization\"},\"potentialAction\":[{\"@type\":\"SearchAction\",\"target\":{\"@type\":\"EntryPoint\",\"urlTemplate\":\"https:\/\/www.bgeo.es\/?s={search_term_string}\"},\"query-input\":\"required name=search_term_string\"}],\"inLanguage\":\"es\"},{\"@type\":\"WebPage\",\"@id\":\"https:\/\/www.bgeo.es\/es\/aviso-legal\/#webpage\",\"url\":\"https:\/\/www.bgeo.es\/es\/aviso-legal\/\",\"name\":\"Aviso legal - BGEO - OPEN GIS &amp; WATER SOLUTIONS\",\"isPartOf\":{\"@id\":\"https:\/\/www.bgeo.es\/#website\"},\"datePublished\":\"2019-10-17T10:38:40+00:00\",\"dateModified\":\"2025-03-28T13:02:03+00:00\",\"breadcrumb\":{\"@id\":\"https:\/\/www.bgeo.es\/es\/aviso-legal\/#breadcrumb\"},\"inLanguage\":\"es\",\"potentialAction\":[{\"@type\":\"ReadAction\",\"target\":[\"https:\/\/www.bgeo.es\/es\/aviso-legal\/\"]}]},{\"@type\":\"BreadcrumbList\",\"@id\":\"https:\/\/www.bgeo.es\/es\/aviso-legal\/#breadcrumb\",\"itemListElement\":[{\"@type\":\"ListItem\",\"position\":1,\"name\":\"Inici\",\"item\":\"https:\/\/www.bgeo.es\/es\/\"},{\"@type\":\"ListItem\",\"position\":2,\"name\":\"Aviso legal\"}]}]}<\/script>\n<!-- \/ Yoast SEO plugin. -->","yoast_head_json":{"title":"Aviso legal - BGEO - OPEN GIS &amp; WATER SOLUTIONS","robots":{"index":"index","follow":"follow","max-snippet":"max-snippet:-1","max-image-preview":"max-image-preview:large","max-video-preview":"max-video-preview:-1"},"canonical":"https:\/\/www.bgeo.es\/es\/aviso-legal\/","og_locale":"es_ES","og_type":"article","og_title":"Aviso legal - BGEO - OPEN GIS &amp; WATER SOLUTIONS","og_description":"DATOS IDENTIFICATIVOS En cumplimiento con el deber de informaci\u00f3n recogido en art\u00edculo 10 de la Ley 34\/2002, de 11 de julio, de Servicios de la Sociedad de la Informaci\u00f3n y del Comercio Electr\u00f3nico, a continuaci\u00f3n se reflejan los siguientes datos: la empresa titular de esta web es BGEO OPEN GIS, SLU, en adelante EL TITULAR [&hellip;]","og_url":"https:\/\/www.bgeo.es\/es\/aviso-legal\/","og_site_name":"BGEO - OPEN GIS &amp; WATER SOLUTIONS","article_publisher":"https:\/\/www.facebook.com\/bgeo.opengis\/","article_modified_time":"2025-03-28T13:02:03+00:00","og_image":[{"width":200,"height":200,"url":"https:\/\/www.bgeo.es\/wp-content\/uploads\/2021\/11\/bgeo-3.png","type":"image\/png"}],"twitter_card":"summary_large_image","twitter_site":"@bgeo_opengis","twitter_misc":{"Tiempo de lectura":"6 minutos"},"schema":{"@context":"https:\/\/schema.org","@graph":[{"@type":"Organization","@id":"https:\/\/www.bgeo.es\/#organization","name":"BGEO","url":"https:\/\/www.bgeo.es\/","sameAs":["https:\/\/www.facebook.com\/bgeo.opengis\/","https:\/\/www.instagram.com\/bgeogis\/","https:\/\/www.linkedin.com\/company\/bgeoopengissl\/","https:\/\/twitter.com\/bgeo_opengis"],"logo":{"@type":"ImageObject","@id":"https:\/\/www.bgeo.es\/#logo","inLanguage":"es","url":"https:\/\/www.bgeo.es\/wp-content\/uploads\/2014\/09\/BGEO_LOGO_600px-02-e1414015439640.png","contentUrl":"https:\/\/www.bgeo.es\/wp-content\/uploads\/2014\/09\/BGEO_LOGO_600px-02-e1414015439640.png","width":150,"height":78,"caption":"BGEO"},"image":{"@id":"https:\/\/www.bgeo.es\/#logo"}},{"@type":"WebSite","@id":"https:\/\/www.bgeo.es\/#website","url":"https:\/\/www.bgeo.es\/","name":"BGEO - OPEN GIS &amp; WATER SOLUTIONS","description":"Open gis water solutions","publisher":{"@id":"https:\/\/www.bgeo.es\/#organization"},"potentialAction":[{"@type":"SearchAction","target":{"@type":"EntryPoint","urlTemplate":"https:\/\/www.bgeo.es\/?s={search_term_string}"},"query-input":"required name=search_term_string"}],"inLanguage":"es"},{"@type":"WebPage","@id":"https:\/\/www.bgeo.es\/es\/aviso-legal\/#webpage","url":"https:\/\/www.bgeo.es\/es\/aviso-legal\/","name":"Aviso legal - BGEO - OPEN GIS &amp; WATER SOLUTIONS","isPartOf":{"@id":"https:\/\/www.bgeo.es\/#website"},"datePublished":"2019-10-17T10:38:40+00:00","dateModified":"2025-03-28T13:02:03+00:00","breadcrumb":{"@id":"https:\/\/www.bgeo.es\/es\/aviso-legal\/#breadcrumb"},"inLanguage":"es","potentialAction":[{"@type":"ReadAction","target":["https:\/\/www.bgeo.es\/es\/aviso-legal\/"]}]},{"@type":"BreadcrumbList","@id":"https:\/\/www.bgeo.es\/es\/aviso-legal\/#breadcrumb","itemListElement":[{"@type":"ListItem","position":1,"name":"Inici","item":"https:\/\/www.bgeo.es\/es\/"},{"@type":"ListItem","position":2,"name":"Aviso legal"}]}]}},"_links":{"self":[{"href":"https:\/\/www.bgeo.es\/es\/wp-json\/wp\/v2\/pages\/3706"}],"collection":[{"href":"https:\/\/www.bgeo.es\/es\/wp-json\/wp\/v2\/pages"}],"about":[{"href":"https:\/\/www.bgeo.es\/es\/wp-json\/wp\/v2\/types\/page"}],"author":[{"embeddable":true,"href":"https:\/\/www.bgeo.es\/es\/wp-json\/wp\/v2\/users\/1"}],"replies":[{"embeddable":true,"href":"https:\/\/www.bgeo.es\/es\/wp-json\/wp\/v2\/comments?post=3706"}],"version-history":[{"count":3,"href":"https:\/\/www.bgeo.es\/es\/wp-json\/wp\/v2\/pages\/3706\/revisions"}],"predecessor-version":[{"id":8255,"href":"https:\/\/www.bgeo.es\/es\/wp-json\/wp\/v2\/pages\/3706\/revisions\/8255"}],"wp:attachment":[{"href":"https:\/\/www.bgeo.es\/es\/wp-json\/wp\/v2\/media?parent=3706"}],"curies":[{"name":"wp","href":"https:\/\/api.w.org\/{rel}","templated":true}]}}