{"id":1211,"date":"2014-09-25T17:41:39","date_gmt":"2014-09-25T17:41:39","guid":{"rendered":"https:\/\/www.bgeo.es\/?page_id=1211"},"modified":"2021-12-03T08:25:32","modified_gmt":"2021-12-03T08:25:32","slug":"contacto","status":"publish","type":"page","link":"https:\/\/www.bgeo.es\/es\/contacto\/","title":{"rendered":"Contacto"},"content":{"rendered":"<p>[et_pb_section fb_built=\u00bb1&#8243; fullwidth=\u00bbon\u00bb _builder_version=\u00bb3.22&#8243; global_colors_info=\u00bb{}\u00bb][et_pb_fullwidth_header title=\u00bbContacto\u00bb text_orientation=\u00bbcenter\u00bb _builder_version=\u00bb4.9.0&#8243; title_font=\u00bb|700||on|||||\u00bb title_text_align=\u00bbcenter\u00bb title_text_color=\u00bb#FFFFFF\u00bb title_font_size=\u00bb45px\u00bb title_letter_spacing=\u00bb5px\u00bb background_color=\u00bbrgba(255, 255, 255, 0)\u00bb background_image=\u00bbhttps:\/\/www.bgeo.es\/wp-content\/uploads\/2021\/02\/hero-cont.jpg\u00bb background_layout=\u00bblight\u00bb custom_padding=\u00bb100px||100px|\u00bb global_colors_info=\u00bb{%22gcid-d8eaa081-4be0-4518-bf91-03c8b6e95d5a%22:%91%93}\u00bb button_one_text_size__hover_enabled=\u00bboff\u00bb button_two_text_size__hover_enabled=\u00bboff\u00bb button_one_text_color__hover_enabled=\u00bboff\u00bb button_two_text_color__hover_enabled=\u00bboff\u00bb button_one_border_width__hover_enabled=\u00bboff\u00bb button_two_border_width__hover_enabled=\u00bboff\u00bb button_one_border_color__hover_enabled=\u00bboff\u00bb button_two_border_color__hover_enabled=\u00bboff\u00bb button_one_border_radius__hover_enabled=\u00bboff\u00bb button_two_border_radius__hover_enabled=\u00bboff\u00bb button_one_letter_spacing__hover_enabled=\u00bboff\u00bb button_two_letter_spacing__hover_enabled=\u00bboff\u00bb button_one_bg_color__hover_enabled=\u00bboff\u00bb button_two_bg_color__hover_enabled=\u00bboff\u00bb][\/et_pb_fullwidth_header][\/et_pb_section][et_pb_section fb_built=\u00bb1&#8243; specialty=\u00bbon\u00bb _builder_version=\u00bb3.22&#8243; global_colors_info=\u00bb{}\u00bb][et_pb_column type=\u00bb1_2&#8243; specialty_columns=\u00bb2&#8243; _builder_version=\u00bb3.25&#8243; custom_padding=\u00bb|||\u00bb global_colors_info=\u00bb{}\u00bb custom_padding__hover=\u00bb|||\u00bb][et_pb_row_inner _builder_version=\u00bb4.9.0&#8243; _module_preset=\u00bbdefault\u00bb global_colors_info=\u00bb{}\u00bb][et_pb_column_inner saved_specialty_column_type=\u00bb1_2&#8243; _builder_version=\u00bb4.9.0&#8243; _module_preset=\u00bbdefault\u00bb global_colors_info=\u00bb{}\u00bb][et_pb_text _builder_version=\u00bb4.9.0&#8243; header_3_font=\u00bb|600|||||||\u00bb custom_padding=\u00bb||0px|\u00bb global_colors_info=\u00bb{}\u00bb]<\/p>\n<h3>Contacta con BGEO<\/h3>\n<p>Ponte en contacto con nosotros y concertaremos una visita con el \u00fanico compromiso de resolver cualquier duda, y mostrarte una herramienta 100% open source que te permitir\u00e1 ser m\u00e1s \u00e1gil, eficiente, productivo y transparente.<\/p>\n<p>[\/et_pb_text][\/et_pb_column_inner][\/et_pb_row_inner][et_pb_row_inner admin_label=\u00bbRow\u00bb _builder_version=\u00bb4.9.0&#8243; global_colors_info=\u00bb{}\u00bb][et_pb_column_inner saved_specialty_column_type=\u00bb1_2&#8243; _builder_version=\u00bb3.25&#8243; custom_padding=\u00bb|||\u00bb global_colors_info=\u00bb{}\u00bb custom_padding__hover=\u00bb|||\u00bb][et_pb_contact_form use_spam_service=\u00bbon\u00bb recaptcha_list=\u00bbrecaptcha bgeo|recaptcha bgeo-0&#8243; email=\u00bbinfo@bgeo.es\u00bb submit_button_text=\u00bbEnviar\u00bb _builder_version=\u00bb4.13.1&#8243; _unique_id=\u00bbc4c8228c-72ae-4f50-805d-839496576319&#8243; custom_css_contact_button=\u00bbpadding:14px 25px!important;\u00bb global_colors_info=\u00bb{}\u00bb button_bg_color_hover=\u00bb#000000&#8243;][et_pb_contact_field field_id=\u00bbFName\u00bb field_title=\u00bbNombre\u00bb fullwidth_field=\u00bbon\u00bb _builder_version=\u00bb4.9.0&#8243; global_colors_info=\u00bb{}\u00bb button_text_size__hover_enabled=\u00bboff\u00bb button_one_text_size__hover_enabled=\u00bboff\u00bb button_two_text_size__hover_enabled=\u00bboff\u00bb button_text_color__hover_enabled=\u00bboff\u00bb button_one_text_color__hover_enabled=\u00bboff\u00bb button_two_text_color__hover_enabled=\u00bboff\u00bb button_border_width__hover_enabled=\u00bboff\u00bb button_one_border_width__hover_enabled=\u00bboff\u00bb button_two_border_width__hover_enabled=\u00bboff\u00bb button_border_color__hover_enabled=\u00bboff\u00bb button_one_border_color__hover_enabled=\u00bboff\u00bb button_two_border_color__hover_enabled=\u00bboff\u00bb button_border_radius__hover_enabled=\u00bboff\u00bb button_one_border_radius__hover_enabled=\u00bboff\u00bb button_two_border_radius__hover_enabled=\u00bboff\u00bb button_letter_spacing__hover_enabled=\u00bboff\u00bb button_one_letter_spacing__hover_enabled=\u00bboff\u00bb button_two_letter_spacing__hover_enabled=\u00bboff\u00bb button_bg_color__hover_enabled=\u00bboff\u00bb button_one_bg_color__hover_enabled=\u00bboff\u00bb button_two_bg_color__hover_enabled=\u00bboff\u00bb][\/et_pb_contact_field][et_pb_contact_field field_id=\u00bbLName\u00bb field_title=\u00bbApellidos\u00bb fullwidth_field=\u00bbon\u00bb _builder_version=\u00bb4.9.0&#8243; global_colors_info=\u00bb{}\u00bb button_text_size__hover_enabled=\u00bboff\u00bb button_one_text_size__hover_enabled=\u00bboff\u00bb button_two_text_size__hover_enabled=\u00bboff\u00bb button_text_color__hover_enabled=\u00bboff\u00bb button_one_text_color__hover_enabled=\u00bboff\u00bb button_two_text_color__hover_enabled=\u00bboff\u00bb button_border_width__hover_enabled=\u00bboff\u00bb button_one_border_width__hover_enabled=\u00bboff\u00bb button_two_border_width__hover_enabled=\u00bboff\u00bb button_border_color__hover_enabled=\u00bboff\u00bb button_one_border_color__hover_enabled=\u00bboff\u00bb button_two_border_color__hover_enabled=\u00bboff\u00bb button_border_radius__hover_enabled=\u00bboff\u00bb button_one_border_radius__hover_enabled=\u00bboff\u00bb button_two_border_radius__hover_enabled=\u00bboff\u00bb button_letter_spacing__hover_enabled=\u00bboff\u00bb button_one_letter_spacing__hover_enabled=\u00bboff\u00bb button_two_letter_spacing__hover_enabled=\u00bboff\u00bb button_bg_color__hover_enabled=\u00bboff\u00bb button_one_bg_color__hover_enabled=\u00bboff\u00bb button_two_bg_color__hover_enabled=\u00bboff\u00bb][\/et_pb_contact_field][et_pb_contact_field field_id=\u00bbEmail\u00bb field_title=\u00bbCorreo electr\u00f3nico\u00bb field_type=\u00bbemail\u00bb fullwidth_field=\u00bbon\u00bb _builder_version=\u00bb4.9.0&#8243; global_colors_info=\u00bb{}\u00bb button_text_size__hover_enabled=\u00bboff\u00bb button_one_text_size__hover_enabled=\u00bboff\u00bb button_two_text_size__hover_enabled=\u00bboff\u00bb button_text_color__hover_enabled=\u00bboff\u00bb button_one_text_color__hover_enabled=\u00bboff\u00bb button_two_text_color__hover_enabled=\u00bboff\u00bb button_border_width__hover_enabled=\u00bboff\u00bb button_one_border_width__hover_enabled=\u00bboff\u00bb button_two_border_width__hover_enabled=\u00bboff\u00bb button_border_color__hover_enabled=\u00bboff\u00bb button_one_border_color__hover_enabled=\u00bboff\u00bb button_two_border_color__hover_enabled=\u00bboff\u00bb button_border_radius__hover_enabled=\u00bboff\u00bb button_one_border_radius__hover_enabled=\u00bboff\u00bb button_two_border_radius__hover_enabled=\u00bboff\u00bb button_letter_spacing__hover_enabled=\u00bboff\u00bb button_one_letter_spacing__hover_enabled=\u00bboff\u00bb button_two_letter_spacing__hover_enabled=\u00bboff\u00bb button_bg_color__hover_enabled=\u00bboff\u00bb button_one_bg_color__hover_enabled=\u00bboff\u00bb button_two_bg_color__hover_enabled=\u00bboff\u00bb][\/et_pb_contact_field][et_pb_contact_field field_id=\u00bbPhone\u00bb field_title=\u00bbTel\u00e9fono\u00bb fullwidth_field=\u00bbon\u00bb _builder_version=\u00bb4.9.0&#8243; global_colors_info=\u00bb{}\u00bb button_text_size__hover_enabled=\u00bboff\u00bb button_one_text_size__hover_enabled=\u00bboff\u00bb button_two_text_size__hover_enabled=\u00bboff\u00bb button_text_color__hover_enabled=\u00bboff\u00bb button_one_text_color__hover_enabled=\u00bboff\u00bb button_two_text_color__hover_enabled=\u00bboff\u00bb button_border_width__hover_enabled=\u00bboff\u00bb button_one_border_width__hover_enabled=\u00bboff\u00bb button_two_border_width__hover_enabled=\u00bboff\u00bb button_border_color__hover_enabled=\u00bboff\u00bb button_one_border_color__hover_enabled=\u00bboff\u00bb button_two_border_color__hover_enabled=\u00bboff\u00bb button_border_radius__hover_enabled=\u00bboff\u00bb button_one_border_radius__hover_enabled=\u00bboff\u00bb button_two_border_radius__hover_enabled=\u00bboff\u00bb button_letter_spacing__hover_enabled=\u00bboff\u00bb button_one_letter_spacing__hover_enabled=\u00bboff\u00bb button_two_letter_spacing__hover_enabled=\u00bboff\u00bb button_bg_color__hover_enabled=\u00bboff\u00bb button_one_bg_color__hover_enabled=\u00bboff\u00bb button_two_bg_color__hover_enabled=\u00bboff\u00bb][\/et_pb_contact_field][et_pb_contact_field field_id=\u00bbMessage\u00bb field_title=\u00bbMensaje\u00bb field_type=\u00bbtext\u00bb fullwidth_field=\u00bbon\u00bb _builder_version=\u00bb4.9.0&#8243; global_colors_info=\u00bb{}\u00bb button_text_size__hover_enabled=\u00bboff\u00bb button_one_text_size__hover_enabled=\u00bboff\u00bb button_two_text_size__hover_enabled=\u00bboff\u00bb button_text_color__hover_enabled=\u00bboff\u00bb button_one_text_color__hover_enabled=\u00bboff\u00bb button_two_text_color__hover_enabled=\u00bboff\u00bb button_border_width__hover_enabled=\u00bboff\u00bb button_one_border_width__hover_enabled=\u00bboff\u00bb button_two_border_width__hover_enabled=\u00bboff\u00bb button_border_color__hover_enabled=\u00bboff\u00bb button_one_border_color__hover_enabled=\u00bboff\u00bb button_two_border_color__hover_enabled=\u00bboff\u00bb button_border_radius__hover_enabled=\u00bboff\u00bb button_one_border_radius__hover_enabled=\u00bboff\u00bb button_two_border_radius__hover_enabled=\u00bboff\u00bb button_letter_spacing__hover_enabled=\u00bboff\u00bb button_one_letter_spacing__hover_enabled=\u00bboff\u00bb button_two_letter_spacing__hover_enabled=\u00bboff\u00bb button_bg_color__hover_enabled=\u00bboff\u00bb button_one_bg_color__hover_enabled=\u00bboff\u00bb button_two_bg_color__hover_enabled=\u00bboff\u00bb][\/et_pb_contact_field][\/et_pb_contact_form][\/et_pb_column_inner][\/et_pb_row_inner][\/et_pb_column][et_pb_column type=\u00bb1_2&#8243; _builder_version=\u00bb3.25&#8243; custom_padding=\u00bb|||\u00bb global_colors_info=\u00bb{}\u00bb custom_padding__hover=\u00bb|||\u00bb][et_pb_code _builder_version=\u00bb4.9.0&#8243; _module_preset=\u00bbdefault\u00bb global_colors_info=\u00bb{}\u00bb]<iframe src=\"https:\/\/www.google.com\/maps\/embed?pb=!1m14!1m8!1m3!1d88809.31812842777!2d2.291083!3d41.610389!3m2!1i1024!2i768!4f13.1!3m3!1m2!1s0x0%3A0xab01ce51daf07b73!2sBGEO%20OPEN%20GIS%2C%20SL!5e1!3m2!1sca!2sus!4v1615975363017!5m2!1sca!2sus\" width=\"100%\" height=\"600\" style=\"border:0;\" allowfullscreen=\"\" loading=\"lazy\"><\/iframe>[\/et_pb_code][\/et_pb_column][\/et_pb_section]<\/p>\n","protected":false},"excerpt":{"rendered":"<p>Contacta con BGEO Ponte en contacto con nosotros y concertaremos una visita con el \u00fanico compromiso de resolver cualquier duda, y mostrarte una herramienta 100% open source que te permitir\u00e1 ser m\u00e1s \u00e1gil, eficiente, productivo y transparente.<\/p>\n","protected":false},"author":1,"featured_media":6480,"parent":0,"menu_order":0,"comment_status":"open","ping_status":"closed","template":"","meta":{"_et_pb_use_builder":"on","_et_pb_old_content":"<div class=\"mapouter\">\r\n<pre class=\"gmap_canvas\"><iframe id=\"gmap_canvas\" src=\"https:\/\/maps.google.com\/maps?q=BGEO%20&t=k&z=13&ie=UTF8&iwloc=&output=embed\" width=\"100%\" height=\"500\" frameborder=\"0\" marginwidth=\"0\" marginheight=\"0\" scrolling=\"no\"><\/iframe><\/pre>\r\n<\/div>","_et_gb_content_width":""},"yoast_head":"<!-- This site is optimized with the Yoast SEO plugin v17.6 - https:\/\/yoast.com\/wordpress\/plugins\/seo\/ -->\n<title>Contacto - BGEO - OPEN GIS &amp; WATER SOLUTIONS<\/title>\n<meta name=\"description\" content=\"Ponte en contacto con BGEO y te mostraremos herramientas open source que te permitir\u00e1n ser m\u00e1s \u00e1gil, eficiente, productivo y transparente.\" \/>\n<meta name=\"robots\" content=\"index, follow, max-snippet:-1, max-image-preview:large, max-video-preview:-1\" \/>\n<link rel=\"canonical\" href=\"https:\/\/www.bgeo.es\/es\/contacto\/\" \/>\n<meta property=\"og:locale\" content=\"es_ES\" \/>\n<meta property=\"og:type\" content=\"article\" \/>\n<meta property=\"og:title\" content=\"Contacto - BGEO - OPEN GIS &amp; WATER SOLUTIONS\" \/>\n<meta property=\"og:description\" content=\"Ponte en contacto con BGEO y te mostraremos herramientas open source que te permitir\u00e1n ser m\u00e1s \u00e1gil, eficiente, productivo y transparente.\" \/>\n<meta property=\"og:url\" content=\"https:\/\/www.bgeo.es\/es\/contacto\/\" \/>\n<meta property=\"og:site_name\" content=\"BGEO - OPEN GIS &amp; WATER SOLUTIONS\" \/>\n<meta property=\"article:publisher\" content=\"https:\/\/www.facebook.com\/bgeo.opengis\/\" \/>\n<meta property=\"article:modified_time\" content=\"2021-12-03T08:25:32+00:00\" \/>\n<meta property=\"og:image\" content=\"https:\/\/www.bgeo.es\/wp-content\/uploads\/2021\/11\/bgeo-3.png\" \/>\n\t<meta property=\"og:image:width\" content=\"200\" \/>\n\t<meta property=\"og:image:height\" content=\"200\" \/>\n<meta name=\"twitter:card\" content=\"summary_large_image\" \/>\n<meta name=\"twitter:site\" content=\"@bgeo_opengis\" \/>\n<meta name=\"twitter:label1\" content=\"Tiempo de lectura\" \/>\n\t<meta name=\"twitter:data1\" content=\"6 minutos\" \/>\n<script type=\"application\/ld+json\" class=\"yoast-schema-graph\">{\"@context\":\"https:\/\/schema.org\",\"@graph\":[{\"@type\":\"Organization\",\"@id\":\"https:\/\/www.bgeo.es\/#organization\",\"name\":\"BGEO\",\"url\":\"https:\/\/www.bgeo.es\/\",\"sameAs\":[\"https:\/\/www.facebook.com\/bgeo.opengis\/\",\"https:\/\/www.instagram.com\/bgeogis\/\",\"https:\/\/www.linkedin.com\/company\/bgeoopengissl\/\",\"https:\/\/twitter.com\/bgeo_opengis\"],\"logo\":{\"@type\":\"ImageObject\",\"@id\":\"https:\/\/www.bgeo.es\/#logo\",\"inLanguage\":\"es\",\"url\":\"https:\/\/www.bgeo.es\/wp-content\/uploads\/2014\/09\/BGEO_LOGO_600px-02-e1414015439640.png\",\"contentUrl\":\"https:\/\/www.bgeo.es\/wp-content\/uploads\/2014\/09\/BGEO_LOGO_600px-02-e1414015439640.png\",\"width\":150,\"height\":78,\"caption\":\"BGEO\"},\"image\":{\"@id\":\"https:\/\/www.bgeo.es\/#logo\"}},{\"@type\":\"WebSite\",\"@id\":\"https:\/\/www.bgeo.es\/#website\",\"url\":\"https:\/\/www.bgeo.es\/\",\"name\":\"BGEO - OPEN GIS &amp; WATER SOLUTIONS\",\"description\":\"Open gis water solutions\",\"publisher\":{\"@id\":\"https:\/\/www.bgeo.es\/#organization\"},\"potentialAction\":[{\"@type\":\"SearchAction\",\"target\":{\"@type\":\"EntryPoint\",\"urlTemplate\":\"https:\/\/www.bgeo.es\/?s={search_term_string}\"},\"query-input\":\"required name=search_term_string\"}],\"inLanguage\":\"es\"},{\"@type\":\"ImageObject\",\"@id\":\"https:\/\/www.bgeo.es\/es\/contacto\/#primaryimage\",\"inLanguage\":\"es\",\"url\":\"https:\/\/www.bgeo.es\/wp-content\/uploads\/2021\/11\/bgeo-3.png\",\"contentUrl\":\"https:\/\/www.bgeo.es\/wp-content\/uploads\/2021\/11\/bgeo-3.png\",\"width\":200,\"height\":200,\"caption\":\"BGEO\"},{\"@type\":\"WebPage\",\"@id\":\"https:\/\/www.bgeo.es\/es\/contacto\/#webpage\",\"url\":\"https:\/\/www.bgeo.es\/es\/contacto\/\",\"name\":\"Contacto - BGEO - OPEN GIS &amp; WATER SOLUTIONS\",\"isPartOf\":{\"@id\":\"https:\/\/www.bgeo.es\/#website\"},\"primaryImageOfPage\":{\"@id\":\"https:\/\/www.bgeo.es\/es\/contacto\/#primaryimage\"},\"datePublished\":\"2014-09-25T17:41:39+00:00\",\"dateModified\":\"2021-12-03T08:25:32+00:00\",\"description\":\"Ponte en contacto con BGEO y te mostraremos herramientas open source que te permitir\\u00e1n ser m\\u00e1s \\u00e1gil, eficiente, productivo y transparente.\",\"breadcrumb\":{\"@id\":\"https:\/\/www.bgeo.es\/es\/contacto\/#breadcrumb\"},\"inLanguage\":\"es\",\"potentialAction\":[{\"@type\":\"ReadAction\",\"target\":[\"https:\/\/www.bgeo.es\/es\/contacto\/\"]}]},{\"@type\":\"BreadcrumbList\",\"@id\":\"https:\/\/www.bgeo.es\/es\/contacto\/#breadcrumb\",\"itemListElement\":[{\"@type\":\"ListItem\",\"position\":1,\"name\":\"Inici\",\"item\":\"https:\/\/www.bgeo.es\/es\/\"},{\"@type\":\"ListItem\",\"position\":2,\"name\":\"Contacto\"}]}]}<\/script>\n<!-- \/ Yoast SEO plugin. -->","yoast_head_json":{"title":"Contacto - BGEO - OPEN GIS &amp; WATER SOLUTIONS","description":"Ponte en contacto con BGEO y te mostraremos herramientas open source que te permitir\u00e1n ser m\u00e1s \u00e1gil, eficiente, productivo y transparente.","robots":{"index":"index","follow":"follow","max-snippet":"max-snippet:-1","max-image-preview":"max-image-preview:large","max-video-preview":"max-video-preview:-1"},"canonical":"https:\/\/www.bgeo.es\/es\/contacto\/","og_locale":"es_ES","og_type":"article","og_title":"Contacto - BGEO - OPEN GIS &amp; WATER SOLUTIONS","og_description":"Ponte en contacto con BGEO y te mostraremos herramientas open source que te permitir\u00e1n ser m\u00e1s \u00e1gil, eficiente, productivo y transparente.","og_url":"https:\/\/www.bgeo.es\/es\/contacto\/","og_site_name":"BGEO - OPEN GIS &amp; WATER SOLUTIONS","article_publisher":"https:\/\/www.facebook.com\/bgeo.opengis\/","article_modified_time":"2021-12-03T08:25:32+00:00","og_image":[{"width":200,"height":200,"url":"https:\/\/www.bgeo.es\/wp-content\/uploads\/2021\/11\/bgeo-3.png","type":"image\/png"}],"twitter_card":"summary_large_image","twitter_site":"@bgeo_opengis","twitter_misc":{"Tiempo de lectura":"6 minutos"},"schema":{"@context":"https:\/\/schema.org","@graph":[{"@type":"Organization","@id":"https:\/\/www.bgeo.es\/#organization","name":"BGEO","url":"https:\/\/www.bgeo.es\/","sameAs":["https:\/\/www.facebook.com\/bgeo.opengis\/","https:\/\/www.instagram.com\/bgeogis\/","https:\/\/www.linkedin.com\/company\/bgeoopengissl\/","https:\/\/twitter.com\/bgeo_opengis"],"logo":{"@type":"ImageObject","@id":"https:\/\/www.bgeo.es\/#logo","inLanguage":"es","url":"https:\/\/www.bgeo.es\/wp-content\/uploads\/2014\/09\/BGEO_LOGO_600px-02-e1414015439640.png","contentUrl":"https:\/\/www.bgeo.es\/wp-content\/uploads\/2014\/09\/BGEO_LOGO_600px-02-e1414015439640.png","width":150,"height":78,"caption":"BGEO"},"image":{"@id":"https:\/\/www.bgeo.es\/#logo"}},{"@type":"WebSite","@id":"https:\/\/www.bgeo.es\/#website","url":"https:\/\/www.bgeo.es\/","name":"BGEO - OPEN GIS &amp; WATER SOLUTIONS","description":"Open gis water solutions","publisher":{"@id":"https:\/\/www.bgeo.es\/#organization"},"potentialAction":[{"@type":"SearchAction","target":{"@type":"EntryPoint","urlTemplate":"https:\/\/www.bgeo.es\/?s={search_term_string}"},"query-input":"required name=search_term_string"}],"inLanguage":"es"},{"@type":"ImageObject","@id":"https:\/\/www.bgeo.es\/es\/contacto\/#primaryimage","inLanguage":"es","url":"https:\/\/www.bgeo.es\/wp-content\/uploads\/2021\/11\/bgeo-3.png","contentUrl":"https:\/\/www.bgeo.es\/wp-content\/uploads\/2021\/11\/bgeo-3.png","width":200,"height":200,"caption":"BGEO"},{"@type":"WebPage","@id":"https:\/\/www.bgeo.es\/es\/contacto\/#webpage","url":"https:\/\/www.bgeo.es\/es\/contacto\/","name":"Contacto - BGEO - OPEN GIS &amp; WATER SOLUTIONS","isPartOf":{"@id":"https:\/\/www.bgeo.es\/#website"},"primaryImageOfPage":{"@id":"https:\/\/www.bgeo.es\/es\/contacto\/#primaryimage"},"datePublished":"2014-09-25T17:41:39+00:00","dateModified":"2021-12-03T08:25:32+00:00","description":"Ponte en contacto con BGEO y te mostraremos herramientas open source que te permitir\u00e1n ser m\u00e1s \u00e1gil, eficiente, productivo y transparente.","breadcrumb":{"@id":"https:\/\/www.bgeo.es\/es\/contacto\/#breadcrumb"},"inLanguage":"es","potentialAction":[{"@type":"ReadAction","target":["https:\/\/www.bgeo.es\/es\/contacto\/"]}]},{"@type":"BreadcrumbList","@id":"https:\/\/www.bgeo.es\/es\/contacto\/#breadcrumb","itemListElement":[{"@type":"ListItem","position":1,"name":"Inici","item":"https:\/\/www.bgeo.es\/es\/"},{"@type":"ListItem","position":2,"name":"Contacto"}]}]}},"_links":{"self":[{"href":"https:\/\/www.bgeo.es\/es\/wp-json\/wp\/v2\/pages\/1211"}],"collection":[{"href":"https:\/\/www.bgeo.es\/es\/wp-json\/wp\/v2\/pages"}],"about":[{"href":"https:\/\/www.bgeo.es\/es\/wp-json\/wp\/v2\/types\/page"}],"author":[{"embeddable":true,"href":"https:\/\/www.bgeo.es\/es\/wp-json\/wp\/v2\/users\/1"}],"replies":[{"embeddable":true,"href":"https:\/\/www.bgeo.es\/es\/wp-json\/wp\/v2\/comments?post=1211"}],"version-history":[{"count":13,"href":"https:\/\/www.bgeo.es\/es\/wp-json\/wp\/v2\/pages\/1211\/revisions"}],"predecessor-version":[{"id":6521,"href":"https:\/\/www.bgeo.es\/es\/wp-json\/wp\/v2\/pages\/1211\/revisions\/6521"}],"wp:featuredmedia":[{"embeddable":true,"href":"https:\/\/www.bgeo.es\/es\/wp-json\/wp\/v2\/media\/6480"}],"wp:attachment":[{"href":"https:\/\/www.bgeo.es\/es\/wp-json\/wp\/v2\/media?parent=1211"}],"curies":[{"name":"wp","href":"https:\/\/api.w.org\/{rel}","templated":true}]}}