{"id":1191,"date":"2014-11-24T19:52:31","date_gmt":"2014-11-24T19:52:31","guid":{"rendered":"https:\/\/www.bgeo.es\/?page_id=1191"},"modified":"2022-01-13T16:55:30","modified_gmt":"2022-01-13T16:55:30","slug":"formacion","status":"publish","type":"page","link":"https:\/\/www.bgeo.es\/es\/formacion\/","title":{"rendered":"Formaci\u00f3n"},"content":{"rendered":"<p>[et_pb_section fb_built=\u00bb1&#8243; fullwidth=\u00bbon\u00bb _builder_version=\u00bb4.9.0&#8243; global_colors_info=\u00bb{}\u00bb][et_pb_fullwidth_header title=\u00bbFormaci\u00f3n\u00bb text_orientation=\u00bbcenter\u00bb _builder_version=\u00bb4.9.0&#8243; title_font=\u00bb|700||on|||||\u00bb title_text_align=\u00bbcenter\u00bb title_text_color=\u00bb#FFFFFF\u00bb title_font_size=\u00bb45px\u00bb title_letter_spacing=\u00bb5px\u00bb background_color=\u00bbrgba(255, 255, 255, 0)\u00bb background_image=\u00bbhttps:\/\/www.bgeo.es\/wp-content\/uploads\/2021\/06\/bgeo-formacion.jpg\u00bb background_layout=\u00bblight\u00bb custom_padding=\u00bb100px||100px|\u00bb title_text_shadow_style=\u00bbpreset3&#8243; title_text_shadow_color=\u00bbrgba(0,0,0,0.96)\u00bb global_colors_info=\u00bb{}\u00bb button_one_text_size__hover_enabled=\u00bboff\u00bb button_two_text_size__hover_enabled=\u00bboff\u00bb button_one_text_color__hover_enabled=\u00bboff\u00bb button_two_text_color__hover_enabled=\u00bboff\u00bb button_one_border_width__hover_enabled=\u00bboff\u00bb button_two_border_width__hover_enabled=\u00bboff\u00bb button_one_border_color__hover_enabled=\u00bboff\u00bb button_two_border_color__hover_enabled=\u00bboff\u00bb button_one_border_radius__hover_enabled=\u00bboff\u00bb button_two_border_radius__hover_enabled=\u00bboff\u00bb button_one_letter_spacing__hover_enabled=\u00bboff\u00bb button_two_letter_spacing__hover_enabled=\u00bboff\u00bb button_one_bg_color__hover_enabled=\u00bboff\u00bb button_two_bg_color__hover_enabled=\u00bboff\u00bb][\/et_pb_fullwidth_header][\/et_pb_section][et_pb_section fb_built=\u00bb1&#8243; _builder_version=\u00bb4.9.0&#8243; custom_padding=\u00bb||||false|false\u00bb global_colors_info=\u00bb{}\u00bb][et_pb_row _builder_version=\u00bb4.9.0&#8243; _module_preset=\u00bbdefault\u00bb global_colors_info=\u00bb{}\u00bb][et_pb_column type=\u00bb4_4&#8243; _builder_version=\u00bb4.9.0&#8243; _module_preset=\u00bbdefault\u00bb global_colors_info=\u00bb{}\u00bb][et_pb_text _builder_version=\u00bb4.9.0&#8243; _module_preset=\u00bbdefault\u00bb global_colors_info=\u00bb{}\u00bb]<\/p>\n<h2>Formaci\u00f3n BGEO<\/h2>\n<p style=\"text-align: justify;\">\u00bfQuieres saber qu\u00e9 puede ofrecer un <strong>sistema GIS<\/strong> a tu administraci\u00f3n o a tu empresa? \u00bfPrefieres especializar a alguno de los t\u00e9cnicos de tu \u00e1rea en sistemas de geolocalizaci\u00f3n y planificaci\u00f3n de recursos? \u00bfQuieres conocer qu\u00e9 hace <b>Giswater <\/b>para gestionar el ciclo del agua? \u00bfO quieres prepararte para poder instalar y utilizar esta herramienta para ti mismo? <span>\u00a1La<\/span><span>\u00a0formaci\u00f3n de\u00a0<\/span><span class=\"hiddenSpellError\" onkeypress=\"MORFOLOGIK_RULE_ES---#---undefined---#---Se ha encontrado un posible error ortogr\u00e1fico.---#---AGEO#EGEO#BREO#BRE\u00d3#GEO---#---BGEO\">BGEO<\/span><span>\u00a0es lo que necesitas!<\/span><\/p>\n<p style=\"text-align: justify;\"><strong>BGEO<\/strong> ofrece un amplio abanico de servicios con diferentes formaciones a la carta en el que han confiado entidades de la magnitud y el prestigio de la Diputaci\u00f3n de Barcelona, el ayuntamiento de Sabadell o el Colegio de Ingenieros T\u00e9cnicos de Obras P\u00fablicas.<\/p>\n<p style=\"text-align: justify;\">Solicita presupuesto para organizar sesiones de formaci\u00f3n a medida con nosotros.<\/p>\n<p>[\/et_pb_text][et_pb_button button_url=\u00bbhttps:\/\/www.linkedin.com\/company\/bgeoopengissl\/\u00bb url_new_window=\u00bbon\u00bb button_text=\u00bbS\u00edguenos en las redes sociales para ver nuestras pr\u00f3ximas oportunidades formativas\u00bb _builder_version=\u00bb4.13.1&#8243; _module_preset=\u00bbdefault\u00bb locked=\u00bboff\u00bb global_colors_info=\u00bb{}\u00bb][\/et_pb_button][\/et_pb_column][\/et_pb_row][\/et_pb_section][et_pb_section fb_built=\u00bb1&#8243; module_id=\u00bbrow-six\u00bb _builder_version=\u00bb4.9.0&#8243; background_color=\u00bbgcid-d8eaa081-4be0-4518-bf91-03c8b6e95d5a\u00bb global_colors_info=\u00bb{%22gcid-d8eaa081-4be0-4518-bf91-03c8b6e95d5a%22:%91%22background_color%22%93}\u00bb][et_pb_row _builder_version=\u00bb4.9.0&#8243; animation_direction=\u00bbtop\u00bb global_colors_info=\u00bb{}\u00bb][et_pb_column type=\u00bb4_4&#8243; _builder_version=\u00bb4.9.0&#8243; custom_padding=\u00bb|||\u00bb global_colors_info=\u00bb{}\u00bb custom_padding__hover=\u00bb|||\u00bb][et_pb_cta title=\u00bbContacta con BGEO para saber m\u00e1s sobre nuestras formaciones\u00bb button_url=\u00bb@ET-DC@eyJkeW5hbWljIjp0cnVlLCJjb250ZW50IjoicG9zdF9saW5rX3VybF9wYWdlIiwic2V0dGluZ3MiOnsicG9zdF9pZCI6Ijk5In19@\u00bb button_text=\u00bbContacta\u00bb _builder_version=\u00bb4.13.1&#8243; _dynamic_attributes=\u00bbbutton_url\u00bb _module_preset=\u00bbdefault\u00bb background_enable_color=\u00bboff\u00bb custom_button=\u00bbon\u00bb button_text_color=\u00bb#0C71C3&#8243; button_bg_color=\u00bb#FFFFFF\u00bb global_colors_info=\u00bb{}\u00bb]<\/p>\n<p><strong>Contacta con nosotros<\/strong> y concertaremos una visita para informarte sobre nuestras formaciones.<\/p>\n<p>[\/et_pb_cta][\/et_pb_column][\/et_pb_row][\/et_pb_section]<\/p>\n","protected":false},"excerpt":{"rendered":"<p>Formaci\u00f3n BGEO \u00bfQuieres saber qu\u00e9 puede ofrecer un sistema GIS a tu administraci\u00f3n o a tu empresa? \u00bfPrefieres especializar a alguno de los t\u00e9cnicos de tu \u00e1rea en sistemas de geolocalizaci\u00f3n y planificaci\u00f3n de recursos? \u00bfQuieres conocer qu\u00e9 hace Giswater para gestionar el ciclo del agua? \u00bfO quieres prepararte para poder instalar y utilizar esta [&hellip;]<\/p>\n","protected":false},"author":1,"featured_media":6480,"parent":0,"menu_order":3,"comment_status":"open","ping_status":"closed","template":"","meta":{"_et_pb_use_builder":"on","_et_pb_old_content":"[separator top=\"-20\"]\r\n[two_third]\r\n<h2>Formaci\u00f3n:<\/h2>\r\n<ul>\r\n\t<li>\u00bfQuieres saber qu\u00e9 puede ofrecer un sistema GIS a tu administraci\u00f3n o a tu empresa? \u00bfO prefieres especializar a alguno de los t\u00e9cnicos de tu \u00e1rea en sistemas de geolocalizaci\u00f3n y planificaci\u00f3n de recursos? \u00bfQuieres conocer qu\u00e9 hace GISWATER para gestionar el ciclo del agua? \u00bfO quieres prepararte para poder instalar y utilizar esta herramienta para ti mismo?<\/li>\r\n<\/ul>\r\n \r\n<ul>\r\n\t<li>BGEO ofrece un amplio abanico de servicios de formaci\u00f3n a la carta en el que han confiado entidades de la magnitud y el prestigio de la Diputaci\u00f3n de Barcelona, el ayuntamiento de Sabadell o el Colegio de Ingenieros T\u00e9cnicos de Obras P\u00fablicas. Solicita presupuesto para organizar sesiones a medida.<\/li>\r\n<\/ul>\r\n[separator top=\"30\"]\r\n\r\n<section class=\"reading-box\" style=\"background-color: #f6f6f6; border-width: 0px; ;border-top-width: 3px; border-top-color: #1a80b6; border-style: solid;\">\r\n<h3>Y si quieres conocer el potencial real de estas herramientas contacta con nosotros por medio de <span style=\"color: #000080;\"><strong>info@bgeo.es<\/strong><\/span> y te guiamos.<\/h3>\r\n[separator buttom=\"20\"]\r\n[\/two_third]\r\n[one_third last=\"yes\"]\r\n[separator top=\"30\"]\r\n<span class=\"fusion-imageframe imageframe imageframe-dropshadow imageframe-3\"><img src=\"https:\/\/www.bgeo.es\/wp-content\/uploads\/2014\/09\/formacio.jpg\" alt=\"\" align=\"right\" \/>\r\n[\/one_third]<\/span>\r\n\r\n<\/section>","_et_gb_content_width":""},"yoast_head":"<!-- This site is optimized with the Yoast SEO plugin v17.6 - https:\/\/yoast.com\/wordpress\/plugins\/seo\/ -->\n<title>Formaci\u00f3n - BGEO - OPEN GIS &amp; WATER SOLUTIONS<\/title>\n<meta name=\"description\" content=\"En la formaci\u00f3n de BGEO te mostraremos que puede ofrecer un sistema GIS a tu administraci\u00f3n o empresa y conocer la herramienta Giswater.\" \/>\n<meta name=\"robots\" content=\"index, follow, max-snippet:-1, max-image-preview:large, max-video-preview:-1\" \/>\n<link rel=\"canonical\" href=\"https:\/\/www.bgeo.es\/es\/formacion\/\" \/>\n<meta property=\"og:locale\" content=\"es_ES\" \/>\n<meta property=\"og:type\" content=\"article\" \/>\n<meta property=\"og:title\" content=\"Formaci\u00f3n - BGEO - OPEN GIS &amp; WATER SOLUTIONS\" \/>\n<meta property=\"og:description\" content=\"En la formaci\u00f3n de BGEO te mostraremos que puede ofrecer un sistema GIS a tu administraci\u00f3n o empresa y conocer la herramienta Giswater.\" \/>\n<meta property=\"og:url\" content=\"https:\/\/www.bgeo.es\/es\/formacion\/\" \/>\n<meta property=\"og:site_name\" content=\"BGEO - OPEN GIS &amp; WATER SOLUTIONS\" \/>\n<meta property=\"article:publisher\" content=\"https:\/\/www.facebook.com\/bgeo.opengis\/\" \/>\n<meta property=\"article:modified_time\" content=\"2022-01-13T16:55:30+00:00\" \/>\n<meta property=\"og:image\" content=\"https:\/\/www.bgeo.es\/wp-content\/uploads\/2021\/11\/bgeo-3.png\" \/>\n\t<meta property=\"og:image:width\" content=\"200\" \/>\n\t<meta property=\"og:image:height\" content=\"200\" \/>\n<meta name=\"twitter:card\" content=\"summary_large_image\" \/>\n<meta name=\"twitter:site\" content=\"@bgeo_opengis\" \/>\n<meta name=\"twitter:label1\" content=\"Tiempo de lectura\" \/>\n\t<meta name=\"twitter:data1\" content=\"3 minutos\" \/>\n<script type=\"application\/ld+json\" class=\"yoast-schema-graph\">{\"@context\":\"https:\/\/schema.org\",\"@graph\":[{\"@type\":\"Organization\",\"@id\":\"https:\/\/www.bgeo.es\/#organization\",\"name\":\"BGEO\",\"url\":\"https:\/\/www.bgeo.es\/\",\"sameAs\":[\"https:\/\/www.facebook.com\/bgeo.opengis\/\",\"https:\/\/www.instagram.com\/bgeogis\/\",\"https:\/\/www.linkedin.com\/company\/bgeoopengissl\/\",\"https:\/\/twitter.com\/bgeo_opengis\"],\"logo\":{\"@type\":\"ImageObject\",\"@id\":\"https:\/\/www.bgeo.es\/#logo\",\"inLanguage\":\"es\",\"url\":\"https:\/\/www.bgeo.es\/wp-content\/uploads\/2014\/09\/BGEO_LOGO_600px-02-e1414015439640.png\",\"contentUrl\":\"https:\/\/www.bgeo.es\/wp-content\/uploads\/2014\/09\/BGEO_LOGO_600px-02-e1414015439640.png\",\"width\":150,\"height\":78,\"caption\":\"BGEO\"},\"image\":{\"@id\":\"https:\/\/www.bgeo.es\/#logo\"}},{\"@type\":\"WebSite\",\"@id\":\"https:\/\/www.bgeo.es\/#website\",\"url\":\"https:\/\/www.bgeo.es\/\",\"name\":\"BGEO - OPEN GIS &amp; WATER SOLUTIONS\",\"description\":\"Open gis water solutions\",\"publisher\":{\"@id\":\"https:\/\/www.bgeo.es\/#organization\"},\"potentialAction\":[{\"@type\":\"SearchAction\",\"target\":{\"@type\":\"EntryPoint\",\"urlTemplate\":\"https:\/\/www.bgeo.es\/?s={search_term_string}\"},\"query-input\":\"required name=search_term_string\"}],\"inLanguage\":\"es\"},{\"@type\":\"ImageObject\",\"@id\":\"https:\/\/www.bgeo.es\/es\/formacion\/#primaryimage\",\"inLanguage\":\"es\",\"url\":\"https:\/\/www.bgeo.es\/wp-content\/uploads\/2021\/11\/bgeo-3.png\",\"contentUrl\":\"https:\/\/www.bgeo.es\/wp-content\/uploads\/2021\/11\/bgeo-3.png\",\"width\":200,\"height\":200,\"caption\":\"BGEO\"},{\"@type\":\"WebPage\",\"@id\":\"https:\/\/www.bgeo.es\/es\/formacion\/#webpage\",\"url\":\"https:\/\/www.bgeo.es\/es\/formacion\/\",\"name\":\"Formaci\\u00f3n - BGEO - OPEN GIS &amp; WATER SOLUTIONS\",\"isPartOf\":{\"@id\":\"https:\/\/www.bgeo.es\/#website\"},\"primaryImageOfPage\":{\"@id\":\"https:\/\/www.bgeo.es\/es\/formacion\/#primaryimage\"},\"datePublished\":\"2014-11-24T19:52:31+00:00\",\"dateModified\":\"2022-01-13T16:55:30+00:00\",\"description\":\"En la formaci\\u00f3n de BGEO te mostraremos que puede ofrecer un sistema GIS a tu administraci\\u00f3n o empresa y conocer la herramienta Giswater.\",\"breadcrumb\":{\"@id\":\"https:\/\/www.bgeo.es\/es\/formacion\/#breadcrumb\"},\"inLanguage\":\"es\",\"potentialAction\":[{\"@type\":\"ReadAction\",\"target\":[\"https:\/\/www.bgeo.es\/es\/formacion\/\"]}]},{\"@type\":\"BreadcrumbList\",\"@id\":\"https:\/\/www.bgeo.es\/es\/formacion\/#breadcrumb\",\"itemListElement\":[{\"@type\":\"ListItem\",\"position\":1,\"name\":\"Inici\",\"item\":\"https:\/\/www.bgeo.es\/es\/\"},{\"@type\":\"ListItem\",\"position\":2,\"name\":\"Formaci\\u00f3n\"}]}]}<\/script>\n<!-- \/ Yoast SEO plugin. -->","yoast_head_json":{"title":"Formaci\u00f3n - BGEO - OPEN GIS &amp; WATER SOLUTIONS","description":"En la formaci\u00f3n de BGEO te mostraremos que puede ofrecer un sistema GIS a tu administraci\u00f3n o empresa y conocer la herramienta Giswater.","robots":{"index":"index","follow":"follow","max-snippet":"max-snippet:-1","max-image-preview":"max-image-preview:large","max-video-preview":"max-video-preview:-1"},"canonical":"https:\/\/www.bgeo.es\/es\/formacion\/","og_locale":"es_ES","og_type":"article","og_title":"Formaci\u00f3n - BGEO - OPEN GIS &amp; WATER SOLUTIONS","og_description":"En la formaci\u00f3n de BGEO te mostraremos que puede ofrecer un sistema GIS a tu administraci\u00f3n o empresa y conocer la herramienta Giswater.","og_url":"https:\/\/www.bgeo.es\/es\/formacion\/","og_site_name":"BGEO - OPEN GIS &amp; WATER SOLUTIONS","article_publisher":"https:\/\/www.facebook.com\/bgeo.opengis\/","article_modified_time":"2022-01-13T16:55:30+00:00","og_image":[{"width":200,"height":200,"url":"https:\/\/www.bgeo.es\/wp-content\/uploads\/2021\/11\/bgeo-3.png","type":"image\/png"}],"twitter_card":"summary_large_image","twitter_site":"@bgeo_opengis","twitter_misc":{"Tiempo de lectura":"3 minutos"},"schema":{"@context":"https:\/\/schema.org","@graph":[{"@type":"Organization","@id":"https:\/\/www.bgeo.es\/#organization","name":"BGEO","url":"https:\/\/www.bgeo.es\/","sameAs":["https:\/\/www.facebook.com\/bgeo.opengis\/","https:\/\/www.instagram.com\/bgeogis\/","https:\/\/www.linkedin.com\/company\/bgeoopengissl\/","https:\/\/twitter.com\/bgeo_opengis"],"logo":{"@type":"ImageObject","@id":"https:\/\/www.bgeo.es\/#logo","inLanguage":"es","url":"https:\/\/www.bgeo.es\/wp-content\/uploads\/2014\/09\/BGEO_LOGO_600px-02-e1414015439640.png","contentUrl":"https:\/\/www.bgeo.es\/wp-content\/uploads\/2014\/09\/BGEO_LOGO_600px-02-e1414015439640.png","width":150,"height":78,"caption":"BGEO"},"image":{"@id":"https:\/\/www.bgeo.es\/#logo"}},{"@type":"WebSite","@id":"https:\/\/www.bgeo.es\/#website","url":"https:\/\/www.bgeo.es\/","name":"BGEO - OPEN GIS &amp; WATER SOLUTIONS","description":"Open gis water solutions","publisher":{"@id":"https:\/\/www.bgeo.es\/#organization"},"potentialAction":[{"@type":"SearchAction","target":{"@type":"EntryPoint","urlTemplate":"https:\/\/www.bgeo.es\/?s={search_term_string}"},"query-input":"required name=search_term_string"}],"inLanguage":"es"},{"@type":"ImageObject","@id":"https:\/\/www.bgeo.es\/es\/formacion\/#primaryimage","inLanguage":"es","url":"https:\/\/www.bgeo.es\/wp-content\/uploads\/2021\/11\/bgeo-3.png","contentUrl":"https:\/\/www.bgeo.es\/wp-content\/uploads\/2021\/11\/bgeo-3.png","width":200,"height":200,"caption":"BGEO"},{"@type":"WebPage","@id":"https:\/\/www.bgeo.es\/es\/formacion\/#webpage","url":"https:\/\/www.bgeo.es\/es\/formacion\/","name":"Formaci\u00f3n - BGEO - OPEN GIS &amp; WATER SOLUTIONS","isPartOf":{"@id":"https:\/\/www.bgeo.es\/#website"},"primaryImageOfPage":{"@id":"https:\/\/www.bgeo.es\/es\/formacion\/#primaryimage"},"datePublished":"2014-11-24T19:52:31+00:00","dateModified":"2022-01-13T16:55:30+00:00","description":"En la formaci\u00f3n de BGEO te mostraremos que puede ofrecer un sistema GIS a tu administraci\u00f3n o empresa y conocer la herramienta Giswater.","breadcrumb":{"@id":"https:\/\/www.bgeo.es\/es\/formacion\/#breadcrumb"},"inLanguage":"es","potentialAction":[{"@type":"ReadAction","target":["https:\/\/www.bgeo.es\/es\/formacion\/"]}]},{"@type":"BreadcrumbList","@id":"https:\/\/www.bgeo.es\/es\/formacion\/#breadcrumb","itemListElement":[{"@type":"ListItem","position":1,"name":"Inici","item":"https:\/\/www.bgeo.es\/es\/"},{"@type":"ListItem","position":2,"name":"Formaci\u00f3n"}]}]}},"_links":{"self":[{"href":"https:\/\/www.bgeo.es\/es\/wp-json\/wp\/v2\/pages\/1191"}],"collection":[{"href":"https:\/\/www.bgeo.es\/es\/wp-json\/wp\/v2\/pages"}],"about":[{"href":"https:\/\/www.bgeo.es\/es\/wp-json\/wp\/v2\/types\/page"}],"author":[{"embeddable":true,"href":"https:\/\/www.bgeo.es\/es\/wp-json\/wp\/v2\/users\/1"}],"replies":[{"embeddable":true,"href":"https:\/\/www.bgeo.es\/es\/wp-json\/wp\/v2\/comments?post=1191"}],"version-history":[{"count":25,"href":"https:\/\/www.bgeo.es\/es\/wp-json\/wp\/v2\/pages\/1191\/revisions"}],"predecessor-version":[{"id":6933,"href":"https:\/\/www.bgeo.es\/es\/wp-json\/wp\/v2\/pages\/1191\/revisions\/6933"}],"wp:featuredmedia":[{"embeddable":true,"href":"https:\/\/www.bgeo.es\/es\/wp-json\/wp\/v2\/media\/6480"}],"wp:attachment":[{"href":"https:\/\/www.bgeo.es\/es\/wp-json\/wp\/v2\/media?parent=1191"}],"curies":[{"name":"wp","href":"https:\/\/api.w.org\/{rel}","templated":true}]}}