{"id":1189,"date":"2014-09-25T17:32:05","date_gmt":"2014-09-25T17:32:05","guid":{"rendered":"https:\/\/www.bgeo.es\/?page_id=1189"},"modified":"2022-01-13T16:47:24","modified_gmt":"2022-01-13T16:47:24","slug":"implementacion","status":"publish","type":"page","link":"https:\/\/www.bgeo.es\/es\/implementacion\/","title":{"rendered":"Implementaci\u00f3n"},"content":{"rendered":"<p>[et_pb_section fb_built=\u00bb1&#8243; fullwidth=\u00bbon\u00bb _builder_version=\u00bb4.9.0&#8243; global_colors_info=\u00bb{}\u00bb][et_pb_fullwidth_header title=\u00bbImplementaci\u00f3n\u00bb text_orientation=\u00bbcenter\u00bb _builder_version=\u00bb4.9.0&#8243; title_font=\u00bb|700||on|||||\u00bb title_text_align=\u00bbcenter\u00bb title_text_color=\u00bb#FFFFFF\u00bb title_font_size=\u00bb45px\u00bb title_letter_spacing=\u00bb5px\u00bb background_color=\u00bbrgba(255, 255, 255, 0)\u00bb background_image=\u00bbhttps:\/\/www.bgeo.es\/wp-content\/uploads\/2021\/07\/bgeo-implementacion.jpg\u00bb background_layout=\u00bblight\u00bb custom_padding=\u00bb100px||100px|\u00bb title_text_shadow_style=\u00bbpreset3&#8243; title_text_shadow_color=\u00bb#000000&#8243; global_colors_info=\u00bb{}\u00bb button_one_text_size__hover_enabled=\u00bboff\u00bb button_two_text_size__hover_enabled=\u00bboff\u00bb button_one_text_color__hover_enabled=\u00bboff\u00bb button_two_text_color__hover_enabled=\u00bboff\u00bb button_one_border_width__hover_enabled=\u00bboff\u00bb button_two_border_width__hover_enabled=\u00bboff\u00bb button_one_border_color__hover_enabled=\u00bboff\u00bb button_two_border_color__hover_enabled=\u00bboff\u00bb button_one_border_radius__hover_enabled=\u00bboff\u00bb button_two_border_radius__hover_enabled=\u00bboff\u00bb button_one_letter_spacing__hover_enabled=\u00bboff\u00bb button_two_letter_spacing__hover_enabled=\u00bboff\u00bb button_one_bg_color__hover_enabled=\u00bboff\u00bb button_two_bg_color__hover_enabled=\u00bboff\u00bb][\/et_pb_fullwidth_header][\/et_pb_section][et_pb_section fb_built=\u00bb1&#8243; _builder_version=\u00bb4.9.0&#8243; custom_padding=\u00bb||||false|false\u00bb global_colors_info=\u00bb{}\u00bb][et_pb_row _builder_version=\u00bb4.9.0&#8243; _module_preset=\u00bbdefault\u00bb global_colors_info=\u00bb{}\u00bb][et_pb_column type=\u00bb4_4&#8243; _builder_version=\u00bb4.9.0&#8243; _module_preset=\u00bbdefault\u00bb global_colors_info=\u00bb{}\u00bb][et_pb_text _builder_version=\u00bb4.9.0&#8243; _module_preset=\u00bbdefault\u00bb global_colors_info=\u00bb{}\u00bb]<\/p>\n<h2>Te ayudamos con la implementaci\u00f3n de tecnolog\u00edas en tu proyecto<\/h2>\n<p style=\"text-align: justify;\">Los productos que recomienda <strong>BGEO<\/strong> son 100% open source, esto significa que se pueden descargar gratuitamente e instalar libremente en tantos ordenadores o dispositivos como convenga. Pero esto no garantiza la optimizaci\u00f3n del uso de estos recursos o su correcta implementaci\u00f3n.<\/p>\n<p style=\"text-align: justify;\">Es muy habitual que cada entidad tenga su propio ecosistema tecnol\u00f3gico al que no quiera renunciar; que tenga los datos estructurados de una manera singular; o que requiera un nivel de prestaciones que requieran un cierto desarrollo.<\/p>\n<p style=\"text-align: justify;\">El servicio de implementaci\u00f3n de tecnolog\u00eda de <strong>BGEO<\/strong> consiste exactamente en eso. En hacer los ajustes necesarios para poder exprimir al m\u00e1ximo unas herramientas que son gratuitas y que ofrecen un gran potencial. Hacerlo desde el rigor y la confianza que ofrece un proveedor que ha contribuido decisivamente a la comunidad de desarrolladores de estas herramientas y que se dedica a formar a t\u00e9cnicos y usuarios en su uso.<\/p>\n<p style=\"text-align: justify;\">Si quieres ir m\u00e1s all\u00e1 con la gesti\u00f3n de tus recursos, apostar por tecnolog\u00edas libres y transparentes, y asegurar unos resultados r\u00e1pidos con una inversi\u00f3n m\u00ednima, conf\u00eda en el servicio de implementaci\u00f3n de <strong>BGEO<\/strong>.<\/p>\n<p>[\/et_pb_text][\/et_pb_column][\/et_pb_row][\/et_pb_section][et_pb_section fb_built=\u00bb1&#8243; module_id=\u00bbrow-six\u00bb _builder_version=\u00bb4.9.0&#8243; background_color=\u00bbgcid-d8eaa081-4be0-4518-bf91-03c8b6e95d5a\u00bb global_colors_info=\u00bb{%22gcid-d8eaa081-4be0-4518-bf91-03c8b6e95d5a%22:%91%22background_color%22%93}\u00bb][et_pb_row _builder_version=\u00bb4.9.0&#8243; animation_direction=\u00bbtop\u00bb global_colors_info=\u00bb{}\u00bb][et_pb_column type=\u00bb4_4&#8243; _builder_version=\u00bb4.9.0&#8243; custom_padding=\u00bb|||\u00bb global_colors_info=\u00bb{}\u00bb custom_padding__hover=\u00bb|||\u00bb][et_pb_cta title=\u00bbContacta con BGEO para saber m\u00e1s sobre nuestras implementaciones\u00bb button_url=\u00bb@ET-DC@eyJkeW5hbWljIjp0cnVlLCJjb250ZW50IjoicG9zdF9saW5rX3VybF9wYWdlIiwic2V0dGluZ3MiOnsicG9zdF9pZCI6IjEyMTEifX0=@\u00bb button_text=\u00bbContacta\u00bb _builder_version=\u00bb4.13.1&#8243; _dynamic_attributes=\u00bbbutton_url\u00bb _module_preset=\u00bbdefault\u00bb background_enable_color=\u00bboff\u00bb custom_button=\u00bbon\u00bb button_text_color=\u00bb#0C71C3&#8243; button_bg_color=\u00bb#FFFFFF\u00bb global_colors_info=\u00bb{}\u00bb]<\/p>\n<p><strong>Contacta con nosotros<\/strong> y concertaremos una visita para informarte sobre nuestro servicio de implementaci\u00f3n.<\/p>\n<p>[\/et_pb_cta][\/et_pb_column][\/et_pb_row][\/et_pb_section]<\/p>\n","protected":false},"excerpt":{"rendered":"<p>Te ayudamos con la implementaci\u00f3n de tecnolog\u00edas en tu proyecto Los productos que recomienda BGEO son 100% open source, esto significa que se pueden descargar gratuitamente e instalar libremente en tantos ordenadores o dispositivos como convenga. Pero esto no garantiza la optimizaci\u00f3n del uso de estos recursos o su correcta implementaci\u00f3n. Es muy habitual que [&hellip;]<\/p>\n","protected":false},"author":1,"featured_media":6480,"parent":0,"menu_order":2,"comment_status":"open","ping_status":"closed","template":"","meta":{"_et_pb_use_builder":"on","_et_pb_old_content":"[separator top=\"-20\"]\r\n[two_third]\r\n<h2>Implementaci\u00f3:<\/h2>\r\n\r\n<li>Els productes que recomana BGEO s\u00f3n 100% open source. Aix\u00f2 vol dir que es poden descarregar gratu\u00eftament i instal\u00b7lar lliurement en tants ordinadors o dispositius com convingui. Per\u00f2 aix\u00f2 no garanteix l\u2019optimitzaci\u00f3 de l\u2019\u00fas d\u2019aquests recursos. \u00c9s molt habitual que cada entitat tingui el seu propi ecosistema tecnol\u00f2gic al que no vulgui renunciar; que tingui les dades estructurades d\u2019una manera singular; o que requereixi un nivell de prestacions que requereixin un cert desenvolupament.<\/li>\r\n<br>\r\n<li>El servei d\u2019implantaci\u00f3 de tecnologia de BGEO consisteix exactament en aix\u00f2. \r\nEn fer els ajustos necessaris per poder espr\u00e9mer al m\u00e0xim unes eines que s\u00f3n gratu\u00eftes i que ofereixen un gran potencial. I fer-ho des del rigor i la confian\u00e7a que ofereix un prove\u00efdor que ha contribu\u00eft decisivament a la comunitat de desenvolupadors d\u2019aquestes eines i que es dedica a formar a t\u00e8cnics i usuaris en el seu \u00fas.<\/li>\r\n\r\n[\/two_third]\r\n[one_third last=\"yes\"]\r\n[separator top=\"30\"]\r\n<span class=\"fusion-imageframe imageframe imageframe-dropshadow imageframe-3\"><img src=\"https:\/\/www.bgeo.es\/wp-content\/uploads\/2014\/09\/giswater-copia.jpg\" alt=\"\" align=\"right\" \/>\r\n[\/one_third]<\/span>\r\n\t<li>Si vols anar molt m\u00e9s enll\u00e0 amb la gesti\u00f3 dels teus recursos. Si vols apostar per tecnologies lliures i transparents. Si vols assegurar uns resultats r\u00e0pids amb una inversi\u00f3 m\u00ednima, confia en el servei d\u2019implantaci\u00f3 de BGEO.  <\/li>\r\n\r\n","_et_gb_content_width":""},"yoast_head":"<!-- This site is optimized with the Yoast SEO plugin v17.6 - https:\/\/yoast.com\/wordpress\/plugins\/seo\/ -->\n<title>Implementaci\u00f3n - BGEO - OPEN GIS &amp; WATER SOLUTIONS<\/title>\n<meta name=\"description\" content=\"La implementaci\u00f3n de BGEO consisten en realizar los ajustes necesarios para exprimir al m\u00e1ximo herramientas gratuitas y de gran potencial.\" \/>\n<meta name=\"robots\" content=\"index, follow, max-snippet:-1, max-image-preview:large, max-video-preview:-1\" \/>\n<link rel=\"canonical\" href=\"https:\/\/www.bgeo.es\/es\/implementacion\/\" \/>\n<meta property=\"og:locale\" content=\"es_ES\" \/>\n<meta property=\"og:type\" content=\"article\" \/>\n<meta property=\"og:title\" content=\"Implementaci\u00f3n - BGEO - OPEN GIS &amp; WATER SOLUTIONS\" \/>\n<meta property=\"og:description\" content=\"La implementaci\u00f3n de BGEO consisten en realizar los ajustes necesarios para exprimir al m\u00e1ximo herramientas gratuitas y de gran potencial.\" \/>\n<meta property=\"og:url\" content=\"https:\/\/www.bgeo.es\/es\/implementacion\/\" \/>\n<meta property=\"og:site_name\" content=\"BGEO - OPEN GIS &amp; WATER SOLUTIONS\" \/>\n<meta property=\"article:publisher\" content=\"https:\/\/www.facebook.com\/bgeo.opengis\/\" \/>\n<meta property=\"article:modified_time\" content=\"2022-01-13T16:47:24+00:00\" \/>\n<meta property=\"og:image\" content=\"https:\/\/www.bgeo.es\/wp-content\/uploads\/2021\/11\/bgeo-3.png\" \/>\n\t<meta property=\"og:image:width\" content=\"200\" \/>\n\t<meta property=\"og:image:height\" content=\"200\" \/>\n<meta name=\"twitter:card\" content=\"summary_large_image\" \/>\n<meta name=\"twitter:site\" content=\"@bgeo_opengis\" \/>\n<meta name=\"twitter:label1\" content=\"Tiempo de lectura\" \/>\n\t<meta name=\"twitter:data1\" content=\"3 minutos\" \/>\n<script type=\"application\/ld+json\" class=\"yoast-schema-graph\">{\"@context\":\"https:\/\/schema.org\",\"@graph\":[{\"@type\":\"Organization\",\"@id\":\"https:\/\/www.bgeo.es\/#organization\",\"name\":\"BGEO\",\"url\":\"https:\/\/www.bgeo.es\/\",\"sameAs\":[\"https:\/\/www.facebook.com\/bgeo.opengis\/\",\"https:\/\/www.instagram.com\/bgeogis\/\",\"https:\/\/www.linkedin.com\/company\/bgeoopengissl\/\",\"https:\/\/twitter.com\/bgeo_opengis\"],\"logo\":{\"@type\":\"ImageObject\",\"@id\":\"https:\/\/www.bgeo.es\/#logo\",\"inLanguage\":\"es\",\"url\":\"https:\/\/www.bgeo.es\/wp-content\/uploads\/2014\/09\/BGEO_LOGO_600px-02-e1414015439640.png\",\"contentUrl\":\"https:\/\/www.bgeo.es\/wp-content\/uploads\/2014\/09\/BGEO_LOGO_600px-02-e1414015439640.png\",\"width\":150,\"height\":78,\"caption\":\"BGEO\"},\"image\":{\"@id\":\"https:\/\/www.bgeo.es\/#logo\"}},{\"@type\":\"WebSite\",\"@id\":\"https:\/\/www.bgeo.es\/#website\",\"url\":\"https:\/\/www.bgeo.es\/\",\"name\":\"BGEO - OPEN GIS &amp; WATER SOLUTIONS\",\"description\":\"Open gis water solutions\",\"publisher\":{\"@id\":\"https:\/\/www.bgeo.es\/#organization\"},\"potentialAction\":[{\"@type\":\"SearchAction\",\"target\":{\"@type\":\"EntryPoint\",\"urlTemplate\":\"https:\/\/www.bgeo.es\/?s={search_term_string}\"},\"query-input\":\"required name=search_term_string\"}],\"inLanguage\":\"es\"},{\"@type\":\"ImageObject\",\"@id\":\"https:\/\/www.bgeo.es\/es\/implementacion\/#primaryimage\",\"inLanguage\":\"es\",\"url\":\"https:\/\/www.bgeo.es\/wp-content\/uploads\/2021\/11\/bgeo-3.png\",\"contentUrl\":\"https:\/\/www.bgeo.es\/wp-content\/uploads\/2021\/11\/bgeo-3.png\",\"width\":200,\"height\":200,\"caption\":\"BGEO\"},{\"@type\":\"WebPage\",\"@id\":\"https:\/\/www.bgeo.es\/es\/implementacion\/#webpage\",\"url\":\"https:\/\/www.bgeo.es\/es\/implementacion\/\",\"name\":\"Implementaci\\u00f3n - BGEO - OPEN GIS &amp; WATER SOLUTIONS\",\"isPartOf\":{\"@id\":\"https:\/\/www.bgeo.es\/#website\"},\"primaryImageOfPage\":{\"@id\":\"https:\/\/www.bgeo.es\/es\/implementacion\/#primaryimage\"},\"datePublished\":\"2014-09-25T17:32:05+00:00\",\"dateModified\":\"2022-01-13T16:47:24+00:00\",\"description\":\"La implementaci\\u00f3n de BGEO consisten en realizar los ajustes necesarios para exprimir al m\\u00e1ximo herramientas gratuitas y de gran potencial.\",\"breadcrumb\":{\"@id\":\"https:\/\/www.bgeo.es\/es\/implementacion\/#breadcrumb\"},\"inLanguage\":\"es\",\"potentialAction\":[{\"@type\":\"ReadAction\",\"target\":[\"https:\/\/www.bgeo.es\/es\/implementacion\/\"]}]},{\"@type\":\"BreadcrumbList\",\"@id\":\"https:\/\/www.bgeo.es\/es\/implementacion\/#breadcrumb\",\"itemListElement\":[{\"@type\":\"ListItem\",\"position\":1,\"name\":\"Inici\",\"item\":\"https:\/\/www.bgeo.es\/es\/\"},{\"@type\":\"ListItem\",\"position\":2,\"name\":\"Implementaci\\u00f3n\"}]}]}<\/script>\n<!-- \/ Yoast SEO plugin. -->","yoast_head_json":{"title":"Implementaci\u00f3n - BGEO - OPEN GIS &amp; WATER SOLUTIONS","description":"La implementaci\u00f3n de BGEO consisten en realizar los ajustes necesarios para exprimir al m\u00e1ximo herramientas gratuitas y de gran potencial.","robots":{"index":"index","follow":"follow","max-snippet":"max-snippet:-1","max-image-preview":"max-image-preview:large","max-video-preview":"max-video-preview:-1"},"canonical":"https:\/\/www.bgeo.es\/es\/implementacion\/","og_locale":"es_ES","og_type":"article","og_title":"Implementaci\u00f3n - BGEO - OPEN GIS &amp; WATER SOLUTIONS","og_description":"La implementaci\u00f3n de BGEO consisten en realizar los ajustes necesarios para exprimir al m\u00e1ximo herramientas gratuitas y de gran potencial.","og_url":"https:\/\/www.bgeo.es\/es\/implementacion\/","og_site_name":"BGEO - OPEN GIS &amp; WATER SOLUTIONS","article_publisher":"https:\/\/www.facebook.com\/bgeo.opengis\/","article_modified_time":"2022-01-13T16:47:24+00:00","og_image":[{"width":200,"height":200,"url":"https:\/\/www.bgeo.es\/wp-content\/uploads\/2021\/11\/bgeo-3.png","type":"image\/png"}],"twitter_card":"summary_large_image","twitter_site":"@bgeo_opengis","twitter_misc":{"Tiempo de lectura":"3 minutos"},"schema":{"@context":"https:\/\/schema.org","@graph":[{"@type":"Organization","@id":"https:\/\/www.bgeo.es\/#organization","name":"BGEO","url":"https:\/\/www.bgeo.es\/","sameAs":["https:\/\/www.facebook.com\/bgeo.opengis\/","https:\/\/www.instagram.com\/bgeogis\/","https:\/\/www.linkedin.com\/company\/bgeoopengissl\/","https:\/\/twitter.com\/bgeo_opengis"],"logo":{"@type":"ImageObject","@id":"https:\/\/www.bgeo.es\/#logo","inLanguage":"es","url":"https:\/\/www.bgeo.es\/wp-content\/uploads\/2014\/09\/BGEO_LOGO_600px-02-e1414015439640.png","contentUrl":"https:\/\/www.bgeo.es\/wp-content\/uploads\/2014\/09\/BGEO_LOGO_600px-02-e1414015439640.png","width":150,"height":78,"caption":"BGEO"},"image":{"@id":"https:\/\/www.bgeo.es\/#logo"}},{"@type":"WebSite","@id":"https:\/\/www.bgeo.es\/#website","url":"https:\/\/www.bgeo.es\/","name":"BGEO - OPEN GIS &amp; WATER SOLUTIONS","description":"Open gis water solutions","publisher":{"@id":"https:\/\/www.bgeo.es\/#organization"},"potentialAction":[{"@type":"SearchAction","target":{"@type":"EntryPoint","urlTemplate":"https:\/\/www.bgeo.es\/?s={search_term_string}"},"query-input":"required name=search_term_string"}],"inLanguage":"es"},{"@type":"ImageObject","@id":"https:\/\/www.bgeo.es\/es\/implementacion\/#primaryimage","inLanguage":"es","url":"https:\/\/www.bgeo.es\/wp-content\/uploads\/2021\/11\/bgeo-3.png","contentUrl":"https:\/\/www.bgeo.es\/wp-content\/uploads\/2021\/11\/bgeo-3.png","width":200,"height":200,"caption":"BGEO"},{"@type":"WebPage","@id":"https:\/\/www.bgeo.es\/es\/implementacion\/#webpage","url":"https:\/\/www.bgeo.es\/es\/implementacion\/","name":"Implementaci\u00f3n - BGEO - OPEN GIS &amp; WATER SOLUTIONS","isPartOf":{"@id":"https:\/\/www.bgeo.es\/#website"},"primaryImageOfPage":{"@id":"https:\/\/www.bgeo.es\/es\/implementacion\/#primaryimage"},"datePublished":"2014-09-25T17:32:05+00:00","dateModified":"2022-01-13T16:47:24+00:00","description":"La implementaci\u00f3n de BGEO consisten en realizar los ajustes necesarios para exprimir al m\u00e1ximo herramientas gratuitas y de gran potencial.","breadcrumb":{"@id":"https:\/\/www.bgeo.es\/es\/implementacion\/#breadcrumb"},"inLanguage":"es","potentialAction":[{"@type":"ReadAction","target":["https:\/\/www.bgeo.es\/es\/implementacion\/"]}]},{"@type":"BreadcrumbList","@id":"https:\/\/www.bgeo.es\/es\/implementacion\/#breadcrumb","itemListElement":[{"@type":"ListItem","position":1,"name":"Inici","item":"https:\/\/www.bgeo.es\/es\/"},{"@type":"ListItem","position":2,"name":"Implementaci\u00f3n"}]}]}},"_links":{"self":[{"href":"https:\/\/www.bgeo.es\/es\/wp-json\/wp\/v2\/pages\/1189"}],"collection":[{"href":"https:\/\/www.bgeo.es\/es\/wp-json\/wp\/v2\/pages"}],"about":[{"href":"https:\/\/www.bgeo.es\/es\/wp-json\/wp\/v2\/types\/page"}],"author":[{"embeddable":true,"href":"https:\/\/www.bgeo.es\/es\/wp-json\/wp\/v2\/users\/1"}],"replies":[{"embeddable":true,"href":"https:\/\/www.bgeo.es\/es\/wp-json\/wp\/v2\/comments?post=1189"}],"version-history":[{"count":17,"href":"https:\/\/www.bgeo.es\/es\/wp-json\/wp\/v2\/pages\/1189\/revisions"}],"predecessor-version":[{"id":6932,"href":"https:\/\/www.bgeo.es\/es\/wp-json\/wp\/v2\/pages\/1189\/revisions\/6932"}],"wp:featuredmedia":[{"embeddable":true,"href":"https:\/\/www.bgeo.es\/es\/wp-json\/wp\/v2\/media\/6480"}],"wp:attachment":[{"href":"https:\/\/www.bgeo.es\/es\/wp-json\/wp\/v2\/media?parent=1189"}],"curies":[{"name":"wp","href":"https:\/\/api.w.org\/{rel}","templated":true}]}}