{"id":1187,"date":"2014-11-24T19:49:36","date_gmt":"2014-11-24T19:49:36","guid":{"rendered":"https:\/\/www.bgeo.es\/?page_id=1187"},"modified":"2022-01-13T16:37:22","modified_gmt":"2022-01-13T16:37:22","slug":"consultoria","status":"publish","type":"page","link":"https:\/\/www.bgeo.es\/es\/consultoria\/","title":{"rendered":"Consultor\u00eda"},"content":{"rendered":"<p>[et_pb_section fb_built=\u00bb1&#8243; fullwidth=\u00bbon\u00bb _builder_version=\u00bb4.9.0&#8243; global_colors_info=\u00bb{}\u00bb][et_pb_fullwidth_header title=\u00bbConsultor\u00eda\u00bb text_orientation=\u00bbcenter\u00bb _builder_version=\u00bb4.13.1&#8243; title_font=\u00bb|700||on|||||\u00bb title_text_align=\u00bbcenter\u00bb title_text_color=\u00bb#FFFFFF\u00bb title_font_size=\u00bb45px\u00bb title_letter_spacing=\u00bb5px\u00bb background_color=\u00bbrgba(255, 255, 255, 0)\u00bb background_image=\u00bbhttps:\/\/www.bgeo.es\/wp-content\/uploads\/2021\/06\/bgeo-consultoria.jpg\u00bb background_layout=\u00bblight\u00bb custom_padding=\u00bb100px||100px|\u00bb title_text_shadow_style=\u00bbpreset3&#8243; title_text_shadow_color=\u00bbrgba(0,0,0,0.97)\u00bb global_colors_info=\u00bb{}\u00bb button_one_text_size__hover_enabled=\u00bboff\u00bb button_two_text_size__hover_enabled=\u00bboff\u00bb button_one_text_color__hover_enabled=\u00bboff\u00bb button_two_text_color__hover_enabled=\u00bboff\u00bb button_one_border_width__hover_enabled=\u00bboff\u00bb button_two_border_width__hover_enabled=\u00bboff\u00bb button_one_border_color__hover_enabled=\u00bboff\u00bb button_two_border_color__hover_enabled=\u00bboff\u00bb button_one_border_radius__hover_enabled=\u00bboff\u00bb button_two_border_radius__hover_enabled=\u00bboff\u00bb button_one_letter_spacing__hover_enabled=\u00bboff\u00bb button_two_letter_spacing__hover_enabled=\u00bboff\u00bb button_one_bg_color__hover_enabled=\u00bboff\u00bb button_two_bg_color__hover_enabled=\u00bboff\u00bb][\/et_pb_fullwidth_header][\/et_pb_section][et_pb_section fb_built=\u00bb1&#8243; _builder_version=\u00bb4.9.0&#8243; custom_padding=\u00bb||||false|false\u00bb global_colors_info=\u00bb{}\u00bb][et_pb_row _builder_version=\u00bb4.9.0&#8243; _module_preset=\u00bbdefault\u00bb global_colors_info=\u00bb{}\u00bb][et_pb_column type=\u00bb4_4&#8243; _builder_version=\u00bb4.9.0&#8243; _module_preset=\u00bbdefault\u00bb global_colors_info=\u00bb{}\u00bb][et_pb_text _builder_version=\u00bb4.13.1&#8243; _module_preset=\u00bbdefault\u00bb global_colors_info=\u00bb{}\u00bb]<\/p>\n<h2>Garantiza el \u00e9xito de tu proyecto<\/h2>\n<p style=\"text-align: justify;\">Un buen diagn\u00f3stico de las necesidades reales y futuras es lo que garantiza el \u00e9xito en la implantaci\u00f3n de los proyectos de nuestros clientes. Nuestro servicio de consultor\u00eda se basa en detectar adecuadamente lo que hace falta hoy, pero tambi\u00e9n lo que puede convenir ma\u00f1ana. Adem\u00e1s de combinarlo con una evaluaci\u00f3n detallada de los recursos disponibles. De esta manera se consigue asegurar un retorno de la inversi\u00f3n mucho m\u00e1s r\u00e1pido y un conocimiento profundo de las herramientas que proponemos y de sus prestaciones.<\/p>\n<p style=\"text-align: justify;\">Si tu empresa o tu administraci\u00f3n est\u00e1 plante\u00e1ndose disponer de un <strong>sistema GIS<\/strong>, o necesita un programa para la gesti\u00f3n del ciclo del agua, invierte tiempo en conocer <strong>BGEO<\/strong>. Podemos ofrecerte un asesoramiento basado en tecnolog\u00edas de c\u00f3digo abierto que cumplir\u00e1 con tus objetivos estrat\u00e9gicos, al mismo tiempo que reducir\u00e1 dr\u00e1sticamente tu inversi\u00f3n y gasto en tecnolog\u00eda.<\/p>\n<p style=\"text-align: justify;\"><strong>Giswater<\/strong>\u00a0es un controlador que conecta cualquier base espacial a los programas EPANET, EPA SWMM y HEC-RAS.<\/p>\n<p>[\/et_pb_text][\/et_pb_column][\/et_pb_row][\/et_pb_section][et_pb_section fb_built=\u00bb1&#8243; _builder_version=\u00bb3.22&#8243; background_color=\u00bb#f6f6f6&#8243; global_colors_info=\u00bb{}\u00bb][et_pb_row _builder_version=\u00bb4.9.0&#8243; _module_preset=\u00bbdefault\u00bb global_colors_info=\u00bb{}\u00bb][et_pb_column type=\u00bb4_4&#8243; _builder_version=\u00bb4.9.0&#8243; _module_preset=\u00bbdefault\u00bb global_colors_info=\u00bb{}\u00bb][et_pb_text _builder_version=\u00bb4.13.1&#8243; global_colors_info=\u00bb{}\u00bb]<\/p>\n<h3 class=\"underline bgleft\">Consultor\u00eda Giswater:<\/h3>\n<p>[\/et_pb_text][et_pb_text _builder_version=\u00bb4.9.0&#8243; _module_preset=\u00bbdefault\u00bb global_colors_info=\u00bb{}\u00bb]<\/p>\n<p>Te ayudamos en tus primeros pasos con Giswater.<\/p>\n<p>Desc\u00e1rgate libremente la herramienta y contacta con nosotros, te ayudaremos en la instalaci\u00f3n y en su puesta en marcha.<\/p>\n<ul>\n<li>Te guiamos en la migraci\u00f3n de datos en diferentes formatos<\/li>\n<li>Familiar\u00edzate con el modelo de datos y configura tu proyecto<\/li>\n<li>Levanta tu primer proyecto con tus propios datos<\/li>\n<li>Conecta con EPANET y\/o SWMM y haz tu primera simulaci\u00f3n hidr\u00e1ulica<\/li>\n<\/ul>\n<p>En funcion de tus necesidades disponemos de packs de asistencia telem\u00e1tica por horas:<\/p>\n<ul>\n<li>2 horas aplicadas a lo largo de una semana<\/li>\n<li>5 horas aplicadas a lo largo de un mes<\/li>\n<li>10 horas aplicadas a lo largo de tres meses<\/li>\n<\/ul>\n<p>&nbsp;<\/p>\n<p>[\/et_pb_text][et_pb_button button_url=\u00bbhttps:\/\/www.giswater.org\/descarga\/\u00bb url_new_window=\u00bbon\u00bb button_text=\u00bbDesc\u00e1rgate aqu\u00ed el software de GISWATER\u00bb _builder_version=\u00bb4.9.0&#8243; _module_preset=\u00bbdefault\u00bb locked=\u00bboff\u00bb global_colors_info=\u00bb{}\u00bb][\/et_pb_button][\/et_pb_column][\/et_pb_row][\/et_pb_section][et_pb_section fb_built=\u00bb1&#8243; module_id=\u00bbrow-six\u00bb _builder_version=\u00bb4.9.0&#8243; background_color=\u00bbgcid-d8eaa081-4be0-4518-bf91-03c8b6e95d5a\u00bb global_colors_info=\u00bb{%22gcid-d8eaa081-4be0-4518-bf91-03c8b6e95d5a%22:%91%22background_color%22%93}\u00bb][et_pb_row _builder_version=\u00bb4.9.0&#8243; animation_direction=\u00bbtop\u00bb global_colors_info=\u00bb{}\u00bb][et_pb_column type=\u00bb4_4&#8243; _builder_version=\u00bb4.9.0&#8243; custom_padding=\u00bb|||\u00bb global_colors_info=\u00bb{}\u00bb custom_padding__hover=\u00bb|||\u00bb][et_pb_cta title=\u00bbContacta con BGEO para saber m\u00e1s sobre nuestras consultor\u00edas\u00bb button_url=\u00bb@ET-DC@eyJkeW5hbWljIjp0cnVlLCJjb250ZW50IjoicG9zdF9saW5rX3VybF9wYWdlIiwic2V0dGluZ3MiOnsicG9zdF9pZCI6Ijk5In19@\u00bb button_text=\u00bbContacta\u00bb _builder_version=\u00bb4.13.1&#8243; _dynamic_attributes=\u00bbbutton_url\u00bb _module_preset=\u00bbdefault\u00bb background_enable_color=\u00bboff\u00bb custom_button=\u00bbon\u00bb button_text_color=\u00bb#0C71C3&#8243; button_bg_color=\u00bb#FFFFFF\u00bb global_colors_info=\u00bb{}\u00bb]<\/p>\n<p><strong>Contacta con nosotros<\/strong> y concertaremos una visita para informarte sobre nuestro servicio de consultor\u00eda.<\/p>\n<p>[\/et_pb_cta][\/et_pb_column][\/et_pb_row][\/et_pb_section]<\/p>\n","protected":false},"excerpt":{"rendered":"<p>Garantiza el \u00e9xito de tu proyecto Un buen diagn\u00f3stico de las necesidades reales y futuras es lo que garantiza el \u00e9xito en la implantaci\u00f3n de los proyectos de nuestros clientes. Nuestro servicio de consultor\u00eda se basa en detectar adecuadamente lo que hace falta hoy, pero tambi\u00e9n lo que puede convenir ma\u00f1ana. Adem\u00e1s de combinarlo con [&hellip;]<\/p>\n","protected":false},"author":1,"featured_media":6480,"parent":0,"menu_order":1,"comment_status":"open","ping_status":"closed","template":"","meta":{"_et_pb_use_builder":"on","_et_pb_old_content":"<p>[separator top=\"-20\"]<br \/>[two_third]<\/p>\r\n<h2>Consultor\u00eda:<\/h2>\r\n<ul>\r\n<li>Un buen diagn\u00f3stico de las necesidades reales y futuras es lo que garantiza el \u00e9xito en la implantaci\u00f3n de los proyectos de nuestros clientes. Nuestro servicio de consultor\u00eda se basa en detectar adecuadamente lo que hace falta hoy, pero tambi\u00e9n lo que puede convenir ma\u00f1ana. Y adem\u00e1s, combinarlo con una evaluaci\u00f3n detallada de los recursos disponibles. De esta manera se consigue asegurar un retorno de la inversi\u00f3n mucho m\u00e1s r\u00e1pido y un conocimiento profundo de las herramientas que proponemos y de sus prestaciones.<\/li>\r\n<\/ul>\r\n<ul>\r\n<li>Si tu empresa o tu administraci\u00f3n est\u00e1 plante\u00e1ndose disponer de un sistema GIS o necesita un programa para la gesti\u00f3n del ciclo del agua invierte un tiempo en conocer BGEO. Podemos ofrecerte un asesoramiento basado en tecnolog\u00edas de c\u00f3digo abierto que cumplir\u00e1 con tus objetivos estrat\u00e9gicos al tiempo que reducir\u00e1 dr\u00e1sticamente tu inversi\u00f3n y gasto en tecnolog\u00eda.<br \/><br \/><\/li>\r\n<li>GISWATER es un controlador que conecta cualquier base espacial a los programas EPANET, EPA SWMM y HEC-RAS.<\/li>\r\n<\/ul>\r\n<h2>Quick start Giswater:<\/h2>\r\n<ul>\r\n<li>Te ayudamos en tus primeros pasos con Giswater. Desc\u00e1rgate libremente la herramienta y contacta con nosotros, te ayudaremos en la instalaci\u00f3n y en su puesta en marcha. Te guiamos en la migraci\u00f3n de datos en diferentes formatos. Soporte online.<\/li>\r\n<\/ul>\r\n<p>       - Familiar\u00edzate con el modelo de datos y configura tu proyecto<br \/>       - Levanta tu primer proyecto con tus propios datos<br \/>       - Conecta con EPANET y\/o SWMM y haz tu primera simulaci\u00f3n hidr\u00e1ulica<\/p>\r\n<p><strong>       Packs de asistencia telem\u00e1tica por horas (en funci\u00f3n de tus necesidades):<br \/><\/strong>       - 2 horas aplicadas a lo largo de una semana<br \/>       - 5 horas aplicadas a lo largo de un mes<br \/>       - 10 horas aplicadas a lo largo de tres meses<\/p>\r\n<p>      Contacta para m\u00e1s informaci\u00f3n en <a class=\"moz-txt-link-abbreviated\" href=\"mailto:info@bgeo.es\">info@bgeo.es<\/a><\/p>\r\n<p>[\/two_third]<br \/>[one_third last=\"yes\"]<br \/>[separator top=\"30\"]<br \/><span class=\"fusion-imageframe imageframe imageframe-dropshadow imageframe-3\"><img src=\"https:\/\/www.bgeo.es\/wp-content\/uploads\/2014\/09\/consultoria.jpg\" alt=\"\" align=\"right\" \/><br \/>[\/one_third]<\/span><\/p>\r\n\r\n<!-- wp:paragraph -->\r\n<p><\/p>\r\n<!-- \/wp:paragraph -->","_et_gb_content_width":""},"yoast_head":"<!-- This site is optimized with the Yoast SEO plugin v17.6 - https:\/\/yoast.com\/wordpress\/plugins\/seo\/ -->\n<title>Consultor\u00eda - BGEO - OPEN GIS &amp; WATER SOLUTIONS<\/title>\n<meta name=\"description\" content=\"La consultor\u00eda de BGEO garantiza el \u00e9xito de tu proyecto con un diagn\u00f3stico de las necesidades reales en la implantaci\u00f3n de los proyectos.\" \/>\n<meta name=\"robots\" content=\"index, follow, max-snippet:-1, max-image-preview:large, max-video-preview:-1\" \/>\n<link rel=\"canonical\" href=\"https:\/\/www.bgeo.es\/es\/consultoria\/\" \/>\n<meta property=\"og:locale\" content=\"es_ES\" \/>\n<meta property=\"og:type\" content=\"article\" \/>\n<meta property=\"og:title\" content=\"Consultor\u00eda - BGEO - OPEN GIS &amp; WATER SOLUTIONS\" \/>\n<meta property=\"og:description\" content=\"La consultor\u00eda de BGEO garantiza el \u00e9xito de tu proyecto con un diagn\u00f3stico de las necesidades reales en la implantaci\u00f3n de los proyectos.\" \/>\n<meta property=\"og:url\" content=\"https:\/\/www.bgeo.es\/es\/consultoria\/\" \/>\n<meta property=\"og:site_name\" content=\"BGEO - OPEN GIS &amp; WATER SOLUTIONS\" \/>\n<meta property=\"article:publisher\" content=\"https:\/\/www.facebook.com\/bgeo.opengis\/\" \/>\n<meta property=\"article:modified_time\" content=\"2022-01-13T16:37:22+00:00\" \/>\n<meta property=\"og:image\" content=\"https:\/\/www.bgeo.es\/wp-content\/uploads\/2021\/11\/bgeo-3.png\" \/>\n\t<meta property=\"og:image:width\" content=\"200\" \/>\n\t<meta property=\"og:image:height\" content=\"200\" \/>\n<meta name=\"twitter:card\" content=\"summary_large_image\" \/>\n<meta name=\"twitter:site\" content=\"@bgeo_opengis\" \/>\n<meta name=\"twitter:label1\" content=\"Tiempo de lectura\" \/>\n\t<meta name=\"twitter:data1\" content=\"4 minutos\" \/>\n<script type=\"application\/ld+json\" class=\"yoast-schema-graph\">{\"@context\":\"https:\/\/schema.org\",\"@graph\":[{\"@type\":\"Organization\",\"@id\":\"https:\/\/www.bgeo.es\/#organization\",\"name\":\"BGEO\",\"url\":\"https:\/\/www.bgeo.es\/\",\"sameAs\":[\"https:\/\/www.facebook.com\/bgeo.opengis\/\",\"https:\/\/www.instagram.com\/bgeogis\/\",\"https:\/\/www.linkedin.com\/company\/bgeoopengissl\/\",\"https:\/\/twitter.com\/bgeo_opengis\"],\"logo\":{\"@type\":\"ImageObject\",\"@id\":\"https:\/\/www.bgeo.es\/#logo\",\"inLanguage\":\"es\",\"url\":\"https:\/\/www.bgeo.es\/wp-content\/uploads\/2014\/09\/BGEO_LOGO_600px-02-e1414015439640.png\",\"contentUrl\":\"https:\/\/www.bgeo.es\/wp-content\/uploads\/2014\/09\/BGEO_LOGO_600px-02-e1414015439640.png\",\"width\":150,\"height\":78,\"caption\":\"BGEO\"},\"image\":{\"@id\":\"https:\/\/www.bgeo.es\/#logo\"}},{\"@type\":\"WebSite\",\"@id\":\"https:\/\/www.bgeo.es\/#website\",\"url\":\"https:\/\/www.bgeo.es\/\",\"name\":\"BGEO - OPEN GIS &amp; WATER SOLUTIONS\",\"description\":\"Open gis water solutions\",\"publisher\":{\"@id\":\"https:\/\/www.bgeo.es\/#organization\"},\"potentialAction\":[{\"@type\":\"SearchAction\",\"target\":{\"@type\":\"EntryPoint\",\"urlTemplate\":\"https:\/\/www.bgeo.es\/?s={search_term_string}\"},\"query-input\":\"required name=search_term_string\"}],\"inLanguage\":\"es\"},{\"@type\":\"ImageObject\",\"@id\":\"https:\/\/www.bgeo.es\/es\/consultoria\/#primaryimage\",\"inLanguage\":\"es\",\"url\":\"https:\/\/www.bgeo.es\/wp-content\/uploads\/2021\/11\/bgeo-3.png\",\"contentUrl\":\"https:\/\/www.bgeo.es\/wp-content\/uploads\/2021\/11\/bgeo-3.png\",\"width\":200,\"height\":200,\"caption\":\"BGEO\"},{\"@type\":\"WebPage\",\"@id\":\"https:\/\/www.bgeo.es\/es\/consultoria\/#webpage\",\"url\":\"https:\/\/www.bgeo.es\/es\/consultoria\/\",\"name\":\"Consultor\\u00eda - BGEO - OPEN GIS &amp; WATER SOLUTIONS\",\"isPartOf\":{\"@id\":\"https:\/\/www.bgeo.es\/#website\"},\"primaryImageOfPage\":{\"@id\":\"https:\/\/www.bgeo.es\/es\/consultoria\/#primaryimage\"},\"datePublished\":\"2014-11-24T19:49:36+00:00\",\"dateModified\":\"2022-01-13T16:37:22+00:00\",\"description\":\"La consultor\\u00eda de BGEO garantiza el \\u00e9xito de tu proyecto con un diagn\\u00f3stico de las necesidades reales en la implantaci\\u00f3n de los proyectos.\",\"breadcrumb\":{\"@id\":\"https:\/\/www.bgeo.es\/es\/consultoria\/#breadcrumb\"},\"inLanguage\":\"es\",\"potentialAction\":[{\"@type\":\"ReadAction\",\"target\":[\"https:\/\/www.bgeo.es\/es\/consultoria\/\"]}]},{\"@type\":\"BreadcrumbList\",\"@id\":\"https:\/\/www.bgeo.es\/es\/consultoria\/#breadcrumb\",\"itemListElement\":[{\"@type\":\"ListItem\",\"position\":1,\"name\":\"Inici\",\"item\":\"https:\/\/www.bgeo.es\/es\/\"},{\"@type\":\"ListItem\",\"position\":2,\"name\":\"Consultor\\u00eda\"}]}]}<\/script>\n<!-- \/ Yoast SEO plugin. -->","yoast_head_json":{"title":"Consultor\u00eda - BGEO - OPEN GIS &amp; WATER SOLUTIONS","description":"La consultor\u00eda de BGEO garantiza el \u00e9xito de tu proyecto con un diagn\u00f3stico de las necesidades reales en la implantaci\u00f3n de los proyectos.","robots":{"index":"index","follow":"follow","max-snippet":"max-snippet:-1","max-image-preview":"max-image-preview:large","max-video-preview":"max-video-preview:-1"},"canonical":"https:\/\/www.bgeo.es\/es\/consultoria\/","og_locale":"es_ES","og_type":"article","og_title":"Consultor\u00eda - BGEO - OPEN GIS &amp; WATER SOLUTIONS","og_description":"La consultor\u00eda de BGEO garantiza el \u00e9xito de tu proyecto con un diagn\u00f3stico de las necesidades reales en la implantaci\u00f3n de los proyectos.","og_url":"https:\/\/www.bgeo.es\/es\/consultoria\/","og_site_name":"BGEO - OPEN GIS &amp; WATER SOLUTIONS","article_publisher":"https:\/\/www.facebook.com\/bgeo.opengis\/","article_modified_time":"2022-01-13T16:37:22+00:00","og_image":[{"width":200,"height":200,"url":"https:\/\/www.bgeo.es\/wp-content\/uploads\/2021\/11\/bgeo-3.png","type":"image\/png"}],"twitter_card":"summary_large_image","twitter_site":"@bgeo_opengis","twitter_misc":{"Tiempo de lectura":"4 minutos"},"schema":{"@context":"https:\/\/schema.org","@graph":[{"@type":"Organization","@id":"https:\/\/www.bgeo.es\/#organization","name":"BGEO","url":"https:\/\/www.bgeo.es\/","sameAs":["https:\/\/www.facebook.com\/bgeo.opengis\/","https:\/\/www.instagram.com\/bgeogis\/","https:\/\/www.linkedin.com\/company\/bgeoopengissl\/","https:\/\/twitter.com\/bgeo_opengis"],"logo":{"@type":"ImageObject","@id":"https:\/\/www.bgeo.es\/#logo","inLanguage":"es","url":"https:\/\/www.bgeo.es\/wp-content\/uploads\/2014\/09\/BGEO_LOGO_600px-02-e1414015439640.png","contentUrl":"https:\/\/www.bgeo.es\/wp-content\/uploads\/2014\/09\/BGEO_LOGO_600px-02-e1414015439640.png","width":150,"height":78,"caption":"BGEO"},"image":{"@id":"https:\/\/www.bgeo.es\/#logo"}},{"@type":"WebSite","@id":"https:\/\/www.bgeo.es\/#website","url":"https:\/\/www.bgeo.es\/","name":"BGEO - OPEN GIS &amp; WATER SOLUTIONS","description":"Open gis water solutions","publisher":{"@id":"https:\/\/www.bgeo.es\/#organization"},"potentialAction":[{"@type":"SearchAction","target":{"@type":"EntryPoint","urlTemplate":"https:\/\/www.bgeo.es\/?s={search_term_string}"},"query-input":"required name=search_term_string"}],"inLanguage":"es"},{"@type":"ImageObject","@id":"https:\/\/www.bgeo.es\/es\/consultoria\/#primaryimage","inLanguage":"es","url":"https:\/\/www.bgeo.es\/wp-content\/uploads\/2021\/11\/bgeo-3.png","contentUrl":"https:\/\/www.bgeo.es\/wp-content\/uploads\/2021\/11\/bgeo-3.png","width":200,"height":200,"caption":"BGEO"},{"@type":"WebPage","@id":"https:\/\/www.bgeo.es\/es\/consultoria\/#webpage","url":"https:\/\/www.bgeo.es\/es\/consultoria\/","name":"Consultor\u00eda - BGEO - OPEN GIS &amp; WATER SOLUTIONS","isPartOf":{"@id":"https:\/\/www.bgeo.es\/#website"},"primaryImageOfPage":{"@id":"https:\/\/www.bgeo.es\/es\/consultoria\/#primaryimage"},"datePublished":"2014-11-24T19:49:36+00:00","dateModified":"2022-01-13T16:37:22+00:00","description":"La consultor\u00eda de BGEO garantiza el \u00e9xito de tu proyecto con un diagn\u00f3stico de las necesidades reales en la implantaci\u00f3n de los proyectos.","breadcrumb":{"@id":"https:\/\/www.bgeo.es\/es\/consultoria\/#breadcrumb"},"inLanguage":"es","potentialAction":[{"@type":"ReadAction","target":["https:\/\/www.bgeo.es\/es\/consultoria\/"]}]},{"@type":"BreadcrumbList","@id":"https:\/\/www.bgeo.es\/es\/consultoria\/#breadcrumb","itemListElement":[{"@type":"ListItem","position":1,"name":"Inici","item":"https:\/\/www.bgeo.es\/es\/"},{"@type":"ListItem","position":2,"name":"Consultor\u00eda"}]}]}},"_links":{"self":[{"href":"https:\/\/www.bgeo.es\/es\/wp-json\/wp\/v2\/pages\/1187"}],"collection":[{"href":"https:\/\/www.bgeo.es\/es\/wp-json\/wp\/v2\/pages"}],"about":[{"href":"https:\/\/www.bgeo.es\/es\/wp-json\/wp\/v2\/types\/page"}],"author":[{"embeddable":true,"href":"https:\/\/www.bgeo.es\/es\/wp-json\/wp\/v2\/users\/1"}],"replies":[{"embeddable":true,"href":"https:\/\/www.bgeo.es\/es\/wp-json\/wp\/v2\/comments?post=1187"}],"version-history":[{"count":25,"href":"https:\/\/www.bgeo.es\/es\/wp-json\/wp\/v2\/pages\/1187\/revisions"}],"predecessor-version":[{"id":6927,"href":"https:\/\/www.bgeo.es\/es\/wp-json\/wp\/v2\/pages\/1187\/revisions\/6927"}],"wp:featuredmedia":[{"embeddable":true,"href":"https:\/\/www.bgeo.es\/es\/wp-json\/wp\/v2\/media\/6480"}],"wp:attachment":[{"href":"https:\/\/www.bgeo.es\/es\/wp-json\/wp\/v2\/media?parent=1187"}],"curies":[{"name":"wp","href":"https:\/\/api.w.org\/{rel}","templated":true}]}}