{"id":1178,"date":"2014-11-04T22:39:46","date_gmt":"2014-11-04T22:39:46","guid":{"rendered":"https:\/\/www.bgeo.es\/?page_id=1178"},"modified":"2026-02-27T08:07:09","modified_gmt":"2026-02-27T08:07:09","slug":"webmapping","status":"publish","type":"page","link":"https:\/\/www.bgeo.es\/es\/webmapping\/","title":{"rendered":"WEBMAPPING"},"content":{"rendered":"<p>[et_pb_section fb_built=\u00bb1&#8243; fullwidth=\u00bbon\u00bb _builder_version=\u00bb4.9.0&#8243; global_colors_info=\u00bb{}\u00bb][et_pb_fullwidth_header title=\u00bbWEBMAPPING\u00bb text_orientation=\u00bbcenter\u00bb _builder_version=\u00bb4.9.0&#8243; title_font=\u00bb|700||on|||||\u00bb title_text_align=\u00bbcenter\u00bb title_text_color=\u00bb#FFFFFF\u00bb title_font_size=\u00bb45px\u00bb title_letter_spacing=\u00bb5px\u00bb background_color=\u00bb#1A80B6&#8243; background_image=\u00bbhttps:\/\/www.bgeo.es\/wp-content\/uploads\/2021\/07\/bmaps-scaled.jpg\u00bb background_layout=\u00bblight\u00bb custom_padding=\u00bb100px||100px|\u00bb title_text_shadow_style=\u00bbpreset3&#8243; title_text_shadow_color=\u00bbrgba(0,0,0,0.94)\u00bb global_colors_info=\u00bb{}\u00bb button_one_text_size__hover_enabled=\u00bboff\u00bb button_two_text_size__hover_enabled=\u00bboff\u00bb button_one_text_color__hover_enabled=\u00bboff\u00bb button_two_text_color__hover_enabled=\u00bboff\u00bb button_one_border_width__hover_enabled=\u00bboff\u00bb button_two_border_width__hover_enabled=\u00bboff\u00bb button_one_border_color__hover_enabled=\u00bboff\u00bb button_two_border_color__hover_enabled=\u00bboff\u00bb button_one_border_radius__hover_enabled=\u00bboff\u00bb button_two_border_radius__hover_enabled=\u00bboff\u00bb button_one_letter_spacing__hover_enabled=\u00bboff\u00bb button_two_letter_spacing__hover_enabled=\u00bboff\u00bb button_one_bg_color__hover_enabled=\u00bboff\u00bb button_two_bg_color__hover_enabled=\u00bboff\u00bb][\/et_pb_fullwidth_header][\/et_pb_section][et_pb_section fb_built=\u00bb1&#8243; _builder_version=\u00bb4.9.0&#8243; min_height=\u00bb757.3px\u00bb custom_margin=\u00bb||-47px|||\u00bb custom_padding=\u00bb||||false|false\u00bb global_colors_info=\u00bb{}\u00bb][et_pb_row _builder_version=\u00bb4.9.0&#8243; _module_preset=\u00bbdefault\u00bb min_height=\u00bb651.3px\u00bb global_colors_info=\u00bb{}\u00bb][et_pb_column type=\u00bb4_4&#8243; _builder_version=\u00bb4.9.0&#8243; _module_preset=\u00bbdefault\u00bb global_colors_info=\u00bb{}\u00bb][et_pb_text _builder_version=\u00bb4.9.0&#8243; _module_preset=\u00bbdefault\u00bb text_font=\u00bb||||||||\u00bb min_height=\u00bb242.6px\u00bb global_colors_info=\u00bb{}\u00bb]<\/p>\n<h2>Trabaja con mapas desde cualquier navegador<\/h2>\n<p style=\"text-align: justify;\">El<em><b> Webmapping <\/b><\/em>es una herramienta que permite crear y editar los mapas, generar informaci\u00f3n por capas y crear tantas vistas personalizadas como se quieran. Esto, combinado con el hecho de que se puede acceder desde cualquier dispositivo fijo o m\u00f3vil que tenga conexi\u00f3n a la red de datos, lo convierte en un recurso imprescindible para el trabajo de campo.<\/p>\n<p style=\"text-align: justify;\">\n<p style=\"text-align: justify;\"><span>En este sentido, usamos potentes plataformas abiertas en el entorno de open <em>Webmapping<\/em> c\u00f3mo son GEONODE-MAPSTORE y QWC2. Trabajamos con la soluci\u00f3n que m\u00e1s se ajuste a tu proyecto. <\/span><\/p>\n<p style=\"text-align: justify;\"><span aria-label=\"\" class=\"c-mrkdwn__br\" data-stringify-type=\"paragraph-break\"><\/span><span>De forma general, en todas las plataformas con las que trabajamos en BGEO tienen las siguientes caracter\u00edsticas:<\/span><\/p>\n<p style=\"text-align: justify;\"><span><\/span><\/p>\n<p>[\/et_pb_text][et_pb_text _builder_version=\u00bb4.13.1&#8243; _module_preset=\u00bbdefault\u00bb text_font=\u00bb||||||||\u00bb background_color=\u00bb#FFFFFF\u00bb min_height=\u00bb341px\u00bb custom_margin=\u00bb-28px|||||\u00bb custom_padding=\u00bb||6px|||\u00bb global_colors_info=\u00bb{}\u00bb]<\/p>\n<ul>\n<li style=\"text-align: justify;\"><strong>Informaci\u00f3n geolocalizada en un mapa<\/strong>: Olv\u00eddate de buscar la informaci\u00f3n en carpetas o por fechas. Despl\u00e1zate sobre el mapa y anota o consulta los datos geolocalizados.<\/li>\n<li style=\"text-align: justify;\"><strong>Inventario actualizado permanentemente<\/strong>: La utilizaci\u00f3n de mapas permite actualizar el inventario en el mismo momento que se hace el trabajo de campo. Esto es una enorme ventaja para saber en todo momento cu\u00e1l es la situaci\u00f3n de los activos.<\/li>\n<li style=\"text-align: justify;\"><strong>Realizaci\u00f3n de presupuestos y pliegos t\u00e9cnicos<\/strong>: Los datos recogidos por nuestras plataformas se convierten en una herramienta muy potente para ayudar a preparar presupuestos o redactar pliegos t\u00e9cnicos de concursos p\u00fablicos. Las diferentes visualizaciones y filtros permiten obtener datos importantes a la hora de prever los recursos que ser\u00e1n necesarios.<\/li>\n<li style=\"text-align: justify;\"><strong>Planificaci\u00f3n de campa\u00f1as<\/strong>: Nuestras soluciones webmapping tambi\u00e9n son un gran aliado a la hora de planificar actuaciones o campa\u00f1as. Especialmente, cuando son de gran alcance, como la poda del arbolado p\u00fablico o el mantenimiento de los contenedores de una ciudad.<\/li>\n<li style=\"text-align: justify;\"><strong>Seguimiento de trabajos a tiempo real<\/strong>: En cualquier momento los responsables de un equipo pueden saber en qu\u00e9 punto geogr\u00e1fico est\u00e1n sus empleados y tener una visi\u00f3n global de c\u00f3mo est\u00e1 el trabajo de ese d\u00eda o de aquella campa\u00f1a.<\/li>\n<li style=\"text-align: justify;\"><strong>Ideal para administraciones y empresas<\/strong>: son soluciones asequibles, potentes e imprescindible para cualquier administraci\u00f3n que quiera optimizar sus recursos. Tambi\u00e9n es extraordinariamente \u00fatil para empresas que prestan servicios sobre el terreno.<\/li>\n<\/ul>\n<p>[\/et_pb_text][\/et_pb_column][\/et_pb_row][\/et_pb_section][et_pb_section fb_built=\u00bb1&#8243; _builder_version=\u00bb4.13.1&#8243; background_color=\u00bb#E8E8E8&#8243; min_height=\u00bb594.5px\u00bb custom_margin=\u00bb-12px||-26px|||\u00bb custom_padding=\u00bb38px||55px||false|false\u00bb global_colors_info=\u00bb{}\u00bb][et_pb_row _builder_version=\u00bb4.9.0&#8243; _module_preset=\u00bbdefault\u00bb custom_padding=\u00bb13px||0px|0px|false|false\u00bb global_colors_info=\u00bb{}\u00bb][et_pb_column type=\u00bb4_4&#8243; _builder_version=\u00bb4.9.0&#8243; _module_preset=\u00bbdefault\u00bb global_colors_info=\u00bb{}\u00bb][et_pb_text _builder_version=\u00bb4.9.0&#8243; _module_preset=\u00bbdefault\u00bb text_font=\u00bb||||||||\u00bb global_colors_info=\u00bb{}\u00bb]<\/p>\n<h3><strong>MAPSTORE<\/strong><\/h3>\n<p>[\/et_pb_text][\/et_pb_column][\/et_pb_row][et_pb_row _builder_version=\u00bb4.9.0&#8243; _module_preset=\u00bbdefault\u00bb custom_padding=\u00bb0px|||8px|false|false\u00bb global_colors_info=\u00bb{}\u00bb][et_pb_column type=\u00bb4_4&#8243; _builder_version=\u00bb4.9.0&#8243; _module_preset=\u00bbdefault\u00bb global_colors_info=\u00bb{}\u00bb][et_pb_image src=\u00bbhttps:\/\/www.bgeo.es\/wp-content\/uploads\/2023\/04\/mapstore.png\u00bb title_text=\u00bbmapstore\u00bb _builder_version=\u00bb4.13.1&#8243; _module_preset=\u00bbdefault\u00bb width=\u00bb100%\u00bb custom_margin=\u00bb|||-18px||\u00bb custom_padding=\u00bb|0px||||\u00bb global_colors_info=\u00bb{}\u00bb][\/et_pb_image][\/et_pb_column][\/et_pb_row][\/et_pb_section][et_pb_section fb_built=\u00bb1&#8243; _builder_version=\u00bb4.13.1&#8243; background_color=\u00bb#FFFFFF\u00bb min_height=\u00bb420.9px\u00bb custom_margin=\u00bb||-9px|||\u00bb custom_padding=\u00bb21px||10px||false|false\u00bb global_colors_info=\u00bb{}\u00bb][et_pb_row _builder_version=\u00bb4.9.0&#8243; _module_preset=\u00bbdefault\u00bb custom_padding=\u00bb||0px||false|false\u00bb global_colors_info=\u00bb{}\u00bb][et_pb_column type=\u00bb4_4&#8243; _builder_version=\u00bb4.9.0&#8243; _module_preset=\u00bbdefault\u00bb global_colors_info=\u00bb{}\u00bb][et_pb_text _builder_version=\u00bb4.9.0&#8243; _module_preset=\u00bbdefault\u00bb text_font=\u00bb||||||||\u00bb global_colors_info=\u00bb{}\u00bb]<\/p>\n<h3><strong>QWC2<\/strong><\/h3>\n<p>[\/et_pb_text][\/et_pb_column][\/et_pb_row][et_pb_row column_structure=\u00bb2_3,1_3&#8243; _builder_version=\u00bb4.9.0&#8243; _module_preset=\u00bbdefault\u00bb custom_padding=\u00bb0px|||8px|false|false\u00bb global_colors_info=\u00bb{}\u00bb][et_pb_column type=\u00bb2_3&#8243; _builder_version=\u00bb4.9.0&#8243; _module_preset=\u00bbdefault\u00bb global_colors_info=\u00bb{}\u00bb][et_pb_image src=\u00bbhttps:\/\/www.bgeo.es\/wp-content\/uploads\/2023\/04\/qwc2.png\u00bb title_text=\u00bbqwc2&#8243; _builder_version=\u00bb4.13.1&#8243; _module_preset=\u00bbdefault\u00bb width=\u00bb100%\u00bb custom_margin=\u00bb|||-18px||\u00bb custom_padding=\u00bb|0px||||\u00bb global_colors_info=\u00bb{}\u00bb][\/et_pb_image][\/et_pb_column][et_pb_column type=\u00bb1_3&#8243; _builder_version=\u00bb4.9.0&#8243; _module_preset=\u00bbdefault\u00bb global_colors_info=\u00bb{}\u00bb][et_pb_button button_url=\u00bbhttps:\/\/www.youtube.com\/watch?v=XyZBGU2mLa0&#8243; url_new_window=\u00bbon\u00bb button_text=\u00bbHerramientas b\u00e1sicas de Giswater en entorno web\u00bb button_alignment=\u00bbcenter\u00bb _builder_version=\u00bb4.13.1&#8243; _module_preset=\u00bbdefault\u00bb custom_padding=\u00bb|20px||||\u00bb locked=\u00bboff\u00bb global_colors_info=\u00bb{}\u00bb][\/et_pb_button][et_pb_button button_url=\u00bbhttps:\/\/www.youtube.com\/watch?v=8iF8Cv0YdwY\u00bb url_new_window=\u00bbon\u00bb button_text=\u00bbHerramienta de perfil longitudinal en entorno GIS web\u00bb button_alignment=\u00bbcenter\u00bb _builder_version=\u00bb4.13.1&#8243; _module_preset=\u00bbdefault\u00bb locked=\u00bboff\u00bb global_colors_info=\u00bb{}\u00bb][\/et_pb_button][\/et_pb_column][\/et_pb_row][\/et_pb_section][et_pb_section fb_built=\u00bb1&#8243; module_id=\u00bbrow-six\u00bb _builder_version=\u00bb4.9.0&#8243; background_color=\u00bbgcid-d8eaa081-4be0-4518-bf91-03c8b6e95d5a\u00bb locked=\u00bboff\u00bb global_colors_info=\u00bb{%22gcid-d8eaa081-4be0-4518-bf91-03c8b6e95d5a%22:%91%22background_color%22%93}\u00bb][et_pb_row _builder_version=\u00bb4.9.0&#8243; animation_direction=\u00bbtop\u00bb global_colors_info=\u00bb{}\u00bb][et_pb_column type=\u00bb4_4&#8243; _builder_version=\u00bb4.9.0&#8243; custom_padding=\u00bb|||\u00bb global_colors_info=\u00bb{}\u00bb custom_padding__hover=\u00bb|||\u00bb][et_pb_cta title=\u00bbContacta con nosotros para saber m\u00e1s sobre nuestras tecnolog\u00edas Webmapping\u00bb button_url=\u00bb@ET-DC@eyJkeW5hbWljIjp0cnVlLCJjb250ZW50IjoicG9zdF9saW5rX3VybF9wYWdlIiwic2V0dGluZ3MiOnsicG9zdF9pZCI6Ijk5In19@\u00bb url_new_window=\u00bbon\u00bb button_text=\u00bbContacto\u00bb _builder_version=\u00bb4.9.0&#8243; _dynamic_attributes=\u00bbbutton_url\u00bb _module_preset=\u00bbdefault\u00bb background_enable_color=\u00bboff\u00bb custom_button=\u00bbon\u00bb button_text_color=\u00bb#0C71C3&#8243; button_bg_color=\u00bb#FFFFFF\u00bb global_colors_info=\u00bb{}\u00bb]<\/p>\n<p><span class=\"VIiyi\" jsaction=\"mouseup:BR6jm\" jsname=\"jqKxS\" lang=\"es\"><span jsaction=\"agoMJf:PFBcW;usxOmf:aWLT7;jhKsnd:P7O7bd,F8DmGf;Q4AGo:Gm7gYd,qAKMYb;uFUCPb:pvnm0e,pfE8Hb,PFBcW;f56efd:dJXsye;EnoYf:KNzws,ZJsZZ,JgVSJc;zdMJQc:cCQNKb,ZJsZZ,zchEXc;Ytrrj:JJDvdc;tNR8yc:GeFvjb;oFN6Ye:hij5Wb;bmeZHc:iURhpf;Oxj3Xe:qAKMYb,yaf12d\" jsname=\"txFAF\" class=\"JLqJ4b ChMk0b\" data-language-for-alternatives=\"es\" data-language-to-translate-into=\"ca\" data-phrase-index=\"0\" data-number-of-phrases=\"1\" jscontroller=\"Zl5N8\" jsdata=\"uqLsIf;_;$418\" jsmodel=\"SsMkhd\"><span jsaction=\"click:qtZ4nf,GFf3ac,tMZCfe; contextmenu:Nqw7Te,QP7LD; mouseout:Nqw7Te; mouseover:qtZ4nf,c2aHje\" jsname=\"W297wb\"><strong>Contacta con BGEO <\/strong>y concertaremos una visita para mostrarte las herramientas.<\/span><\/span><\/span><\/p>\n<p>[\/et_pb_cta][\/et_pb_column][\/et_pb_row][\/et_pb_section]<\/p>\n","protected":false},"excerpt":{"rendered":"<p>Trabaja con mapas desde cualquier navegador El Webmapping es una herramienta que permite crear y editar los mapas, generar informaci\u00f3n por capas y crear tantas vistas personalizadas como se quieran. Esto, combinado con el hecho de que se puede acceder desde cualquier dispositivo fijo o m\u00f3vil que tenga conexi\u00f3n a la red de datos, lo [&hellip;]<\/p>\n","protected":false},"author":1,"featured_media":6480,"parent":0,"menu_order":2,"comment_status":"open","ping_status":"open","template":"","meta":{"_et_pb_use_builder":"on","_et_pb_old_content":"[separator style_type=\"none\" top_margin=\"-20\" bottom_margin=\"-20\" sep_color=\"\" icon=\"\" width=\"\" class=\"\" id=\"\"][two_third last=\"no\" class=\"\" id=\"\"][fusion_text]\r\n<h2>BMAPS<\/h2>\r\nBMAPS \u00e9s la soluci\u00f3 de BGEO per treballar sobre mapes des de qualsevol navegador d'Internet. \u00c9s una eina que permet crear i editar els mapes, generar informaci\u00f3 per capes i crear tantes vistes personalitzades com es vulguin. Aix\u00f2, combinat amb el fet que es pot accedir a BMAPS des de qualsevol dispositiu fixe o m\u00f2bil que tingui connexi\u00f3 a la xarxa de dades, el converteix en un recurs imprescindible pel treball de camp.\r\n<h3><\/h3>\r\n<h3>PRINCIPALS CARACTER\u00cdSTIQUES<\/h3>\r\n<strong>Tota la informaci\u00f3 sobre un mapa:<\/strong> Oblida't de buscar la informaci\u00f3 en carpetes o per dates. Despla\u00e7a't sobre el mapa i anota o consulta les dades geolocalitzades. BMAPS \u00e9s com un Google Maps personalitzat per a les necessitats de la teva organitzaci\u00f3.\r\n\r\n<strong>Inventari actualitzat permanentment:<\/strong> La utilitzaci\u00f3 de mapes permet actualitzar l'inventari en el mateix moment que es fa el treball de camp. Aix\u00f2 \u00e9s una enorme avantatge per saber en tot moment quina \u00e9s la situaci\u00f3 dels actius.\r\n\r\n<strong>Realitzaci\u00f3 de pressupostos i plecs t\u00e8cnics:<\/strong> Les dades recollides per BMAPS es converteixen en una eina molt potent per ajudar a preparar pressupostos o a redactar plecs t\u00e8cnics de concursos p\u00fablics. Les diferents visualitzacions i filtres permeten obtenir dades importants a l'hora de preveure els recursos que caldran.\r\n\r\n<strong>Planificaci\u00f3 de campanyes:<\/strong> BMAPS tamb\u00e9 \u00e9s un gran aliat a l'hora de planificar actuacions o campanyes. Especialment, quan s\u00f3n de gran abast, com la poda de l'arbrat p\u00fablic o el manteniment dels contenidors d'una ciutat.\r\n\r\n<strong>Seguiment de treballs a temps real:<\/strong> En qualsevol moment els responsables d'un equip poden saber en quin punt geogr\u00e0fic estan els seus empleats i tenir una visi\u00f3 global de com est\u00e0 la feina d'aquell dia o d'aquella campanya.\r\n\r\n<strong>Apte per qualsevol dispositiu Android:<\/strong> Des de qualsevol navegador a Internet es pot accedir a BMAPS, i en el cas dels dispositius com m\u00f2bils o tauletes, BMAPs funciona en entorns Android, que cobreixen el 75% dels dispositius.\r\n\r\n<strong>Ideal per a administracions i empreses:<\/strong> BMAPS \u00e9s una soluci\u00f3 assequible, potent i imprescindible per a qualsevol administraci\u00f3 que vulgui optimitzar els seus recursos. Tamb\u00e9 \u00e9s extraordin\u00e0riament \u00fatil per empreses que presten serveis sobre el terreny.\r\n<h2><\/h2>\r\n[\/fusion_text][\/two_third][one_third last=\"yes\" class=\"\" id=\"\"][separator style_type=\"none\" top_margin=\"30\" bottom_margin=\"30\" sep_color=\"\" icon=\"\" width=\"\" class=\"\" id=\"\"][fusion_text]<span class=\"fusion-imageframe imageframe imageframe-dropshadow imageframe-3\"><a href=\"https:\/\/www.bgeo.es\/wp-content\/uploads\/2020\/11\/bmaps.v2-scaled.jpg\"><img class=\"aligncenter wp-image-2882 size-full\" src=\"https:\/\/www.bgeo.es\/wp-content\/uploads\/2020\/11\/bmaps.v2-scaled.jpg\" alt=\"\" width=\"2560\" height=\"1247\" \/><\/a><\/span>\r\n\r\n<a href=\"https:\/\/www.bgeo.es\/wp-content\/uploads\/2020\/11\/bmaps2-1.png\"><img class=\"aligncenter size-full wp-image-2891\" src=\"https:\/\/www.bgeo.es\/wp-content\/uploads\/2020\/11\/bmaps2-1.png\" alt=\"\" width=\"607\" height=\"935\" \/><\/a>\r\n\r\n[\/fusion_text][\/one_third]","_et_gb_content_width":""},"yoast_head":"<!-- This site is optimized with the Yoast SEO plugin v17.6 - https:\/\/yoast.com\/wordpress\/plugins\/seo\/ -->\n<title>WEBMAPPING - BGEO - OPEN GIS &amp; WATER SOLUTIONS<\/title>\n<meta name=\"description\" content=\"BMAPS es la soluci\u00f3n para trabajar sobre mapas desde cualquier navegador. Permite crear, editar, generar informaci\u00f3n y vistas personalizadas.\" \/>\n<meta name=\"robots\" content=\"index, follow, max-snippet:-1, max-image-preview:large, max-video-preview:-1\" \/>\n<link rel=\"canonical\" href=\"https:\/\/www.bgeo.es\/es\/webmapping\/\" \/>\n<meta property=\"og:locale\" content=\"es_ES\" \/>\n<meta property=\"og:type\" content=\"article\" \/>\n<meta property=\"og:title\" content=\"WEBMAPPING - BGEO - OPEN GIS &amp; WATER SOLUTIONS\" \/>\n<meta property=\"og:description\" content=\"BMAPS es la soluci\u00f3n para trabajar sobre mapas desde cualquier navegador. Permite crear, editar, generar informaci\u00f3n y vistas personalizadas.\" \/>\n<meta property=\"og:url\" content=\"https:\/\/www.bgeo.es\/es\/webmapping\/\" \/>\n<meta property=\"og:site_name\" content=\"BGEO - OPEN GIS &amp; WATER SOLUTIONS\" \/>\n<meta property=\"article:publisher\" content=\"https:\/\/www.facebook.com\/bgeo.opengis\/\" \/>\n<meta property=\"article:modified_time\" content=\"2026-02-27T08:07:09+00:00\" \/>\n<meta property=\"og:image\" content=\"https:\/\/www.bgeo.es\/wp-content\/uploads\/2021\/11\/bgeo-3.png\" \/>\n\t<meta property=\"og:image:width\" content=\"200\" \/>\n\t<meta property=\"og:image:height\" content=\"200\" \/>\n<meta name=\"twitter:card\" content=\"summary_large_image\" \/>\n<meta name=\"twitter:site\" content=\"@bgeo_opengis\" \/>\n<meta name=\"twitter:label1\" content=\"Tiempo de lectura\" \/>\n\t<meta name=\"twitter:data1\" content=\"6 minutos\" \/>\n<script type=\"application\/ld+json\" class=\"yoast-schema-graph\">{\"@context\":\"https:\/\/schema.org\",\"@graph\":[{\"@type\":\"Organization\",\"@id\":\"https:\/\/www.bgeo.es\/#organization\",\"name\":\"BGEO\",\"url\":\"https:\/\/www.bgeo.es\/\",\"sameAs\":[\"https:\/\/www.facebook.com\/bgeo.opengis\/\",\"https:\/\/www.instagram.com\/bgeogis\/\",\"https:\/\/www.linkedin.com\/company\/bgeoopengissl\/\",\"https:\/\/twitter.com\/bgeo_opengis\"],\"logo\":{\"@type\":\"ImageObject\",\"@id\":\"https:\/\/www.bgeo.es\/#logo\",\"inLanguage\":\"es\",\"url\":\"https:\/\/www.bgeo.es\/wp-content\/uploads\/2014\/09\/BGEO_LOGO_600px-02-e1414015439640.png\",\"contentUrl\":\"https:\/\/www.bgeo.es\/wp-content\/uploads\/2014\/09\/BGEO_LOGO_600px-02-e1414015439640.png\",\"width\":150,\"height\":78,\"caption\":\"BGEO\"},\"image\":{\"@id\":\"https:\/\/www.bgeo.es\/#logo\"}},{\"@type\":\"WebSite\",\"@id\":\"https:\/\/www.bgeo.es\/#website\",\"url\":\"https:\/\/www.bgeo.es\/\",\"name\":\"BGEO - OPEN GIS &amp; WATER SOLUTIONS\",\"description\":\"Open gis water solutions\",\"publisher\":{\"@id\":\"https:\/\/www.bgeo.es\/#organization\"},\"potentialAction\":[{\"@type\":\"SearchAction\",\"target\":{\"@type\":\"EntryPoint\",\"urlTemplate\":\"https:\/\/www.bgeo.es\/?s={search_term_string}\"},\"query-input\":\"required name=search_term_string\"}],\"inLanguage\":\"es\"},{\"@type\":\"ImageObject\",\"@id\":\"https:\/\/www.bgeo.es\/es\/webmapping\/#primaryimage\",\"inLanguage\":\"es\",\"url\":\"https:\/\/www.bgeo.es\/wp-content\/uploads\/2021\/11\/bgeo-3.png\",\"contentUrl\":\"https:\/\/www.bgeo.es\/wp-content\/uploads\/2021\/11\/bgeo-3.png\",\"width\":200,\"height\":200,\"caption\":\"BGEO\"},{\"@type\":\"WebPage\",\"@id\":\"https:\/\/www.bgeo.es\/es\/webmapping\/#webpage\",\"url\":\"https:\/\/www.bgeo.es\/es\/webmapping\/\",\"name\":\"WEBMAPPING - BGEO - OPEN GIS &amp; WATER SOLUTIONS\",\"isPartOf\":{\"@id\":\"https:\/\/www.bgeo.es\/#website\"},\"primaryImageOfPage\":{\"@id\":\"https:\/\/www.bgeo.es\/es\/webmapping\/#primaryimage\"},\"datePublished\":\"2014-11-04T22:39:46+00:00\",\"dateModified\":\"2026-02-27T08:07:09+00:00\",\"description\":\"BMAPS es la soluci\\u00f3n para trabajar sobre mapas desde cualquier navegador. Permite crear, editar, generar informaci\\u00f3n y vistas personalizadas.\",\"breadcrumb\":{\"@id\":\"https:\/\/www.bgeo.es\/es\/webmapping\/#breadcrumb\"},\"inLanguage\":\"es\",\"potentialAction\":[{\"@type\":\"ReadAction\",\"target\":[\"https:\/\/www.bgeo.es\/es\/webmapping\/\"]}]},{\"@type\":\"BreadcrumbList\",\"@id\":\"https:\/\/www.bgeo.es\/es\/webmapping\/#breadcrumb\",\"itemListElement\":[{\"@type\":\"ListItem\",\"position\":1,\"name\":\"Inici\",\"item\":\"https:\/\/www.bgeo.es\/es\/\"},{\"@type\":\"ListItem\",\"position\":2,\"name\":\"WEBMAPPING\"}]}]}<\/script>\n<!-- \/ Yoast SEO plugin. -->","yoast_head_json":{"title":"WEBMAPPING - BGEO - OPEN GIS &amp; WATER SOLUTIONS","description":"BMAPS es la soluci\u00f3n para trabajar sobre mapas desde cualquier navegador. Permite crear, editar, generar informaci\u00f3n y vistas personalizadas.","robots":{"index":"index","follow":"follow","max-snippet":"max-snippet:-1","max-image-preview":"max-image-preview:large","max-video-preview":"max-video-preview:-1"},"canonical":"https:\/\/www.bgeo.es\/es\/webmapping\/","og_locale":"es_ES","og_type":"article","og_title":"WEBMAPPING - BGEO - OPEN GIS &amp; WATER SOLUTIONS","og_description":"BMAPS es la soluci\u00f3n para trabajar sobre mapas desde cualquier navegador. Permite crear, editar, generar informaci\u00f3n y vistas personalizadas.","og_url":"https:\/\/www.bgeo.es\/es\/webmapping\/","og_site_name":"BGEO - OPEN GIS &amp; WATER SOLUTIONS","article_publisher":"https:\/\/www.facebook.com\/bgeo.opengis\/","article_modified_time":"2026-02-27T08:07:09+00:00","og_image":[{"width":200,"height":200,"url":"https:\/\/www.bgeo.es\/wp-content\/uploads\/2021\/11\/bgeo-3.png","type":"image\/png"}],"twitter_card":"summary_large_image","twitter_site":"@bgeo_opengis","twitter_misc":{"Tiempo de lectura":"6 minutos"},"schema":{"@context":"https:\/\/schema.org","@graph":[{"@type":"Organization","@id":"https:\/\/www.bgeo.es\/#organization","name":"BGEO","url":"https:\/\/www.bgeo.es\/","sameAs":["https:\/\/www.facebook.com\/bgeo.opengis\/","https:\/\/www.instagram.com\/bgeogis\/","https:\/\/www.linkedin.com\/company\/bgeoopengissl\/","https:\/\/twitter.com\/bgeo_opengis"],"logo":{"@type":"ImageObject","@id":"https:\/\/www.bgeo.es\/#logo","inLanguage":"es","url":"https:\/\/www.bgeo.es\/wp-content\/uploads\/2014\/09\/BGEO_LOGO_600px-02-e1414015439640.png","contentUrl":"https:\/\/www.bgeo.es\/wp-content\/uploads\/2014\/09\/BGEO_LOGO_600px-02-e1414015439640.png","width":150,"height":78,"caption":"BGEO"},"image":{"@id":"https:\/\/www.bgeo.es\/#logo"}},{"@type":"WebSite","@id":"https:\/\/www.bgeo.es\/#website","url":"https:\/\/www.bgeo.es\/","name":"BGEO - OPEN GIS &amp; WATER SOLUTIONS","description":"Open gis water solutions","publisher":{"@id":"https:\/\/www.bgeo.es\/#organization"},"potentialAction":[{"@type":"SearchAction","target":{"@type":"EntryPoint","urlTemplate":"https:\/\/www.bgeo.es\/?s={search_term_string}"},"query-input":"required name=search_term_string"}],"inLanguage":"es"},{"@type":"ImageObject","@id":"https:\/\/www.bgeo.es\/es\/webmapping\/#primaryimage","inLanguage":"es","url":"https:\/\/www.bgeo.es\/wp-content\/uploads\/2021\/11\/bgeo-3.png","contentUrl":"https:\/\/www.bgeo.es\/wp-content\/uploads\/2021\/11\/bgeo-3.png","width":200,"height":200,"caption":"BGEO"},{"@type":"WebPage","@id":"https:\/\/www.bgeo.es\/es\/webmapping\/#webpage","url":"https:\/\/www.bgeo.es\/es\/webmapping\/","name":"WEBMAPPING - BGEO - OPEN GIS &amp; WATER SOLUTIONS","isPartOf":{"@id":"https:\/\/www.bgeo.es\/#website"},"primaryImageOfPage":{"@id":"https:\/\/www.bgeo.es\/es\/webmapping\/#primaryimage"},"datePublished":"2014-11-04T22:39:46+00:00","dateModified":"2026-02-27T08:07:09+00:00","description":"BMAPS es la soluci\u00f3n para trabajar sobre mapas desde cualquier navegador. Permite crear, editar, generar informaci\u00f3n y vistas personalizadas.","breadcrumb":{"@id":"https:\/\/www.bgeo.es\/es\/webmapping\/#breadcrumb"},"inLanguage":"es","potentialAction":[{"@type":"ReadAction","target":["https:\/\/www.bgeo.es\/es\/webmapping\/"]}]},{"@type":"BreadcrumbList","@id":"https:\/\/www.bgeo.es\/es\/webmapping\/#breadcrumb","itemListElement":[{"@type":"ListItem","position":1,"name":"Inici","item":"https:\/\/www.bgeo.es\/es\/"},{"@type":"ListItem","position":2,"name":"WEBMAPPING"}]}]}},"_links":{"self":[{"href":"https:\/\/www.bgeo.es\/es\/wp-json\/wp\/v2\/pages\/1178"}],"collection":[{"href":"https:\/\/www.bgeo.es\/es\/wp-json\/wp\/v2\/pages"}],"about":[{"href":"https:\/\/www.bgeo.es\/es\/wp-json\/wp\/v2\/types\/page"}],"author":[{"embeddable":true,"href":"https:\/\/www.bgeo.es\/es\/wp-json\/wp\/v2\/users\/1"}],"replies":[{"embeddable":true,"href":"https:\/\/www.bgeo.es\/es\/wp-json\/wp\/v2\/comments?post=1178"}],"version-history":[{"count":32,"href":"https:\/\/www.bgeo.es\/es\/wp-json\/wp\/v2\/pages\/1178\/revisions"}],"predecessor-version":[{"id":8754,"href":"https:\/\/www.bgeo.es\/es\/wp-json\/wp\/v2\/pages\/1178\/revisions\/8754"}],"wp:featuredmedia":[{"embeddable":true,"href":"https:\/\/www.bgeo.es\/es\/wp-json\/wp\/v2\/media\/6480"}],"wp:attachment":[{"href":"https:\/\/www.bgeo.es\/es\/wp-json\/wp\/v2\/media?parent=1178"}],"curies":[{"name":"wp","href":"https:\/\/api.w.org\/{rel}","templated":true}]}}