{"id":1172,"date":"2014-09-25T17:13:24","date_gmt":"2014-09-25T17:13:24","guid":{"rendered":"https:\/\/www.bgeo.es\/?page_id=1172"},"modified":"2024-01-19T12:58:47","modified_gmt":"2024-01-19T12:58:47","slug":"ingenieria-municipal","status":"publish","type":"page","link":"https:\/\/www.bgeo.es\/es\/ingenieria-municipal\/","title":{"rendered":"Ingenier\u00eda municipal"},"content":{"rendered":"<p>[et_pb_section fb_built=\u00bb1&#8243; fullwidth=\u00bbon\u00bb _builder_version=\u00bb4.9.0&#8243; global_colors_info=\u00bb{}\u00bb][et_pb_fullwidth_header title=\u00bbINGENIER\u00cdA MUNICIPAL\u00bb text_orientation=\u00bbcenter\u00bb _builder_version=\u00bb4.13.1&#8243; title_font=\u00bb|700||on|||||\u00bb title_text_align=\u00bbcenter\u00bb title_text_color=\u00bb#FFFFFF\u00bb title_font_size=\u00bb45px\u00bb title_letter_spacing=\u00bb5px\u00bb background_color=\u00bbrgba(255, 255, 255, 0)\u00bb background_image=\u00bbhttps:\/\/www.bgeo.es\/wp-content\/uploads\/2021\/06\/bgeo-ingenieria.jpg\u00bb background_layout=\u00bblight\u00bb custom_padding=\u00bb100px||100px|\u00bb title_text_shadow_style=\u00bbpreset1&#8243; global_colors_info=\u00bb{}\u00bb button_one_text_size__hover_enabled=\u00bboff\u00bb button_two_text_size__hover_enabled=\u00bboff\u00bb button_one_text_color__hover_enabled=\u00bboff\u00bb button_two_text_color__hover_enabled=\u00bboff\u00bb button_one_border_width__hover_enabled=\u00bboff\u00bb button_two_border_width__hover_enabled=\u00bboff\u00bb button_one_border_color__hover_enabled=\u00bboff\u00bb button_two_border_color__hover_enabled=\u00bboff\u00bb button_one_border_radius__hover_enabled=\u00bboff\u00bb button_two_border_radius__hover_enabled=\u00bboff\u00bb button_one_letter_spacing__hover_enabled=\u00bboff\u00bb button_two_letter_spacing__hover_enabled=\u00bboff\u00bb button_one_bg_color__hover_enabled=\u00bboff\u00bb button_two_bg_color__hover_enabled=\u00bboff\u00bb][\/et_pb_fullwidth_header][\/et_pb_section][et_pb_section fb_built=\u00bb1&#8243; _builder_version=\u00bb4.9.0&#8243; custom_padding=\u00bb||||false|false\u00bb global_colors_info=\u00bb{}\u00bb][et_pb_row _builder_version=\u00bb4.9.0&#8243; _module_preset=\u00bbdefault\u00bb global_colors_info=\u00bb{}\u00bb][et_pb_column type=\u00bb4_4&#8243; _builder_version=\u00bb4.9.0&#8243; _module_preset=\u00bbdefault\u00bb global_colors_info=\u00bb{}\u00bb][et_pb_text _builder_version=\u00bb4.9.0&#8243; _module_preset=\u00bbdefault\u00bb global_colors_info=\u00bb{}\u00bb]<\/p>\n<h2>No todos los servicios de ingenier\u00eda municipal son iguales<\/h2>\n<p style=\"text-align: justify;\">No todos los servicios de ingenier\u00eda municipal utilizan los criterios de sostenibilidad a la hora de plantear y redactar sus proyectos. No todos ofrecen un servicio integral que incluye la realizaci\u00f3n de proyectos, la direcci\u00f3n de obra, as\u00ed como la gesti\u00f3n con compa\u00f1\u00edas de servicios y con otras administraciones y organismos implicados.<\/p>\n<p style=\"text-align: justify;\"><strong>BGEO<\/strong> trabaja de forma diferente para aquellas empresas y administraciones que buscan resultados diferentes.<\/p>\n<p>[\/et_pb_text][\/et_pb_column][\/et_pb_row][\/et_pb_section][et_pb_section fb_built=\u00bb1&#8243; _builder_version=\u00bb3.22&#8243; background_color=\u00bb#f6f6f6&#8243; global_colors_info=\u00bb{}\u00bb][et_pb_row column_structure=\u00bb1_2,1_2&#8243; module_id=\u00bbvideo-overlays\u00bb _builder_version=\u00bb3.25&#8243; global_colors_info=\u00bb{}\u00bb][et_pb_column type=\u00bb1_2&#8243; _builder_version=\u00bb3.25&#8243; custom_padding=\u00bb|||\u00bb global_colors_info=\u00bb{}\u00bb custom_padding__hover=\u00bb|||\u00bb][et_pb_text _builder_version=\u00bb4.9.0&#8243; header_4_font=\u00bb|700||on|||||\u00bb header_4_font_size=\u00bb16px\u00bb header_4_letter_spacing=\u00bb1px\u00bb custom_padding=\u00bb10px|10px|10px|10px\u00bb box_shadow_style=\u00bbpreset2&#8243; global_colors_info=\u00bb{}\u00bb]<\/p>\n<h4>Principales caracter\u00edsticas<\/h4>\n<p>&nbsp;<\/p>\n<ul>\n<li>Uso de tecnolog\u00eda de \u00faltima generaci\u00f3n<\/li>\n<li>Aplicaci\u00f3n rigurosa de criterios de sostenibilidad<\/li>\n<li>Proyectos innovadores y de cualquier dimensi\u00f3n<\/li>\n<li>Especializaci\u00f3n en el \u00e1mbito del agua<\/li>\n<li>Larga experiencia en el sector<\/li>\n<\/ul>\n<p>[\/et_pb_text][\/et_pb_column][et_pb_column type=\u00bb1_2&#8243; _builder_version=\u00bb3.25&#8243; custom_padding=\u00bb|||\u00bb global_colors_info=\u00bb{}\u00bb custom_padding__hover=\u00bb|||\u00bb][et_pb_text _builder_version=\u00bb4.9.0&#8243; header_4_font=\u00bb|700||on|||||\u00bb header_4_font_size=\u00bb16px\u00bb header_4_letter_spacing=\u00bb1px\u00bb custom_padding=\u00bb10px|10px|10px|10px\u00bb box_shadow_style=\u00bbpreset2&#8243; global_colors_info=\u00bb{}\u00bb]<\/p>\n<h4>Principales beneficios<\/h4>\n<p>&nbsp;<\/p>\n<ul>\n<li>Estudios con MDT para adaptaci\u00f3n perfecta a la topograf\u00eda<\/li>\n<li>Dise\u00f1o de espacios verdes con especies aut\u00f3ctonas<\/li>\n<li>Proyectos de iluminaci\u00f3n eficientes y no contaminantes<\/li>\n<li>Aplicaci\u00f3n de medidas para la mejor gesti\u00f3n del agua<\/li>\n<li>Precios competitivos y ejecuciones puntuales<\/li>\n<\/ul>\n<p>[\/et_pb_text][\/et_pb_column][\/et_pb_row][\/et_pb_section][et_pb_section fb_built=\u00bb1&#8243; _builder_version=\u00bb3.22&#8243; custom_padding=\u00bb||0px|\u00bb global_colors_info=\u00bb{}\u00bb][et_pb_row _builder_version=\u00bb4.9.0&#8243; _module_preset=\u00bbdefault\u00bb global_colors_info=\u00bb{}\u00bb][et_pb_column type=\u00bb4_4&#8243; _builder_version=\u00bb4.9.0&#8243; _module_preset=\u00bbdefault\u00bb global_colors_info=\u00bb{}\u00bb][et_pb_text _builder_version=\u00bb4.9.0&#8243; global_colors_info=\u00bb{}\u00bb]<\/p>\n<h3 class=\"underline bgleft\">Posibilidades reales de los servicios de ingenier\u00eda de BGEO:<\/h3>\n<p>[\/et_pb_text][\/et_pb_column][\/et_pb_row][et_pb_row column_structure=\u00bb1_2,1_2&#8243; _builder_version=\u00bb3.25&#8243; background_size=\u00bbinitial\u00bb background_position=\u00bbtop_left\u00bb background_repeat=\u00bbrepeat\u00bb global_colors_info=\u00bb{}\u00bb][et_pb_column type=\u00bb1_2&#8243; _builder_version=\u00bb3.25&#8243; custom_padding=\u00bb|||\u00bb global_colors_info=\u00bb{}\u00bb custom_padding__hover=\u00bb|||\u00bb][et_pb_text _builder_version=\u00bb4.9.0&#8243; _module_preset=\u00bbdefault\u00bb global_colors_info=\u00bb{}\u00bb]<\/p>\n<ul>\n<li style=\"text-align: justify;\">Desarrolla y ejecuta proyectos importantes y especializados llaves en mano.<\/li>\n<li style=\"text-align: justify;\">Aplica criterios de sostenibilidad y eficiencia en todos los aspectos vinculados con la ingenier\u00eda.<\/li>\n<li style=\"text-align: justify;\">Aseg\u00farate la calidad hasta el \u00faltimo detalle.<\/li>\n<li style=\"text-align: justify;\">Conf\u00eda en una empresa acostumbrada al procedimiento administrativo y al trato con las administraciones y las compa\u00f1\u00edas proveedoras de servicios o de infraestructuras.<\/li>\n<li style=\"text-align: justify;\">Apuesta por proyectos tecnol\u00f3gicamente pioneros en nuestro pa\u00eds pero con resultados ya contrastados.<\/li>\n<\/ul>\n<p style=\"text-align: justify;\"><span class=\"VIiyi\" jsaction=\"mouseup:BR6jm\" jsname=\"jqKxS\" lang=\"es\"><span jsaction=\"agoMJf:PFBcW;usxOmf:aWLT7;jhKsnd:P7O7bd,F8DmGf;Q4AGo:Gm7gYd,qAKMYb;uFUCPb:pvnm0e,pfE8Hb,PFBcW;f56efd:dJXsye;EnoYf:KNzws,ZJsZZ,JgVSJc;zdMJQc:cCQNKb,ZJsZZ,zchEXc;Ytrrj:JJDvdc;tNR8yc:GeFvjb;oFN6Ye:hij5Wb;bmeZHc:iURhpf;Oxj3Xe:qAKMYb,yaf12d\" jsname=\"txFAF\" class=\"JLqJ4b ChMk0b\" data-language-for-alternatives=\"es\" data-language-to-translate-into=\"ca\" data-phrase-index=\"0\" data-number-of-phrases=\"3\" jscontroller=\"Zl5N8\" jsdata=\"uqLsIf;_;$708\" jsmodel=\"SsMkhd\"><span jsaction=\"click:qtZ4nf,GFf3ac,tMZCfe; contextmenu:Nqw7Te,QP7LD; mouseout:Nqw7Te; mouseover:qtZ4nf,c2aHje\" jsname=\"W297wb\">Atr\u00e9vete con transformaciones de espacios verdes y con rehabilitaciones urbanas de calidad y prestigio.<\/span><\/span><\/span><\/p>\n<p>[\/et_pb_text][\/et_pb_column][et_pb_column type=\u00bb1_2&#8243; _builder_version=\u00bb3.25&#8243; custom_padding=\u00bb|||\u00bb global_colors_info=\u00bb{}\u00bb custom_padding__hover=\u00bb|||\u00bb][et_pb_image src=\u00bbhttps:\/\/www.bgeo.es\/wp-content\/uploads\/2021\/11\/enginyeria.jpg\u00bb alt=\u00bbIngenieria municipal\u00bb title_text=\u00bbIngenieria municipal\u00bb _builder_version=\u00bb4.13.1&#8243; _module_preset=\u00bbdefault\u00bb width=\u00bb90%\u00bb global_colors_info=\u00bb{}\u00bb][\/et_pb_image][\/et_pb_column][\/et_pb_row][et_pb_row column_structure=\u00bb1_3,1_3,1_3&#8243; _builder_version=\u00bb4.13.1&#8243; _module_preset=\u00bbdefault\u00bb locked=\u00bboff\u00bb global_colors_info=\u00bb{}\u00bb][et_pb_column type=\u00bb1_3&#8243; _builder_version=\u00bb4.13.1&#8243; _module_preset=\u00bbdefault\u00bb global_colors_info=\u00bb{}\u00bb][et_pb_button button_url=\u00bbhttps:\/\/www.camins.cat\/es\/\u00bb url_new_window=\u00bbon\u00bb button_text=\u00bb Col\u00b7legi d\u2019Enginyers de Camins, Canals i Ports de Catalunya\u00bb button_alignment=\u00bbcenter\u00bb _builder_version=\u00bb4.13.1&#8243; _module_preset=\u00bbdefault\u00bb custom_margin=\u00bb15px||||false|false\u00bb global_colors_info=\u00bb{}\u00bb][\/et_pb_button][\/et_pb_column][et_pb_column type=\u00bb1_3&#8243; _builder_version=\u00bb4.13.1&#8243; _module_preset=\u00bbdefault\u00bb global_colors_info=\u00bb{}\u00bb][et_pb_button button_url=\u00bbhttps:\/\/www.cateb.cat\/\u00bb url_new_window=\u00bbon\u00bb button_text=\u00bbCol\u00b7legi de l&#8217;Arquitectura T\u00e8cnica de Barcelona\u00bb button_alignment=\u00bbcenter\u00bb _builder_version=\u00bb4.13.1&#8243; _module_preset=\u00bbdefault\u00bb hover_enabled=\u00bb0&#8243; global_colors_info=\u00bb{}\u00bb sticky_enabled=\u00bb0&#8243;][\/et_pb_button][\/et_pb_column][et_pb_column type=\u00bb1_3&#8243; _builder_version=\u00bb4.13.1&#8243; _module_preset=\u00bbdefault\u00bb global_colors_info=\u00bb{}\u00bb][et_pb_button button_url=\u00bbhttps:\/\/www.enginyerscivils.cat\/es\u00bb url_new_window=\u00bbon\u00bb button_text=\u00bbCol\u00b7legi d&#8217;Enginyers T\u00e8cnics d&#8217;Obres P\u00fabliques de Catalunya\u00bb button_alignment=\u00bbcenter\u00bb _builder_version=\u00bb4.13.1&#8243; _module_preset=\u00bbdefault\u00bb custom_margin=\u00bb15px||||false|false\u00bb global_colors_info=\u00bb{}\u00bb][\/et_pb_button][\/et_pb_column][\/et_pb_row][\/et_pb_section][et_pb_section fb_built=\u00bb1&#8243; module_id=\u00bbrow-six\u00bb _builder_version=\u00bb4.9.0&#8243; background_color=\u00bbgcid-d8eaa081-4be0-4518-bf91-03c8b6e95d5a\u00bb global_colors_info=\u00bb{%22gcid-d8eaa081-4be0-4518-bf91-03c8b6e95d5a%22:%91%22background_color%22%93}\u00bb][et_pb_row _builder_version=\u00bb4.9.0&#8243; animation_direction=\u00bbtop\u00bb global_colors_info=\u00bb{}\u00bb][et_pb_column type=\u00bb4_4&#8243; _builder_version=\u00bb4.9.0&#8243; custom_padding=\u00bb|||\u00bb global_colors_info=\u00bb{}\u00bb custom_padding__hover=\u00bb|||\u00bb][et_pb_cta title=\u00bbPon el sello de prestigio, eficiencia, sostenibilidad e innovaci\u00f3n en tus proyectos\u00bb button_url=\u00bb@ET-DC@eyJkeW5hbWljIjp0cnVlLCJjb250ZW50IjoicG9zdF9saW5rX3VybF9wYWdlIiwic2V0dGluZ3MiOnsicG9zdF9pZCI6Ijk5In19@\u00bb button_text=\u00bbContacto\u00bb _builder_version=\u00bb4.9.0&#8243; _dynamic_attributes=\u00bbbutton_url\u00bb _module_preset=\u00bbdefault\u00bb background_enable_color=\u00bboff\u00bb custom_button=\u00bbon\u00bb button_text_color=\u00bb#0C71C3&#8243; button_bg_color=\u00bb#FFFFFF\u00bb link_option_url_new_window=\u00bbon\u00bb global_colors_info=\u00bb{}\u00bb]<\/p>\n<p><span class=\"VIiyi\" jsaction=\"mouseup:BR6jm\" jsname=\"jqKxS\" lang=\"es\"><span jsaction=\"agoMJf:PFBcW;usxOmf:aWLT7;jhKsnd:P7O7bd,F8DmGf;Q4AGo:Gm7gYd,qAKMYb;uFUCPb:pvnm0e,pfE8Hb,PFBcW;f56efd:dJXsye;EnoYf:KNzws,ZJsZZ,JgVSJc;zdMJQc:cCQNKb,ZJsZZ,zchEXc;Ytrrj:JJDvdc;tNR8yc:GeFvjb;oFN6Ye:hij5Wb;bmeZHc:iURhpf;Oxj3Xe:qAKMYb,yaf12d\" jsname=\"txFAF\" class=\"JLqJ4b ChMk0b\" data-language-for-alternatives=\"es\" data-language-to-translate-into=\"ca\" data-phrase-index=\"2\" data-number-of-phrases=\"3\" jscontroller=\"Zl5N8\" jsdata=\"uqLsIf;_;$722\" jsmodel=\"SsMkhd\"><span jsaction=\"click:qtZ4nf,GFf3ac,tMZCfe; contextmenu:Nqw7Te,QP7LD; mouseout:Nqw7Te; mouseover:qtZ4nf,c2aHje\" jsname=\"W297wb\"><strong>Contacta con BGEO<\/strong> y concertaremos una visita para mostrarte la herramienta 100% open source, que te permitir\u00e1 ser m\u00e1s \u00e1gil, eficiente, productivo y transparente.<\/span><\/span><\/span><\/p>\n<p>[\/et_pb_cta][\/et_pb_column][\/et_pb_row][\/et_pb_section]<\/p>\n","protected":false},"excerpt":{"rendered":"<p>No todos los servicios de ingenier\u00eda municipal son iguales No todos los servicios de ingenier\u00eda municipal utilizan los criterios de sostenibilidad a la hora de plantear y redactar sus proyectos. No todos ofrecen un servicio integral que incluye la realizaci\u00f3n de proyectos, la direcci\u00f3n de obra, as\u00ed como la gesti\u00f3n con compa\u00f1\u00edas de servicios y [&hellip;]<\/p>\n","protected":false},"author":1,"featured_media":6480,"parent":0,"menu_order":3,"comment_status":"open","ping_status":"closed","template":"","meta":{"_et_pb_use_builder":"on","_et_pb_old_content":"[separator top=\"-20\"]\r\n[fullwidth]\r\n<span class=\"fusion-imageframe imageframe imageframe-dropshadow imageframe-3\"><a rel=\"prettyPhoto\"><img class=\"alignnone size-full wp-image-241\" src=\"https:\/\/www.bgeo.es\/wp-content\/uploads\/2014\/09\/enginyeria1.jpg\" alt=\"\"><\/a><\/span>\r\n<h2>No tots els serveis d\u2019enginyeria s\u00f3n iguals.<\/h2>\r\nNo tots utilitzen els criteris de sostenibilitat a l\u2019hora de plantejar i redactar els seus projectes. No tots ofereixen un servei integral que inclou la realitzaci\u00f3 de projectes, la direcci\u00f3 d\u2019obra, aix\u00ed com la gesti\u00f3 amb companyies de serveis i amb altres administracions i organismes implicats. BGEO treballa de forma diferent per aquelles empreses i administracions que busquen resultats diferents.\r\n[one_half last=\"no\"]\r\n\r\n<section class=\"reading-box\" style=\"background-color: #f6f6f6; border-width: 0px; ;border-top-width: 3px; border-top-color: #1a80b6; border-style: solid;\">\r\n<h2>Principals caracter\u00edstiques<\/h2>\r\n[checklist icon=\"check\" iconcolor=\"#ffffff\" circle=\"yes\"]\r\n[separator top=\"10\"]\r\n<ul>\r\n \t<li>\u00das de tecnologia d\u2019\u00faltima generaci\u00f3<\/li>\r\n \t<li>Aplicaci\u00f3 rigorosa de criteris de sostenibilitat<\/li>\r\n \t<li>Projectes innovadors i de qualsevol dimensi\u00f3<\/li>\r\n \t<li>Especialitzaci\u00f3 en l\u2019\u00e0mbit de l\u2019aigua<\/li>\r\n \t<li>Llarga experi\u00e8ncia en el sector<\/li>\r\n<\/ul>\r\n[\/checklist]\r\n[\/one_half]\r\n[one_half last=\"yes\"]\r\n\r\n<section class=\"reading-box\" style=\"background-color: #f6f6f6; border-width: 0px; ;border-top-width: 3px; border-top-color: #1a80b6; border-style: solid;\">\r\n<h2>Principals beneficis<\/h2>\r\n[checklist icon=\"check\" iconcolor=\"#ffffff\" circle=\"yes\"]\r\n[separator top=\"10\"]\r\n<ul>\r\n \t<li>Estudis amb MDT per adaptaci\u00f3 perfecta a la topografia<\/li>\r\n \t<li>Disseny d\u2019espais verds amb esp\u00e8cies aut\u00f2ctones<\/li>\r\n \t<li>Projectes d\u2019il\u00b7luminaci\u00f3 eficients i no contaminants<\/li>\r\n \t<li>Aplicaci\u00f3 de mesures per la millor gesti\u00f3 de l\u2019aigua<\/li>\r\n \t<li>Preus competitius i execucions puntuals<\/li>\r\n<\/ul>\r\n[\/checklist]\r\n[\/one_half]\r\n<div class=\"fusion-separator fusion-full-width-sep sep-single\" style=\"border-color: #000000; margin-top: 20px; margin-bottom: 20px;\"><\/div>\r\n[two_third]\r\n<h3>Possibilitats reals dels serveis d\u2019enginyeria de BGEO:<\/h3>\r\n<ul>\r\n \t<li>Desenvolupa i executa projectes importants i especialitzats claus en m\u00e0. Aplica criteris de sostenibilitat i efici\u00e8ncia en tots els aspectes vinculats amb l\u2019enginyeria.\r\nAssegura\u2019t la qualitat de fins a l\u2019\u00faltim detall. Confia amb una empresa avesada al procediment administratiu i al tracte amb les administracions i les companyies prove\u00efdores de serveis o d\u2019infraestructures.<\/li>\r\n<\/ul>\r\n \r\n<ul>[separator top=\"-20\"]\r\n \t<li>Aposta per projectes tecnol\u00f2gicament pioners al nostre pa\u00eds per\u00f2 amb resultats ja contrastats. Atreveix-te amb transformacions d\u2019espais verds i amb rehabilitacions urbanes de qualitat i prestigi.<\/li>\r\n<\/ul>\r\n[\/two_third]\r\n[one_third last=\"yes\"]\r\n[separator top=\"20\"]\r\n\r\n<span class=\"fusion-imageframe imageframe imageframe-dropshadow imageframe-3\"><img src=\"https:\/\/www.bgeo.es\/wp-content\/uploads\/2014\/09\/enginyeria2.jpg\" alt=\"\" align=\"right\">\r\n[\/one_third]<\/span>\r\n\r\n[separator top=\"20\"]\r\n\r\n<section class=\"reading-box\" style=\"background-color: #f6f6f6; border-width: 0px; ;border-top-width: 3px; border-top-color: #1a80b6; border-style: solid;\">\r\n<h3>Si vols posar el segell de prestigi, efici\u00e8ncia, sostenibilitat i innovaci\u00f3 en els teus projectes contacta amb BGEO.<\/h3>\r\nConcertarem una visita amb l\u2019\u00fanic comprom\u00eds de mostrar-te una eina 100% open source que et permetr\u00e0 ser m\u00e9s \u00e0gil, m\u00e9s eficient, m\u00e9s productiu i m\u00e9s transparent.\r\n[button link=\"https:\/\/www.bgeo.es\/?page_id=99\" color=\"custom\" size=\"small\" type=\"flat\" shape=\"round\" target=\"_self\" title=\"\" gradient_colors=\"#1a80b6\" gradient_hover_colors=\"#1576a9\" accent_color=\"rgba(255,255,255,.7)\" accent_hover_color=\"rgba(255,255,255,.8)\" bevel_color=\"\" border_width=\"0px\" shadow=\"no\" modal=\"\" animation_type=\"0\" animation_direction=\"down\" animation_speed=\"0.1\" alignment=\"right\" class=\"\" id=\"\"]CONTACTA[\/button]\r\n[separator buttom=\"20\"]\r\n\r\n<\/section>[\/fullwidth]\r\n\r\n<\/section>\r\n<\/section>","_et_gb_content_width":""},"yoast_head":"<!-- This site is optimized with the Yoast SEO plugin v17.6 - https:\/\/yoast.com\/wordpress\/plugins\/seo\/ -->\n<title>Ingenier\u00eda municipal - BGEO - OPEN GIS &amp; WATER SOLUTIONS<\/title>\n<meta name=\"description\" content=\"En nuestros servicios de ingenier\u00eda municipal se utilizan criterios de sostenibilidad, servicio integral en la realizaci\u00f3n de proyectos.\" \/>\n<meta name=\"robots\" content=\"index, follow, max-snippet:-1, max-image-preview:large, max-video-preview:-1\" \/>\n<link rel=\"canonical\" href=\"https:\/\/www.bgeo.es\/es\/ingenieria-municipal\/\" \/>\n<meta property=\"og:locale\" content=\"es_ES\" \/>\n<meta property=\"og:type\" content=\"article\" \/>\n<meta property=\"og:title\" content=\"Ingenier\u00eda municipal - BGEO - OPEN GIS &amp; WATER SOLUTIONS\" \/>\n<meta property=\"og:description\" content=\"En nuestros servicios de ingenier\u00eda municipal se utilizan criterios de sostenibilidad, servicio integral en la realizaci\u00f3n de proyectos.\" \/>\n<meta property=\"og:url\" content=\"https:\/\/www.bgeo.es\/es\/ingenieria-municipal\/\" \/>\n<meta property=\"og:site_name\" content=\"BGEO - OPEN GIS &amp; WATER SOLUTIONS\" \/>\n<meta property=\"article:publisher\" content=\"https:\/\/www.facebook.com\/bgeo.opengis\/\" \/>\n<meta property=\"article:modified_time\" content=\"2024-01-19T12:58:47+00:00\" \/>\n<meta property=\"og:image\" content=\"https:\/\/www.bgeo.es\/wp-content\/uploads\/2021\/11\/bgeo-3.png\" \/>\n\t<meta property=\"og:image:width\" content=\"200\" \/>\n\t<meta property=\"og:image:height\" content=\"200\" \/>\n<meta name=\"twitter:card\" content=\"summary_large_image\" \/>\n<meta name=\"twitter:site\" content=\"@bgeo_opengis\" \/>\n<meta name=\"twitter:label1\" content=\"Tiempo de lectura\" \/>\n\t<meta name=\"twitter:data1\" content=\"6 minutos\" \/>\n<script type=\"application\/ld+json\" class=\"yoast-schema-graph\">{\"@context\":\"https:\/\/schema.org\",\"@graph\":[{\"@type\":\"Organization\",\"@id\":\"https:\/\/www.bgeo.es\/#organization\",\"name\":\"BGEO\",\"url\":\"https:\/\/www.bgeo.es\/\",\"sameAs\":[\"https:\/\/www.facebook.com\/bgeo.opengis\/\",\"https:\/\/www.instagram.com\/bgeogis\/\",\"https:\/\/www.linkedin.com\/company\/bgeoopengissl\/\",\"https:\/\/twitter.com\/bgeo_opengis\"],\"logo\":{\"@type\":\"ImageObject\",\"@id\":\"https:\/\/www.bgeo.es\/#logo\",\"inLanguage\":\"es\",\"url\":\"https:\/\/www.bgeo.es\/wp-content\/uploads\/2014\/09\/BGEO_LOGO_600px-02-e1414015439640.png\",\"contentUrl\":\"https:\/\/www.bgeo.es\/wp-content\/uploads\/2014\/09\/BGEO_LOGO_600px-02-e1414015439640.png\",\"width\":150,\"height\":78,\"caption\":\"BGEO\"},\"image\":{\"@id\":\"https:\/\/www.bgeo.es\/#logo\"}},{\"@type\":\"WebSite\",\"@id\":\"https:\/\/www.bgeo.es\/#website\",\"url\":\"https:\/\/www.bgeo.es\/\",\"name\":\"BGEO - OPEN GIS &amp; WATER SOLUTIONS\",\"description\":\"Open gis water solutions\",\"publisher\":{\"@id\":\"https:\/\/www.bgeo.es\/#organization\"},\"potentialAction\":[{\"@type\":\"SearchAction\",\"target\":{\"@type\":\"EntryPoint\",\"urlTemplate\":\"https:\/\/www.bgeo.es\/?s={search_term_string}\"},\"query-input\":\"required name=search_term_string\"}],\"inLanguage\":\"es\"},{\"@type\":\"ImageObject\",\"@id\":\"https:\/\/www.bgeo.es\/es\/ingenieria-municipal\/#primaryimage\",\"inLanguage\":\"es\",\"url\":\"https:\/\/www.bgeo.es\/wp-content\/uploads\/2021\/11\/bgeo-3.png\",\"contentUrl\":\"https:\/\/www.bgeo.es\/wp-content\/uploads\/2021\/11\/bgeo-3.png\",\"width\":200,\"height\":200,\"caption\":\"BGEO\"},{\"@type\":\"WebPage\",\"@id\":\"https:\/\/www.bgeo.es\/es\/ingenieria-municipal\/#webpage\",\"url\":\"https:\/\/www.bgeo.es\/es\/ingenieria-municipal\/\",\"name\":\"Ingenier\\u00eda municipal - BGEO - OPEN GIS &amp; WATER SOLUTIONS\",\"isPartOf\":{\"@id\":\"https:\/\/www.bgeo.es\/#website\"},\"primaryImageOfPage\":{\"@id\":\"https:\/\/www.bgeo.es\/es\/ingenieria-municipal\/#primaryimage\"},\"datePublished\":\"2014-09-25T17:13:24+00:00\",\"dateModified\":\"2024-01-19T12:58:47+00:00\",\"description\":\"En nuestros servicios de ingenier\\u00eda municipal se utilizan criterios de sostenibilidad, servicio integral en la realizaci\\u00f3n de proyectos.\",\"breadcrumb\":{\"@id\":\"https:\/\/www.bgeo.es\/es\/ingenieria-municipal\/#breadcrumb\"},\"inLanguage\":\"es\",\"potentialAction\":[{\"@type\":\"ReadAction\",\"target\":[\"https:\/\/www.bgeo.es\/es\/ingenieria-municipal\/\"]}]},{\"@type\":\"BreadcrumbList\",\"@id\":\"https:\/\/www.bgeo.es\/es\/ingenieria-municipal\/#breadcrumb\",\"itemListElement\":[{\"@type\":\"ListItem\",\"position\":1,\"name\":\"Inici\",\"item\":\"https:\/\/www.bgeo.es\/es\/\"},{\"@type\":\"ListItem\",\"position\":2,\"name\":\"Ingenier\\u00eda municipal\"}]}]}<\/script>\n<!-- \/ Yoast SEO plugin. -->","yoast_head_json":{"title":"Ingenier\u00eda municipal - BGEO - OPEN GIS &amp; WATER SOLUTIONS","description":"En nuestros servicios de ingenier\u00eda municipal se utilizan criterios de sostenibilidad, servicio integral en la realizaci\u00f3n de proyectos.","robots":{"index":"index","follow":"follow","max-snippet":"max-snippet:-1","max-image-preview":"max-image-preview:large","max-video-preview":"max-video-preview:-1"},"canonical":"https:\/\/www.bgeo.es\/es\/ingenieria-municipal\/","og_locale":"es_ES","og_type":"article","og_title":"Ingenier\u00eda municipal - BGEO - OPEN GIS &amp; WATER SOLUTIONS","og_description":"En nuestros servicios de ingenier\u00eda municipal se utilizan criterios de sostenibilidad, servicio integral en la realizaci\u00f3n de proyectos.","og_url":"https:\/\/www.bgeo.es\/es\/ingenieria-municipal\/","og_site_name":"BGEO - OPEN GIS &amp; WATER SOLUTIONS","article_publisher":"https:\/\/www.facebook.com\/bgeo.opengis\/","article_modified_time":"2024-01-19T12:58:47+00:00","og_image":[{"width":200,"height":200,"url":"https:\/\/www.bgeo.es\/wp-content\/uploads\/2021\/11\/bgeo-3.png","type":"image\/png"}],"twitter_card":"summary_large_image","twitter_site":"@bgeo_opengis","twitter_misc":{"Tiempo de lectura":"6 minutos"},"schema":{"@context":"https:\/\/schema.org","@graph":[{"@type":"Organization","@id":"https:\/\/www.bgeo.es\/#organization","name":"BGEO","url":"https:\/\/www.bgeo.es\/","sameAs":["https:\/\/www.facebook.com\/bgeo.opengis\/","https:\/\/www.instagram.com\/bgeogis\/","https:\/\/www.linkedin.com\/company\/bgeoopengissl\/","https:\/\/twitter.com\/bgeo_opengis"],"logo":{"@type":"ImageObject","@id":"https:\/\/www.bgeo.es\/#logo","inLanguage":"es","url":"https:\/\/www.bgeo.es\/wp-content\/uploads\/2014\/09\/BGEO_LOGO_600px-02-e1414015439640.png","contentUrl":"https:\/\/www.bgeo.es\/wp-content\/uploads\/2014\/09\/BGEO_LOGO_600px-02-e1414015439640.png","width":150,"height":78,"caption":"BGEO"},"image":{"@id":"https:\/\/www.bgeo.es\/#logo"}},{"@type":"WebSite","@id":"https:\/\/www.bgeo.es\/#website","url":"https:\/\/www.bgeo.es\/","name":"BGEO - OPEN GIS &amp; WATER SOLUTIONS","description":"Open gis water solutions","publisher":{"@id":"https:\/\/www.bgeo.es\/#organization"},"potentialAction":[{"@type":"SearchAction","target":{"@type":"EntryPoint","urlTemplate":"https:\/\/www.bgeo.es\/?s={search_term_string}"},"query-input":"required name=search_term_string"}],"inLanguage":"es"},{"@type":"ImageObject","@id":"https:\/\/www.bgeo.es\/es\/ingenieria-municipal\/#primaryimage","inLanguage":"es","url":"https:\/\/www.bgeo.es\/wp-content\/uploads\/2021\/11\/bgeo-3.png","contentUrl":"https:\/\/www.bgeo.es\/wp-content\/uploads\/2021\/11\/bgeo-3.png","width":200,"height":200,"caption":"BGEO"},{"@type":"WebPage","@id":"https:\/\/www.bgeo.es\/es\/ingenieria-municipal\/#webpage","url":"https:\/\/www.bgeo.es\/es\/ingenieria-municipal\/","name":"Ingenier\u00eda municipal - BGEO - OPEN GIS &amp; WATER SOLUTIONS","isPartOf":{"@id":"https:\/\/www.bgeo.es\/#website"},"primaryImageOfPage":{"@id":"https:\/\/www.bgeo.es\/es\/ingenieria-municipal\/#primaryimage"},"datePublished":"2014-09-25T17:13:24+00:00","dateModified":"2024-01-19T12:58:47+00:00","description":"En nuestros servicios de ingenier\u00eda municipal se utilizan criterios de sostenibilidad, servicio integral en la realizaci\u00f3n de proyectos.","breadcrumb":{"@id":"https:\/\/www.bgeo.es\/es\/ingenieria-municipal\/#breadcrumb"},"inLanguage":"es","potentialAction":[{"@type":"ReadAction","target":["https:\/\/www.bgeo.es\/es\/ingenieria-municipal\/"]}]},{"@type":"BreadcrumbList","@id":"https:\/\/www.bgeo.es\/es\/ingenieria-municipal\/#breadcrumb","itemListElement":[{"@type":"ListItem","position":1,"name":"Inici","item":"https:\/\/www.bgeo.es\/es\/"},{"@type":"ListItem","position":2,"name":"Ingenier\u00eda municipal"}]}]}},"_links":{"self":[{"href":"https:\/\/www.bgeo.es\/es\/wp-json\/wp\/v2\/pages\/1172"}],"collection":[{"href":"https:\/\/www.bgeo.es\/es\/wp-json\/wp\/v2\/pages"}],"about":[{"href":"https:\/\/www.bgeo.es\/es\/wp-json\/wp\/v2\/types\/page"}],"author":[{"embeddable":true,"href":"https:\/\/www.bgeo.es\/es\/wp-json\/wp\/v2\/users\/1"}],"replies":[{"embeddable":true,"href":"https:\/\/www.bgeo.es\/es\/wp-json\/wp\/v2\/comments?post=1172"}],"version-history":[{"count":23,"href":"https:\/\/www.bgeo.es\/es\/wp-json\/wp\/v2\/pages\/1172\/revisions"}],"predecessor-version":[{"id":7788,"href":"https:\/\/www.bgeo.es\/es\/wp-json\/wp\/v2\/pages\/1172\/revisions\/7788"}],"wp:featuredmedia":[{"embeddable":true,"href":"https:\/\/www.bgeo.es\/es\/wp-json\/wp\/v2\/media\/6480"}],"wp:attachment":[{"href":"https:\/\/www.bgeo.es\/es\/wp-json\/wp\/v2\/media?parent=1172"}],"curies":[{"name":"wp","href":"https:\/\/api.w.org\/{rel}","templated":true}]}}