{"id":1326,"date":"2014-09-25T17:13:24","date_gmt":"2014-09-25T17:13:24","guid":{"rendered":"https:\/\/www.bgeo.es\/?page_id=1326"},"modified":"2024-01-19T13:00:46","modified_gmt":"2024-01-19T13:00:46","slug":"municipal-engineering","status":"publish","type":"page","link":"https:\/\/www.bgeo.es\/en\/municipal-engineering\/","title":{"rendered":"Municipal engineering"},"content":{"rendered":"<p>[et_pb_section fb_built=&#8221;1&#8243; fullwidth=&#8221;on&#8221; _builder_version=&#8221;4.9.0&#8243; global_colors_info=&#8221;{}&#8221;][et_pb_fullwidth_header title=&#8221;Municipal engineering&#8221; text_orientation=&#8221;center&#8221; _builder_version=&#8221;4.9.0&#8243; title_font=&#8221;|700||on|||||&#8221; title_text_align=&#8221;center&#8221; title_text_color=&#8221;#FFFFFF&#8221; title_font_size=&#8221;45px&#8221; title_letter_spacing=&#8221;5px&#8221; background_color=&#8221;rgba(255, 255, 255, 0)&#8221; background_image=&#8221;https:\/\/www.bgeo.es\/wp-content\/uploads\/2021\/06\/bgeo-ingenieria.jpg&#8221; background_layout=&#8221;light&#8221; custom_padding=&#8221;100px||100px|&#8221; title_text_shadow_style=&#8221;preset1&#8243; global_colors_info=&#8221;{}&#8221; button_one_text_size__hover_enabled=&#8221;off&#8221; button_two_text_size__hover_enabled=&#8221;off&#8221; button_one_text_color__hover_enabled=&#8221;off&#8221; button_two_text_color__hover_enabled=&#8221;off&#8221; button_one_border_width__hover_enabled=&#8221;off&#8221; button_two_border_width__hover_enabled=&#8221;off&#8221; button_one_border_color__hover_enabled=&#8221;off&#8221; button_two_border_color__hover_enabled=&#8221;off&#8221; button_one_border_radius__hover_enabled=&#8221;off&#8221; button_two_border_radius__hover_enabled=&#8221;off&#8221; button_one_letter_spacing__hover_enabled=&#8221;off&#8221; button_two_letter_spacing__hover_enabled=&#8221;off&#8221; button_one_bg_color__hover_enabled=&#8221;off&#8221; button_two_bg_color__hover_enabled=&#8221;off&#8221;][\/et_pb_fullwidth_header][\/et_pb_section][et_pb_section fb_built=&#8221;1&#8243; _builder_version=&#8221;4.9.0&#8243; custom_padding=&#8221;||||false|false&#8221; global_colors_info=&#8221;{}&#8221;][et_pb_row _builder_version=&#8221;4.9.0&#8243; _module_preset=&#8221;default&#8221; global_colors_info=&#8221;{}&#8221;][et_pb_column type=&#8221;4_4&#8243; _builder_version=&#8221;4.9.0&#8243; _module_preset=&#8221;default&#8221; global_colors_info=&#8221;{}&#8221;][et_pb_text _builder_version=&#8221;4.13.1&#8243; _module_preset=&#8221;default&#8221; global_colors_info=&#8221;{}&#8221;]<\/p>\n<h2>Not all municipal engineering services are identical<\/h2>\n<p style=\"text-align: justify;\">Not everyone considers sustainability criteria when planning and developing in municipal engineering projects. Not everybody offers a comprehensive service which includes the project implementation, construction management as well as managing service companies, administrations and agencies involved.<\/p>\n<p style=\"text-align: justify;\"><strong>BGEO<\/strong> works in a different way for these companies and administrations seeking customized results.<\/p>\n<p>[\/et_pb_text][\/et_pb_column][\/et_pb_row][\/et_pb_section][et_pb_section fb_built=&#8221;1&#8243; _builder_version=&#8221;3.22&#8243; background_color=&#8221;#f6f6f6&#8243; global_colors_info=&#8221;{}&#8221;][et_pb_row column_structure=&#8221;1_2,1_2&#8243; module_id=&#8221;video-overlays&#8221; _builder_version=&#8221;3.25&#8243; global_colors_info=&#8221;{}&#8221;][et_pb_column type=&#8221;1_2&#8243; _builder_version=&#8221;3.25&#8243; custom_padding=&#8221;|||&#8221; global_colors_info=&#8221;{}&#8221; custom_padding__hover=&#8221;|||&#8221;][et_pb_text _builder_version=&#8221;4.9.0&#8243; header_4_font=&#8221;|700||on|||||&#8221; header_4_font_size=&#8221;16px&#8221; header_4_letter_spacing=&#8221;1px&#8221; custom_padding=&#8221;10px|10px|10px|10px&#8221; box_shadow_style=&#8221;preset2&#8243; global_colors_info=&#8221;{}&#8221;]<\/p>\n<h4>Main features<\/h4>\n<p>&nbsp;<\/p>\n<ul>\n<li>Use of latest generation technology<\/li>\n<li>Rigorous application of sustainability criteria<\/li>\n<li>Innovative projects of any size<\/li>\n<li>Specialized on the field of water<\/li>\n<li>Vast experience in the sector<\/li>\n<\/ul>\n<p>[\/et_pb_text][\/et_pb_column][et_pb_column type=&#8221;1_2&#8243; _builder_version=&#8221;3.25&#8243; custom_padding=&#8221;|||&#8221; global_colors_info=&#8221;{}&#8221; custom_padding__hover=&#8221;|||&#8221;][et_pb_text _builder_version=&#8221;4.9.0&#8243; header_4_font=&#8221;|700||on|||||&#8221; header_4_font_size=&#8221;16px&#8221; header_4_letter_spacing=&#8221;1px&#8221; custom_padding=&#8221;10px|10px|10px|10px&#8221; box_shadow_style=&#8221;preset2&#8243; global_colors_info=&#8221;{}&#8221;]<\/p>\n<h4>Main benefits<\/h4>\n<p>&nbsp;<\/p>\n<ul>\n<li style=\"text-align: justify;\">Studies using DTM for perfect adaptation to the topography<\/li>\n<li style=\"text-align: justify;\">Plan and design of green areas with native species<\/li>\n<li style=\"text-align: justify;\">Clean efficient lighting projects<\/li>\n<li style=\"text-align: justify;\">Implementation of measures for better water management<\/li>\n<li style=\"text-align: justify;\">Competitive prices and prompt executions<\/li>\n<\/ul>\n<p>[\/et_pb_text][\/et_pb_column][\/et_pb_row][\/et_pb_section][et_pb_section fb_built=&#8221;1&#8243; _builder_version=&#8221;3.22&#8243; custom_padding=&#8221;||0px|&#8221; global_colors_info=&#8221;{}&#8221;][et_pb_row _builder_version=&#8221;4.9.0&#8243; _module_preset=&#8221;default&#8221; global_colors_info=&#8221;{}&#8221;][et_pb_column type=&#8221;4_4&#8243; _builder_version=&#8221;4.9.0&#8243; _module_preset=&#8221;default&#8221; global_colors_info=&#8221;{}&#8221;][et_pb_text _builder_version=&#8221;4.9.0&#8243; global_colors_info=&#8221;{}&#8221;]<\/p>\n<h3 class=\"underline bgleft\">Real prospects of the engineering services of BGEO:<\/h3>\n<p>[\/et_pb_text][\/et_pb_column][\/et_pb_row][et_pb_row column_structure=&#8221;1_2,1_2&#8243; _builder_version=&#8221;3.25&#8243; background_size=&#8221;initial&#8221; background_position=&#8221;top_left&#8221; background_repeat=&#8221;repeat&#8221; global_colors_info=&#8221;{}&#8221;][et_pb_column type=&#8221;1_2&#8243; _builder_version=&#8221;3.25&#8243; custom_padding=&#8221;|||&#8221; global_colors_info=&#8221;{}&#8221; custom_padding__hover=&#8221;|||&#8221;][et_pb_text _builder_version=&#8221;4.9.0&#8243; _module_preset=&#8221;default&#8221; global_colors_info=&#8221;{}&#8221;]<\/p>\n<ul>\n<li style=\"text-align: justify;\">Develops and executes major projects and also specialized in project implementation and construction management.<\/li>\n<li style=\"text-align: justify;\">Applies criteria of sustainability and efficiency in all aspects related to engineering.<\/li>\n<li style=\"text-align: justify;\">Assures quality up to the last detail.<\/li>\n<li style=\"text-align: justify;\">You can rely in a company experienced in dealing with administrations, administrative procedures and companies that provide services or infrastructures.<\/li>\n<li style=\"text-align: justify;\">Committed to technologically pioneering projects with already proven results.<\/li>\n<\/ul>\n<p style=\"text-align: justify;\">Why don&#8217;t you d<span class=\"VIiyi\" jsaction=\"mouseup:BR6jm\" jsname=\"jqKxS\" lang=\"en\"><span jsaction=\"agoMJf:PFBcW;usxOmf:aWLT7;jhKsnd:P7O7bd,F8DmGf;Q4AGo:Gm7gYd,qAKMYb;uFUCPb:pvnm0e,pfE8Hb,PFBcW;f56efd:dJXsye;EnoYf:KNzws,ZJsZZ,JgVSJc;zdMJQc:cCQNKb,ZJsZZ,zchEXc;Ytrrj:JJDvdc;tNR8yc:GeFvjb;oFN6Ye:hij5Wb;bmeZHc:iURhpf;Oxj3Xe:qAKMYb,yaf12d\" jsname=\"txFAF\" class=\"JLqJ4b ChMk0b\" data-language-for-alternatives=\"en\" data-language-to-translate-into=\"ca\" data-phrase-index=\"0\" data-number-of-phrases=\"3\" jscontroller=\"Zl5N8\" jsdata=\"uqLsIf;_;$1231\" jsmodel=\"SsMkhd\"><span jsaction=\"click:qtZ4nf,GFf3ac,tMZCfe; contextmenu:Nqw7Te,QP7LD; mouseout:Nqw7Te; mouseover:qtZ4nf,c2aHje\" jsname=\"W297wb\">are with transformations of green spaces and urban rehabilitations of quality and prestige?<\/span><\/span><\/span><\/p>\n<p>[\/et_pb_text][\/et_pb_column][et_pb_column type=&#8221;1_2&#8243; _builder_version=&#8221;3.25&#8243; custom_padding=&#8221;|||&#8221; global_colors_info=&#8221;{}&#8221; custom_padding__hover=&#8221;|||&#8221;][et_pb_image src=&#8221;https:\/\/www.bgeo.es\/wp-content\/uploads\/2021\/11\/enginyeria.jpg&#8221; alt=&#8221;Municipal engineering&#8221; title_text=&#8221;Municipal engineering&#8221; _builder_version=&#8221;4.13.1&#8243; _module_preset=&#8221;default&#8221; width=&#8221;90%&#8221; global_colors_info=&#8221;{}&#8221;][\/et_pb_image][\/et_pb_column][\/et_pb_row][et_pb_row column_structure=&#8221;1_3,1_3,1_3&#8243; _builder_version=&#8221;4.13.1&#8243; _module_preset=&#8221;default&#8221; locked=&#8221;off&#8221; global_colors_info=&#8221;{}&#8221;][et_pb_column type=&#8221;1_3&#8243; _builder_version=&#8221;4.13.1&#8243; _module_preset=&#8221;default&#8221; global_colors_info=&#8221;{}&#8221;][et_pb_button button_url=&#8221;https:\/\/www.camins.cat\/es\/home\/&#8221; url_new_window=&#8221;on&#8221; button_text=&#8221; Col\u00b7legi d\u2019Enginyers de Camins, Canals i Ports de Catalunya&#8221; button_alignment=&#8221;center&#8221; _builder_version=&#8221;4.13.1&#8243; _module_preset=&#8221;default&#8221; custom_margin=&#8221;15px||||false|false&#8221; global_colors_info=&#8221;{}&#8221;][\/et_pb_button][\/et_pb_column][et_pb_column type=&#8221;1_3&#8243; _builder_version=&#8221;4.13.1&#8243; _module_preset=&#8221;default&#8221; global_colors_info=&#8221;{}&#8221;][et_pb_button button_url=&#8221;https:\/\/www.cateb.cat\/&#8221; url_new_window=&#8221;on&#8221; button_text=&#8221;Col\u00b7legi de l&#8217;Arquitectura T\u00e8cnica de Barcelona&#8221; button_alignment=&#8221;center&#8221; _builder_version=&#8221;4.13.1&#8243; _module_preset=&#8221;default&#8221; hover_enabled=&#8221;0&#8243; global_colors_info=&#8221;{}&#8221; sticky_enabled=&#8221;0&#8243;][\/et_pb_button][\/et_pb_column][et_pb_column type=&#8221;1_3&#8243; _builder_version=&#8221;4.13.1&#8243; _module_preset=&#8221;default&#8221; global_colors_info=&#8221;{}&#8221;][et_pb_button button_url=&#8221;https:\/\/www.enginyerscivils.cat\/en&#8221; url_new_window=&#8221;on&#8221; button_text=&#8221;Col\u00b7legi d&#8217;Enginyers T\u00e8cnics d&#8217;Obres P\u00fabliques de Catalunya&#8221; button_alignment=&#8221;center&#8221; _builder_version=&#8221;4.13.1&#8243; _module_preset=&#8221;default&#8221; custom_margin=&#8221;15px||||false|false&#8221; global_colors_info=&#8221;{}&#8221;][\/et_pb_button][\/et_pb_column][\/et_pb_row][\/et_pb_section][et_pb_section fb_built=&#8221;1&#8243; module_id=&#8221;row-six&#8221; _builder_version=&#8221;4.9.0&#8243; background_color=&#8221;gcid-d8eaa081-4be0-4518-bf91-03c8b6e95d5a&#8221; global_colors_info=&#8221;{%22gcid-d8eaa081-4be0-4518-bf91-03c8b6e95d5a%22:%91%22background_color%22%93}&#8221;][et_pb_row _builder_version=&#8221;4.9.0&#8243; animation_direction=&#8221;top&#8221; global_colors_info=&#8221;{}&#8221;][et_pb_column type=&#8221;4_4&#8243; _builder_version=&#8221;4.9.0&#8243; custom_padding=&#8221;|||&#8221; global_colors_info=&#8221;{}&#8221; custom_padding__hover=&#8221;|||&#8221;][et_pb_cta title=&#8221;Put the seal of prestige, efficiency, sustainability and innovation in your projects&#8221; button_url=&#8221;@ET-DC@eyJkeW5hbWljIjp0cnVlLCJjb250ZW50IjoicG9zdF9saW5rX3VybF9wYWdlIiwic2V0dGluZ3MiOnsicG9zdF9pZCI6Ijk5In19@&#8221; button_text=&#8221;Contact&#8221; _builder_version=&#8221;4.9.0&#8243; _dynamic_attributes=&#8221;button_url&#8221; _module_preset=&#8221;default&#8221; background_enable_color=&#8221;off&#8221; custom_button=&#8221;on&#8221; button_text_color=&#8221;#0C71C3&#8243; button_bg_color=&#8221;#FFFFFF&#8221; global_colors_info=&#8221;{}&#8221;]<\/p>\n<div>\n<p><span class=\"VIiyi\" jsaction=\"mouseup:BR6jm\" jsname=\"jqKxS\" lang=\"en\"><span jsaction=\"agoMJf:PFBcW;usxOmf:aWLT7;jhKsnd:P7O7bd,F8DmGf;Q4AGo:Gm7gYd,qAKMYb;uFUCPb:pvnm0e,pfE8Hb,PFBcW;f56efd:dJXsye;EnoYf:KNzws,ZJsZZ,JgVSJc;zdMJQc:cCQNKb,ZJsZZ,zchEXc;Ytrrj:JJDvdc;tNR8yc:GeFvjb;oFN6Ye:hij5Wb;bmeZHc:iURhpf;Oxj3Xe:qAKMYb,yaf12d\" jsname=\"txFAF\" class=\"JLqJ4b ChMk0b\" data-language-for-alternatives=\"en\" data-language-to-translate-into=\"ca\" data-phrase-index=\"0\" data-number-of-phrases=\"1\" jscontroller=\"Zl5N8\" jsdata=\"uqLsIf;_;$1162\" jsmodel=\"SsMkhd\"><span jsaction=\"click:qtZ4nf,GFf3ac,tMZCfe; contextmenu:Nqw7Te,QP7LD; mouseout:Nqw7Te; mouseover:qtZ4nf,c2aHje\" jsname=\"W297wb\"><strong>Contact BGEO<\/strong> and we will arrange a visit to show you the 100% open source tool, which will allow you to be more agile, efficient, productive and transparent.<\/span><\/span><\/span><\/p>\n<\/div>\n<p>[\/et_pb_cta][\/et_pb_column][\/et_pb_row][\/et_pb_section]<\/p>\n","protected":false},"excerpt":{"rendered":"<p>Not all municipal engineering services are identical Not everyone considers sustainability criteria when planning and developing in municipal engineering projects. Not everybody offers a comprehensive service which includes the project implementation, construction management as well as managing service companies, administrations and agencies involved. BGEO works in a different way for these companies and administrations seeking [&hellip;]<\/p>\n","protected":false},"author":1,"featured_media":6479,"parent":0,"menu_order":3,"comment_status":"open","ping_status":"closed","template":"","meta":{"_et_pb_use_builder":"on","_et_pb_old_content":"[separator top=\"-20\"]\r\n[fullwidth]\r\n<span class=\"fusion-imageframe imageframe imageframe-dropshadow imageframe-3\"><a rel=\"prettyPhoto\"><img class=\"alignnone size-full wp-image-241\" src=\"https:\/\/www.bgeo.es\/wp-content\/uploads\/2014\/09\/enginyeria1.jpg\" alt=\"\"><\/a><\/span>\r\n<h2>No tots els serveis d\u2019enginyeria s\u00f3n iguals.<\/h2>\r\nNo tots utilitzen els criteris de sostenibilitat a l\u2019hora de plantejar i redactar els seus projectes. No tots ofereixen un servei integral que inclou la realitzaci\u00f3 de projectes, la direcci\u00f3 d\u2019obra, aix\u00ed com la gesti\u00f3 amb companyies de serveis i amb altres administracions i organismes implicats. BGEO treballa de forma diferent per aquelles empreses i administracions que busquen resultats diferents.\r\n[one_half last=\"no\"]\r\n\r\n<section class=\"reading-box\" style=\"background-color: #f6f6f6; border-width: 0px; ;border-top-width: 3px; border-top-color: #1a80b6; border-style: solid;\">\r\n<h2>Principals caracter\u00edstiques<\/h2>\r\n[checklist icon=\"check\" iconcolor=\"#ffffff\" circle=\"yes\"]\r\n[separator top=\"10\"]\r\n<ul>\r\n \t<li>\u00das de tecnologia d\u2019\u00faltima generaci\u00f3<\/li>\r\n \t<li>Aplicaci\u00f3 rigorosa de criteris de sostenibilitat<\/li>\r\n \t<li>Projectes innovadors i de qualsevol dimensi\u00f3<\/li>\r\n \t<li>Especialitzaci\u00f3 en l\u2019\u00e0mbit de l\u2019aigua<\/li>\r\n \t<li>Llarga experi\u00e8ncia en el sector<\/li>\r\n<\/ul>\r\n[\/checklist]\r\n[\/one_half]\r\n[one_half last=\"yes\"]\r\n\r\n<section class=\"reading-box\" style=\"background-color: #f6f6f6; border-width: 0px; ;border-top-width: 3px; border-top-color: #1a80b6; border-style: solid;\">\r\n<h2>Principals beneficis<\/h2>\r\n[checklist icon=\"check\" iconcolor=\"#ffffff\" circle=\"yes\"]\r\n[separator top=\"10\"]\r\n<ul>\r\n \t<li>Estudis amb MDT per adaptaci\u00f3 perfecta a la topografia<\/li>\r\n \t<li>Disseny d\u2019espais verds amb esp\u00e8cies aut\u00f2ctones<\/li>\r\n \t<li>Projectes d\u2019il\u00b7luminaci\u00f3 eficients i no contaminants<\/li>\r\n \t<li>Aplicaci\u00f3 de mesures per la millor gesti\u00f3 de l\u2019aigua<\/li>\r\n \t<li>Preus competitius i execucions puntuals<\/li>\r\n<\/ul>\r\n[\/checklist]\r\n[\/one_half]\r\n<div class=\"fusion-separator fusion-full-width-sep sep-single\" style=\"border-color: #000000; margin-top: 20px; margin-bottom: 20px;\"><\/div>\r\n[two_third]\r\n<h3>Possibilitats reals dels serveis d\u2019enginyeria de BGEO:<\/h3>\r\n<ul>\r\n \t<li>Desenvolupa i executa projectes importants i especialitzats claus en m\u00e0. Aplica criteris de sostenibilitat i efici\u00e8ncia en tots els aspectes vinculats amb l\u2019enginyeria.\r\nAssegura\u2019t la qualitat de fins a l\u2019\u00faltim detall. Confia amb una empresa avesada al procediment administratiu i al tracte amb les administracions i les companyies prove\u00efdores de serveis o d\u2019infraestructures.<\/li>\r\n<\/ul>\r\n \r\n<ul>[separator top=\"-20\"]\r\n \t<li>Aposta per projectes tecnol\u00f2gicament pioners al nostre pa\u00eds per\u00f2 amb resultats ja contrastats. Atreveix-te amb transformacions d\u2019espais verds i amb rehabilitacions urbanes de qualitat i prestigi.<\/li>\r\n<\/ul>\r\n[\/two_third]\r\n[one_third last=\"yes\"]\r\n[separator top=\"20\"]\r\n\r\n<span class=\"fusion-imageframe imageframe imageframe-dropshadow imageframe-3\"><img src=\"https:\/\/www.bgeo.es\/wp-content\/uploads\/2014\/09\/enginyeria2.jpg\" alt=\"\" align=\"right\">\r\n[\/one_third]<\/span>\r\n\r\n[separator top=\"20\"]\r\n\r\n<section class=\"reading-box\" style=\"background-color: #f6f6f6; border-width: 0px; ;border-top-width: 3px; border-top-color: #1a80b6; border-style: solid;\">\r\n<h3>Si vols posar el segell de prestigi, efici\u00e8ncia, sostenibilitat i innovaci\u00f3 en els teus projectes contacta amb BGEO.<\/h3>\r\nConcertarem una visita amb l\u2019\u00fanic comprom\u00eds de mostrar-te una eina 100% open source que et permetr\u00e0 ser m\u00e9s \u00e0gil, m\u00e9s eficient, m\u00e9s productiu i m\u00e9s transparent.\r\n[button link=\"https:\/\/www.bgeo.es\/?page_id=99\" color=\"custom\" size=\"small\" type=\"flat\" shape=\"round\" target=\"_self\" title=\"\" gradient_colors=\"#1a80b6\" gradient_hover_colors=\"#1576a9\" accent_color=\"rgba(255,255,255,.7)\" accent_hover_color=\"rgba(255,255,255,.8)\" bevel_color=\"\" border_width=\"0px\" shadow=\"no\" modal=\"\" animation_type=\"0\" animation_direction=\"down\" animation_speed=\"0.1\" alignment=\"right\" class=\"\" id=\"\"]CONTACTA[\/button]\r\n[separator buttom=\"20\"]\r\n\r\n<\/section>[\/fullwidth]\r\n\r\n<\/section>\r\n<\/section>","_et_gb_content_width":""},"yoast_head":"<!-- This site is optimized with the Yoast SEO plugin v17.6 - https:\/\/yoast.com\/wordpress\/plugins\/seo\/ -->\n<title>Municipal engineering - BGEO - OPEN GIS &amp; WATER SOLUTIONS<\/title>\n<meta name=\"description\" content=\"Our municipal engineering services use sustainability criteria and a comprehensive service in carrying out projects.\" \/>\n<meta name=\"robots\" content=\"index, follow, max-snippet:-1, max-image-preview:large, max-video-preview:-1\" \/>\n<link rel=\"canonical\" href=\"https:\/\/www.bgeo.es\/en\/municipal-engineering\/\" \/>\n<meta property=\"og:locale\" content=\"en_US\" \/>\n<meta property=\"og:type\" content=\"article\" \/>\n<meta property=\"og:title\" content=\"Municipal engineering - BGEO - OPEN GIS &amp; WATER SOLUTIONS\" \/>\n<meta property=\"og:description\" content=\"Our municipal engineering services use sustainability criteria and a comprehensive service in carrying out projects.\" \/>\n<meta property=\"og:url\" content=\"https:\/\/www.bgeo.es\/en\/municipal-engineering\/\" \/>\n<meta property=\"og:site_name\" content=\"BGEO - OPEN GIS &amp; WATER SOLUTIONS\" \/>\n<meta property=\"article:publisher\" content=\"https:\/\/www.facebook.com\/bgeo.opengis\/\" \/>\n<meta property=\"article:modified_time\" content=\"2024-01-19T13:00:46+00:00\" \/>\n<meta property=\"og:image\" content=\"https:\/\/www.bgeo.es\/wp-content\/uploads\/2021\/11\/bgeo-3.png\" \/>\n\t<meta property=\"og:image:width\" content=\"200\" \/>\n\t<meta property=\"og:image:height\" content=\"200\" \/>\n<meta name=\"twitter:card\" content=\"summary_large_image\" \/>\n<meta name=\"twitter:site\" content=\"@bgeo_opengis\" \/>\n<meta name=\"twitter:label1\" content=\"Est. reading time\" \/>\n\t<meta name=\"twitter:data1\" content=\"6 minutes\" \/>\n<script type=\"application\/ld+json\" class=\"yoast-schema-graph\">{\"@context\":\"https:\/\/schema.org\",\"@graph\":[{\"@type\":\"Organization\",\"@id\":\"https:\/\/www.bgeo.es\/#organization\",\"name\":\"BGEO\",\"url\":\"https:\/\/www.bgeo.es\/\",\"sameAs\":[\"https:\/\/www.facebook.com\/bgeo.opengis\/\",\"https:\/\/www.instagram.com\/bgeogis\/\",\"https:\/\/www.linkedin.com\/company\/bgeoopengissl\/\",\"https:\/\/twitter.com\/bgeo_opengis\"],\"logo\":{\"@type\":\"ImageObject\",\"@id\":\"https:\/\/www.bgeo.es\/#logo\",\"inLanguage\":\"en-US\",\"url\":\"https:\/\/www.bgeo.es\/wp-content\/uploads\/2014\/09\/BGEO_LOGO_600px-02-e1414015439640.png\",\"contentUrl\":\"https:\/\/www.bgeo.es\/wp-content\/uploads\/2014\/09\/BGEO_LOGO_600px-02-e1414015439640.png\",\"width\":150,\"height\":78,\"caption\":\"BGEO\"},\"image\":{\"@id\":\"https:\/\/www.bgeo.es\/#logo\"}},{\"@type\":\"WebSite\",\"@id\":\"https:\/\/www.bgeo.es\/#website\",\"url\":\"https:\/\/www.bgeo.es\/\",\"name\":\"BGEO - OPEN GIS &amp; WATER SOLUTIONS\",\"description\":\"Open gis water solutions\",\"publisher\":{\"@id\":\"https:\/\/www.bgeo.es\/#organization\"},\"potentialAction\":[{\"@type\":\"SearchAction\",\"target\":{\"@type\":\"EntryPoint\",\"urlTemplate\":\"https:\/\/www.bgeo.es\/?s={search_term_string}\"},\"query-input\":\"required name=search_term_string\"}],\"inLanguage\":\"en-US\"},{\"@type\":\"ImageObject\",\"@id\":\"https:\/\/www.bgeo.es\/en\/municipal-engineering\/#primaryimage\",\"inLanguage\":\"en-US\",\"url\":\"https:\/\/www.bgeo.es\/wp-content\/uploads\/2021\/11\/bgeo-3.png\",\"contentUrl\":\"https:\/\/www.bgeo.es\/wp-content\/uploads\/2021\/11\/bgeo-3.png\",\"width\":200,\"height\":200,\"caption\":\"BGEO\"},{\"@type\":\"WebPage\",\"@id\":\"https:\/\/www.bgeo.es\/en\/municipal-engineering\/#webpage\",\"url\":\"https:\/\/www.bgeo.es\/en\/municipal-engineering\/\",\"name\":\"Municipal engineering - BGEO - OPEN GIS &amp; WATER SOLUTIONS\",\"isPartOf\":{\"@id\":\"https:\/\/www.bgeo.es\/#website\"},\"primaryImageOfPage\":{\"@id\":\"https:\/\/www.bgeo.es\/en\/municipal-engineering\/#primaryimage\"},\"datePublished\":\"2014-09-25T17:13:24+00:00\",\"dateModified\":\"2024-01-19T13:00:46+00:00\",\"description\":\"Our municipal engineering services use sustainability criteria and a comprehensive service in carrying out projects.\",\"breadcrumb\":{\"@id\":\"https:\/\/www.bgeo.es\/en\/municipal-engineering\/#breadcrumb\"},\"inLanguage\":\"en-US\",\"potentialAction\":[{\"@type\":\"ReadAction\",\"target\":[\"https:\/\/www.bgeo.es\/en\/municipal-engineering\/\"]}]},{\"@type\":\"BreadcrumbList\",\"@id\":\"https:\/\/www.bgeo.es\/en\/municipal-engineering\/#breadcrumb\",\"itemListElement\":[{\"@type\":\"ListItem\",\"position\":1,\"name\":\"Inici\",\"item\":\"https:\/\/www.bgeo.es\/es\/\"},{\"@type\":\"ListItem\",\"position\":2,\"name\":\"Municipal engineering\"}]}]}<\/script>\n<!-- \/ Yoast SEO plugin. -->","yoast_head_json":{"title":"Municipal engineering - BGEO - OPEN GIS &amp; WATER SOLUTIONS","description":"Our municipal engineering services use sustainability criteria and a comprehensive service in carrying out projects.","robots":{"index":"index","follow":"follow","max-snippet":"max-snippet:-1","max-image-preview":"max-image-preview:large","max-video-preview":"max-video-preview:-1"},"canonical":"https:\/\/www.bgeo.es\/en\/municipal-engineering\/","og_locale":"en_US","og_type":"article","og_title":"Municipal engineering - BGEO - OPEN GIS &amp; WATER SOLUTIONS","og_description":"Our municipal engineering services use sustainability criteria and a comprehensive service in carrying out projects.","og_url":"https:\/\/www.bgeo.es\/en\/municipal-engineering\/","og_site_name":"BGEO - OPEN GIS &amp; WATER SOLUTIONS","article_publisher":"https:\/\/www.facebook.com\/bgeo.opengis\/","article_modified_time":"2024-01-19T13:00:46+00:00","og_image":[{"width":200,"height":200,"url":"https:\/\/www.bgeo.es\/wp-content\/uploads\/2021\/11\/bgeo-3.png","type":"image\/png"}],"twitter_card":"summary_large_image","twitter_site":"@bgeo_opengis","twitter_misc":{"Est. reading time":"6 minutes"},"schema":{"@context":"https:\/\/schema.org","@graph":[{"@type":"Organization","@id":"https:\/\/www.bgeo.es\/#organization","name":"BGEO","url":"https:\/\/www.bgeo.es\/","sameAs":["https:\/\/www.facebook.com\/bgeo.opengis\/","https:\/\/www.instagram.com\/bgeogis\/","https:\/\/www.linkedin.com\/company\/bgeoopengissl\/","https:\/\/twitter.com\/bgeo_opengis"],"logo":{"@type":"ImageObject","@id":"https:\/\/www.bgeo.es\/#logo","inLanguage":"en-US","url":"https:\/\/www.bgeo.es\/wp-content\/uploads\/2014\/09\/BGEO_LOGO_600px-02-e1414015439640.png","contentUrl":"https:\/\/www.bgeo.es\/wp-content\/uploads\/2014\/09\/BGEO_LOGO_600px-02-e1414015439640.png","width":150,"height":78,"caption":"BGEO"},"image":{"@id":"https:\/\/www.bgeo.es\/#logo"}},{"@type":"WebSite","@id":"https:\/\/www.bgeo.es\/#website","url":"https:\/\/www.bgeo.es\/","name":"BGEO - OPEN GIS &amp; WATER SOLUTIONS","description":"Open gis water solutions","publisher":{"@id":"https:\/\/www.bgeo.es\/#organization"},"potentialAction":[{"@type":"SearchAction","target":{"@type":"EntryPoint","urlTemplate":"https:\/\/www.bgeo.es\/?s={search_term_string}"},"query-input":"required name=search_term_string"}],"inLanguage":"en-US"},{"@type":"ImageObject","@id":"https:\/\/www.bgeo.es\/en\/municipal-engineering\/#primaryimage","inLanguage":"en-US","url":"https:\/\/www.bgeo.es\/wp-content\/uploads\/2021\/11\/bgeo-3.png","contentUrl":"https:\/\/www.bgeo.es\/wp-content\/uploads\/2021\/11\/bgeo-3.png","width":200,"height":200,"caption":"BGEO"},{"@type":"WebPage","@id":"https:\/\/www.bgeo.es\/en\/municipal-engineering\/#webpage","url":"https:\/\/www.bgeo.es\/en\/municipal-engineering\/","name":"Municipal engineering - BGEO - OPEN GIS &amp; WATER SOLUTIONS","isPartOf":{"@id":"https:\/\/www.bgeo.es\/#website"},"primaryImageOfPage":{"@id":"https:\/\/www.bgeo.es\/en\/municipal-engineering\/#primaryimage"},"datePublished":"2014-09-25T17:13:24+00:00","dateModified":"2024-01-19T13:00:46+00:00","description":"Our municipal engineering services use sustainability criteria and a comprehensive service in carrying out projects.","breadcrumb":{"@id":"https:\/\/www.bgeo.es\/en\/municipal-engineering\/#breadcrumb"},"inLanguage":"en-US","potentialAction":[{"@type":"ReadAction","target":["https:\/\/www.bgeo.es\/en\/municipal-engineering\/"]}]},{"@type":"BreadcrumbList","@id":"https:\/\/www.bgeo.es\/en\/municipal-engineering\/#breadcrumb","itemListElement":[{"@type":"ListItem","position":1,"name":"Inici","item":"https:\/\/www.bgeo.es\/es\/"},{"@type":"ListItem","position":2,"name":"Municipal engineering"}]}]}},"_links":{"self":[{"href":"https:\/\/www.bgeo.es\/en\/wp-json\/wp\/v2\/pages\/1326"}],"collection":[{"href":"https:\/\/www.bgeo.es\/en\/wp-json\/wp\/v2\/pages"}],"about":[{"href":"https:\/\/www.bgeo.es\/en\/wp-json\/wp\/v2\/types\/page"}],"author":[{"embeddable":true,"href":"https:\/\/www.bgeo.es\/en\/wp-json\/wp\/v2\/users\/1"}],"replies":[{"embeddable":true,"href":"https:\/\/www.bgeo.es\/en\/wp-json\/wp\/v2\/comments?post=1326"}],"version-history":[{"count":23,"href":"https:\/\/www.bgeo.es\/en\/wp-json\/wp\/v2\/pages\/1326\/revisions"}],"predecessor-version":[{"id":7789,"href":"https:\/\/www.bgeo.es\/en\/wp-json\/wp\/v2\/pages\/1326\/revisions\/7789"}],"wp:featuredmedia":[{"embeddable":true,"href":"https:\/\/www.bgeo.es\/en\/wp-json\/wp\/v2\/media\/6479"}],"wp:attachment":[{"href":"https:\/\/www.bgeo.es\/en\/wp-json\/wp\/v2\/media?parent=1326"}],"curies":[{"name":"wp","href":"https:\/\/api.w.org\/{rel}","templated":true}]}}