{"id":1220,"date":"2014-09-25T17:12:17","date_gmt":"2014-09-25T17:12:17","guid":{"rendered":"https:\/\/www.bgeo.es\/?page_id=1220"},"modified":"2021-12-15T09:56:04","modified_gmt":"2021-12-15T09:56:04","slug":"gis-solutions","status":"publish","type":"page","link":"https:\/\/www.bgeo.es\/en\/gis-solutions\/","title":{"rendered":"Geographical intelligence"},"content":{"rendered":"<p>[et_pb_section fb_built=&#8221;1&#8243; fullwidth=&#8221;on&#8221; _builder_version=&#8221;4.9.0&#8243; global_colors_info=&#8221;{}&#8221;][et_pb_fullwidth_header title=&#8221;GEOGRAPHICAL INTELLIGENCE&#8221; text_orientation=&#8221;center&#8221; _builder_version=&#8221;4.9.0&#8243; title_font=&#8221;|700||on|||||&#8221; title_text_align=&#8221;center&#8221; title_text_color=&#8221;#FFFFFF&#8221; title_font_size=&#8221;45px&#8221; title_letter_spacing=&#8221;5px&#8221; background_color=&#8221;rgba(255, 255, 255, 0)&#8221; background_image=&#8221;https:\/\/www.bgeo.es\/wp-content\/uploads\/2021\/07\/bgeo-inteligencia_geografica.jpg&#8221; background_layout=&#8221;light&#8221; custom_padding=&#8221;100px||100px|&#8221; global_colors_info=&#8221;{}&#8221; button_one_text_size__hover_enabled=&#8221;off&#8221; button_two_text_size__hover_enabled=&#8221;off&#8221; button_one_text_color__hover_enabled=&#8221;off&#8221; button_two_text_color__hover_enabled=&#8221;off&#8221; button_one_border_width__hover_enabled=&#8221;off&#8221; button_two_border_width__hover_enabled=&#8221;off&#8221; button_one_border_color__hover_enabled=&#8221;off&#8221; button_two_border_color__hover_enabled=&#8221;off&#8221; button_one_border_radius__hover_enabled=&#8221;off&#8221; button_two_border_radius__hover_enabled=&#8221;off&#8221; button_one_letter_spacing__hover_enabled=&#8221;off&#8221; button_two_letter_spacing__hover_enabled=&#8221;off&#8221; button_one_bg_color__hover_enabled=&#8221;off&#8221; button_two_bg_color__hover_enabled=&#8221;off&#8221;][\/et_pb_fullwidth_header][\/et_pb_section][et_pb_section fb_built=&#8221;1&#8243; _builder_version=&#8221;4.9.0&#8243; custom_padding=&#8221;||||false|false&#8221; global_colors_info=&#8221;{}&#8221;][et_pb_row _builder_version=&#8221;4.9.0&#8243; _module_preset=&#8221;default&#8221; global_colors_info=&#8221;{}&#8221;][et_pb_column type=&#8221;4_4&#8243; _builder_version=&#8221;4.9.0&#8243; _module_preset=&#8221;default&#8221; global_colors_info=&#8221;{}&#8221;][et_pb_text _builder_version=&#8221;4.9.0&#8243; _module_preset=&#8221;default&#8221; global_colors_info=&#8221;{}&#8221;]<\/p>\n<h2><span class=\"VIiyi\" jsaction=\"mouseup:BR6jm\" jsname=\"jqKxS\" lang=\"en\"><span jsaction=\"agoMJf:PFBcW;usxOmf:aWLT7;jhKsnd:P7O7bd,F8DmGf;Q4AGo:Gm7gYd,qAKMYb;uFUCPb:pvnm0e,pfE8Hb,PFBcW;f56efd:dJXsye;EnoYf:KNzws,ZJsZZ,JgVSJc;zdMJQc:cCQNKb,ZJsZZ,zchEXc;Ytrrj:JJDvdc;tNR8yc:GeFvjb;oFN6Ye:hij5Wb;bmeZHc:iURhpf;Oxj3Xe:qAKMYb,yaf12d\" jsname=\"txFAF\" class=\"JLqJ4b ChMk0b\" data-language-for-alternatives=\"en\" data-language-to-translate-into=\"ca\" data-phrase-index=\"0\" data-number-of-phrases=\"1\" jscontroller=\"Zl5N8\" jsdata=\"uqLsIf;_;$1145\" jsmodel=\"SsMkhd\"><span jsaction=\"click:qtZ4nf,GFf3ac,tMZCfe; contextmenu:Nqw7Te,QP7LD; mouseout:Nqw7Te; mouseover:qtZ4nf,c2aHje\" jsname=\"W297wb\">A panoramic and global view of your needs<\/span><\/span><\/span><\/h2>\n<p style=\"text-align: justify;\">Do you still group data by themes and you are unable to quickly combine information from different areas?The open source <strong>GIS solutions<\/strong> offered and implemented by <strong>BGEO<\/strong>, allow you to visualize all data on a map, that can be accessed from any device connected to the network.<\/p>\n<p style=\"text-align: justify;\">Moreover its layered structure facilitates the control of various different types of data and also allows you to trace their evolution in time and space.<\/p>\n<p>[\/et_pb_text][\/et_pb_column][\/et_pb_row][\/et_pb_section][et_pb_section fb_built=&#8221;1&#8243; _builder_version=&#8221;3.22&#8243; background_color=&#8221;#f6f6f6&#8243; global_colors_info=&#8221;{}&#8221;][et_pb_row column_structure=&#8221;1_2,1_2&#8243; module_id=&#8221;video-overlays&#8221; _builder_version=&#8221;3.25&#8243; global_colors_info=&#8221;{}&#8221;][et_pb_column type=&#8221;1_2&#8243; _builder_version=&#8221;3.25&#8243; custom_padding=&#8221;|||&#8221; global_colors_info=&#8221;{}&#8221; custom_padding__hover=&#8221;|||&#8221;][et_pb_text _builder_version=&#8221;4.9.0&#8243; header_4_font=&#8221;|700||on|||||&#8221; header_4_font_size=&#8221;16px&#8221; header_4_letter_spacing=&#8221;1px&#8221; custom_padding=&#8221;10px|10px|10px|10px&#8221; box_shadow_style=&#8221;preset2&#8243; global_colors_info=&#8221;{}&#8221;]<\/p>\n<h4>Main features<\/h4>\n<p>&nbsp;<\/p>\n<ul>\n<li>All the information is geo-localized<\/li>\n<li>Customized search filters<\/li>\n<li>Combination of as many fields as required by the user<\/li>\n<li>Multi-platform solution with online access to the data<\/li>\n<li>Capability to set different permission levels<\/li>\n<li>100% secure and private data import<\/li>\n<li>Compatible with most management solutions<\/li>\n<li>International developing community<\/li>\n<li>Constant technological improvements <\/li>\n<\/ul>\n<p>[\/et_pb_text][\/et_pb_column][et_pb_column type=&#8221;1_2&#8243; _builder_version=&#8221;3.25&#8243; custom_padding=&#8221;|||&#8221; global_colors_info=&#8221;{}&#8221; custom_padding__hover=&#8221;|||&#8221;][et_pb_text _builder_version=&#8221;4.9.0&#8243; header_4_font=&#8221;|700||on|||||&#8221; header_4_font_size=&#8221;16px&#8221; header_4_letter_spacing=&#8221;1px&#8221; custom_padding=&#8221;10px|10px|10px|10px&#8221; box_shadow_style=&#8221;preset2&#8243; global_colors_info=&#8221;{}&#8221;]<\/p>\n<h4>Main benefits<\/h4>\n<p>&nbsp;<\/p>\n<ul>\n<li>Centralized and updated information<\/li>\n<li>Action traceability in both time and space<\/li>\n<li>Better resource planning<\/li>\n<li>Reducing the time of investigating and analyzing data<\/li>\n<li>Base to develop geo-marketing techniques<\/li>\n<li>There is no need to discard any existing software<\/li>\n<li>Commitment to open source technologies and open data<\/li>\n<li>No ties or dependency on the supplier<\/li>\n<li>No fees or licenses for new versions<\/li>\n<\/ul>\n<p>[\/et_pb_text][\/et_pb_column][\/et_pb_row][\/et_pb_section][et_pb_section fb_built=&#8221;1&#8243; _builder_version=&#8221;3.22&#8243; custom_padding=&#8221;||0px|&#8221; global_colors_info=&#8221;{}&#8221;][et_pb_row _builder_version=&#8221;4.9.0&#8243; _module_preset=&#8221;default&#8221; global_colors_info=&#8221;{}&#8221;][et_pb_column type=&#8221;4_4&#8243; _builder_version=&#8221;4.9.0&#8243; _module_preset=&#8221;default&#8221; global_colors_info=&#8221;{}&#8221;][et_pb_text _builder_version=&#8221;4.9.0&#8243; global_colors_info=&#8221;{}&#8221;]<\/p>\n<h3 class=\"underline bgleft\">Real prospects of the GIS solutions of BGEO:<\/h3>\n<p>[\/et_pb_text][\/et_pb_column][\/et_pb_row][et_pb_row column_structure=&#8221;1_2,1_2&#8243; _builder_version=&#8221;3.25&#8243; background_size=&#8221;initial&#8221; background_position=&#8221;top_left&#8221; background_repeat=&#8221;repeat&#8221; global_colors_info=&#8221;{}&#8221;][et_pb_column type=&#8221;1_2&#8243; _builder_version=&#8221;3.25&#8243; custom_padding=&#8221;|||&#8221; global_colors_info=&#8221;{}&#8221; custom_padding__hover=&#8221;|||&#8221;][et_pb_text _builder_version=&#8221;4.9.0&#8243; _module_preset=&#8221;default&#8221; global_colors_info=&#8221;{}&#8221;]<\/p>\n<p style=\"text-align: justify;\">Imagine having a map from your town where you can link the citizen complaints with the resolution of the incidents as well as to analyze which neighborhoods have more complaints per capita; in what areas is the response more effective or in what areas nothing has been done for a long time; what is the average response time per complaint and by subject. It generates a heat map where you can quickly see in which areas citizens are unsatisfied by subject, time of the year or age groups. It also links investment and different areas on the map, social assistance and also crosses the election results.<\/p>\n<p>[\/et_pb_text][et_pb_button button_url=&#8221;https:\/\/qgis.org\/en\/site\/&#8221; url_new_window=&#8221;on&#8221; button_text=&#8221;Visit QGIS wbsite&#8221; _builder_version=&#8221;4.13.1&#8243; _module_preset=&#8221;default&#8221; global_colors_info=&#8221;{}&#8221;][\/et_pb_button][\/et_pb_column][et_pb_column type=&#8221;1_2&#8243; _builder_version=&#8221;3.25&#8243; custom_padding=&#8221;|||&#8221; global_colors_info=&#8221;{}&#8221; custom_padding__hover=&#8221;|||&#8221;][et_pb_text _builder_version=&#8221;4.9.0&#8243; _module_preset=&#8221;default&#8221; global_colors_info=&#8221;{}&#8221;]<\/p>\n<p style=\"text-align: justify;\">Generate a map that shows your company\u2019s customers and the competition that you have around you. Define a sphere of influence that determines your target. Analyze where your clients live (the best and the worst, those who spend the most or those who spend less). Control the evolution of your business in time and space, so that you can define marketing strategies based on real up to date data; properly segmented campaigns to optimize business investment; plan actions of up-selling and cross-selling based on customer behavior in real time.<\/p>\n<p>[\/et_pb_text][\/et_pb_column][\/et_pb_row][\/et_pb_section][et_pb_section fb_built=&#8221;1&#8243; module_id=&#8221;row-six&#8221; _builder_version=&#8221;4.9.0&#8243; background_color=&#8221;gcid-d8eaa081-4be0-4518-bf91-03c8b6e95d5a&#8221; global_colors_info=&#8221;{%22gcid-d8eaa081-4be0-4518-bf91-03c8b6e95d5a%22:%91%22background_color%22%93}&#8221;][et_pb_row _builder_version=&#8221;4.9.0&#8243; animation_direction=&#8221;top&#8221; global_colors_info=&#8221;{}&#8221;][et_pb_column type=&#8221;4_4&#8243; _builder_version=&#8221;4.9.0&#8243; custom_padding=&#8221;|||&#8221; global_colors_info=&#8221;{}&#8221; custom_padding__hover=&#8221;|||&#8221;][et_pb_cta title=&#8221;Do you want to change the approach of your resource management in your administration or company?&#8221; button_url=&#8221;@ET-DC@eyJkeW5hbWljIjp0cnVlLCJjb250ZW50IjoicG9zdF9saW5rX3VybF9wYWdlIiwic2V0dGluZ3MiOnsicG9zdF9pZCI6Ijk5In19@&#8221; button_text=&#8221;Contact&#8221; _builder_version=&#8221;4.9.0&#8243; _dynamic_attributes=&#8221;button_url&#8221; _module_preset=&#8221;default&#8221; background_enable_color=&#8221;off&#8221; custom_button=&#8221;on&#8221; button_text_color=&#8221;#0C71C3&#8243; button_bg_color=&#8221;#FFFFFF&#8221; global_colors_info=&#8221;{}&#8221;]<\/p>\n<p><span class=\"VIiyi\" jsaction=\"mouseup:BR6jm\" jsname=\"jqKxS\" lang=\"en\"><span jsaction=\"agoMJf:PFBcW;usxOmf:aWLT7;jhKsnd:P7O7bd,F8DmGf;Q4AGo:Gm7gYd,qAKMYb;uFUCPb:pvnm0e,pfE8Hb,PFBcW;f56efd:dJXsye;EnoYf:KNzws,ZJsZZ,JgVSJc;zdMJQc:cCQNKb,ZJsZZ,zchEXc;Ytrrj:JJDvdc;tNR8yc:GeFvjb;oFN6Ye:hij5Wb;bmeZHc:iURhpf;Oxj3Xe:qAKMYb,yaf12d\" jsname=\"txFAF\" class=\"JLqJ4b ChMk0b\" data-language-for-alternatives=\"en\" data-language-to-translate-into=\"ca\" data-phrase-index=\"0\" data-number-of-phrases=\"1\" jscontroller=\"Zl5N8\" jsdata=\"uqLsIf;_;$1162\" jsmodel=\"SsMkhd\"><span jsaction=\"click:qtZ4nf,GFf3ac,tMZCfe; contextmenu:Nqw7Te,QP7LD; mouseout:Nqw7Te; mouseover:qtZ4nf,c2aHje\" jsname=\"W297wb\"><strong>Contact BGEO<\/strong> and we will arrange a visit to show you the 100% open source tool, which will allow you to be more agile, efficient, productive and transparent.<\/span><\/span><\/span><\/p>\n<p>[\/et_pb_cta][\/et_pb_column][\/et_pb_row][\/et_pb_section]<\/p>\n","protected":false},"excerpt":{"rendered":"<p>A panoramic and global view of your needs Do you still group data by themes and you are unable to quickly combine information from different areas?The open source GIS solutions offered and implemented by BGEO, allow you to visualize all data on a map, that can be accessed from any device connected to the network. [&hellip;]<\/p>\n","protected":false},"author":1,"featured_media":6479,"parent":0,"menu_order":1,"comment_status":"open","ping_status":"closed","template":"","meta":{"_et_pb_use_builder":"on","_et_pb_old_content":"[separator top=\"-20\"]\r\n[fullwidth]\r\n<span class=\"fusion-imageframe imageframe imageframe-dropshadow imageframe-3\"><a rel=\"prettyPhoto\"><img class=\"alignnone size-full wp-image-241\" src=\"https:\/\/www.bgeo.es\/wp-content\/uploads\/2014\/09\/Captura-de-pantalla-2014-10-22-a-las-22.56.01.png\" alt=\"\"><\/a><\/span>\r\n<h2>Encara agrupes les dades per temes? Ets incapa\u00e7 de combinar r\u00e0pidament informaci\u00f3 d\u2019\u00e0mbits diferents?\r\nVols tenir una visi\u00f3 panor\u00e0mica i global de les necessitats?<\/h2>\r\nLes solucions GIS en codi obert que ofereix i implanta BGEO et permeten situar totes les dades sobre un mapa que es pot consultar des de qualsevol dispositiu amb connexi\u00f3 a la xarxa. A m\u00e9s, la seva estructura per capes facilita la combinaci\u00f3 d\u2019informaci\u00f3 de tants \u00e0mbits diferents com imaginis i permet tra\u00e7ar la seva evoluci\u00f3 en el temps i en l\u2019espai.\r\n[one_half last=\"no\"]\r\n\r\n<section class=\"reading-box\" style=\"background-color: #f6f6f6; border-width: 0px; ;border-top-width: 3px; border-top-color: #1a80b6; border-style: solid;\">\r\n<h2>Principals caracter\u00edstiques<\/h2>\r\n[checklist icon=\"check\" iconcolor=\"#ffffff\" circle=\"yes\"]\r\n[separator top=\"10\"]\r\n<ul>\r\n \t<li>Tota la informaci\u00f3 geolocalitzada<\/li>\r\n \t<li>Filtres de cerca personalitzats<\/li>\r\n \t<li>Combinaci\u00f3 de tants \u00e0mbits diferents com calgui<\/li>\r\n \t<li>Multiplataforma i amb acc\u00e9s online a les dades<\/li>\r\n \t<li>Possibilitat de definir diferents nivells de permisos<\/li>\r\n \t<li>Importaci\u00f3 100% segura i privada de les dades<\/li>\r\n \t<li>Compatible amb la majoria de solucions de gesti\u00f3<\/li>\r\n \t<li>Comunitat internacional de desenvolupadors<\/li>\r\n \t<li>Constant incorporaci\u00f3 de millores<\/li>\r\n<\/ul>\r\n[\/checklist]\r\n[\/one_half]\r\n[one_half last=\"yes\"]\r\n\r\n<section class=\"reading-box\" style=\"background-color: #f6f6f6; border-width: 0px; ;border-top-width: 3px; border-top-color: #1a80b6; border-style: solid;\">\r\n<h2>Principals beneficis<\/h2>\r\n[checklist icon=\"check\" iconcolor=\"#ffffff\" circle=\"yes\"]\r\n[separator top=\"10\"]\r\n<ul>\r\n \t<li>Informaci\u00f3 centralitzada, actualitzada i accessible<\/li>\r\n \t<li>Tra\u00e7abilitat de les actuacions en el temps i l\u2019espai<\/li>\r\n \t<li>Millor planificaci\u00f3 dels recursos<\/li>\r\n \t<li>Estalvi en la recerca i an\u00e0lisi de la informaci\u00f3<\/li>\r\n \t<li>Base per desenvolupar t\u00e8cniques de geomarqu\u00e8ting<\/li>\r\n \t<li>No cal renunciar a cap software ja existent<\/li>\r\n \t<li>Aposta per les tecnologies open source i open data<\/li>\r\n \t<li>Sense lligams ni depend\u00e8ncia amb el prove\u00efdor<\/li>\r\n \t<li>Sense despeses per llic\u00e8ncies d\u2019\u00fas o noves versions<\/li>\r\n<\/ul>\r\n[\/checklist]\r\n[\/one_half]\r\n<div class=\"fusion-separator fusion-full-width-sep sep-single\" style=\"border-color: #000000; margin-top: 20px; margin-bottom: 20px;\"><\/div>\r\n[two_third]\r\n<h3>Possibilitats reals de les solucions GIS de BGEO:<\/h3>\r\n<ul>\r\n \t<li>Imagina un mapa del teu municipi en el que puguis seguir vincular les queixes ciutadanes amb la resoluci\u00f3 de les incid\u00e8ncies. Que puguis analitzar en quins barris hi ha m\u00e9s queixes per habitant; a quines zones s\u2019\u00e9s m\u00e9s efectiu; a quines fa m\u00e9s temps que no s\u2019actua; quin \u00e9s el temps mig de resposta per queixa i per tem\u00e0tica.Genera un mapa de temperatura per veure r\u00e0pidament les zones de major insatisfacci\u00f3 ciutadana per temes, \u00e8poca de l\u2019any o franges d\u2019edat. Vincula-hi les inversions a la via p\u00fablica, els ajuts socials i, fins i tot, creua els resultats electorals.<\/li>\r\n<\/ul>\r\n[\/two_third]\r\n[one_third last=\"yes\"]\r\n[separator top=\"20\"]\r\n\r\n<span class=\"fusion-imageframe imageframe imageframe-dropshadow imageframe-3\"><img src=\"https:\/\/www.bgeo.es\/wp-content\/uploads\/2014\/09\/gis2.jpg\" alt=\"\" align=\"right\">\r\n[\/one_third]\r\n[separator top=\"-20\"]<\/span>\r\n<ul>\r\n \t<li>Genera un mapa que mostri els clients de la teva empresa i la compet\u00e8ncia que tens al voltant. Defineix un \u00e0mbit geogr\u00e0fic d\u2019influ\u00e8ncia que defineixi el teu target. Analitza on viuen els teus clients (els millors i els pitjors, els que gasten m\u00e9s i els que gasten menys). Controla l\u2019evoluci\u00f3 del teu negoci en el temps i l\u2019espai i defineix estrat\u00e8gies de m\u00e0rqueting basades en dades reals i actualitzades; segmenta les campanyes adequadament per optimitzar la inversi\u00f3 comercial; planifica accions de up-selling i cross-selling en base al comportament dels teus clients en temps real.<\/li>\r\n<\/ul>\r\n[separator top=\"20\"]\r\n\r\n<section class=\"reading-box\" style=\"background-color: #f6f6f6; border-width: 0px; ;border-top-width: 3px; border-top-color: #1a80b6; border-style: solid;\">\r\n<h3>Si vols canviar la manera d\u2019enfocar la gesti\u00f3 dels recursos de la teva administraci\u00f3 o empresa contacta ara mateix amb BGEO.<\/h3>\r\nConcertarem una visita amb l\u2019\u00fanic comprom\u00eds de mostrar-te una eina 100% open source que et permetr\u00e0 ser m\u00e9s \u00e0gil, m\u00e9s eficient, m\u00e9s productiu i m\u00e9s transparent.\r\n[button link=\"https:\/\/www.bgeo.es\/?page_id=99\" color=\"custom\" size=\"small\" type=\"flat\" shape=\"round\" target=\"_self\" title=\"\" gradient_colors=\"#1a80b6\" gradient_hover_colors=\"#1576a9\" accent_color=\"rgba(255,255,255,.7)\" accent_hover_color=\"rgba(255,255,255,.8)\" bevel_color=\"\" border_width=\"0px\" shadow=\"no\" modal=\"\" animation_type=\"0\" animation_direction=\"down\" animation_speed=\"0.1\" alignment=\"right\" class=\"\" id=\"\"]CONTACTA[\/button]\r\n[separator buttom=\"20\"]\r\n\r\n<\/section>[\/fullwidth]\r\n\r\n<\/section>\r\n<\/section>","_et_gb_content_width":""},"yoast_head":"<!-- This site is optimized with the Yoast SEO plugin v17.6 - https:\/\/yoast.com\/wordpress\/plugins\/seo\/ -->\n<title>Geographical intelligence - BGEO - OPEN GIS &amp; WATER SOLUTIONS<\/title>\n<meta name=\"description\" content=\"GIS solutions allow you to place data on a layered map and its structure facilitates the combination of information from different areas.\" \/>\n<meta name=\"robots\" content=\"index, follow, max-snippet:-1, max-image-preview:large, max-video-preview:-1\" \/>\n<link rel=\"canonical\" href=\"https:\/\/www.bgeo.es\/en\/gis-solutions\/\" \/>\n<meta property=\"og:locale\" content=\"en_US\" \/>\n<meta property=\"og:type\" content=\"article\" \/>\n<meta property=\"og:title\" content=\"Geographical intelligence - BGEO - OPEN GIS &amp; WATER SOLUTIONS\" \/>\n<meta property=\"og:description\" content=\"GIS solutions allow you to place data on a layered map and its structure facilitates the combination of information from different areas.\" \/>\n<meta property=\"og:url\" content=\"https:\/\/www.bgeo.es\/en\/gis-solutions\/\" \/>\n<meta property=\"og:site_name\" content=\"BGEO - OPEN GIS &amp; WATER SOLUTIONS\" \/>\n<meta property=\"article:publisher\" content=\"https:\/\/www.facebook.com\/bgeo.opengis\/\" \/>\n<meta property=\"article:modified_time\" content=\"2021-12-15T09:56:04+00:00\" \/>\n<meta property=\"og:image\" content=\"https:\/\/www.bgeo.es\/wp-content\/uploads\/2021\/11\/bgeo-3.png\" \/>\n\t<meta property=\"og:image:width\" content=\"200\" \/>\n\t<meta property=\"og:image:height\" content=\"200\" \/>\n<meta name=\"twitter:card\" content=\"summary_large_image\" \/>\n<meta name=\"twitter:site\" content=\"@bgeo_opengis\" \/>\n<meta name=\"twitter:label1\" content=\"Est. reading time\" \/>\n\t<meta name=\"twitter:data1\" content=\"6 minutes\" \/>\n<script type=\"application\/ld+json\" class=\"yoast-schema-graph\">{\"@context\":\"https:\/\/schema.org\",\"@graph\":[{\"@type\":\"Organization\",\"@id\":\"https:\/\/www.bgeo.es\/#organization\",\"name\":\"BGEO\",\"url\":\"https:\/\/www.bgeo.es\/\",\"sameAs\":[\"https:\/\/www.facebook.com\/bgeo.opengis\/\",\"https:\/\/www.instagram.com\/bgeogis\/\",\"https:\/\/www.linkedin.com\/company\/bgeoopengissl\/\",\"https:\/\/twitter.com\/bgeo_opengis\"],\"logo\":{\"@type\":\"ImageObject\",\"@id\":\"https:\/\/www.bgeo.es\/#logo\",\"inLanguage\":\"en-US\",\"url\":\"https:\/\/www.bgeo.es\/wp-content\/uploads\/2014\/09\/BGEO_LOGO_600px-02-e1414015439640.png\",\"contentUrl\":\"https:\/\/www.bgeo.es\/wp-content\/uploads\/2014\/09\/BGEO_LOGO_600px-02-e1414015439640.png\",\"width\":150,\"height\":78,\"caption\":\"BGEO\"},\"image\":{\"@id\":\"https:\/\/www.bgeo.es\/#logo\"}},{\"@type\":\"WebSite\",\"@id\":\"https:\/\/www.bgeo.es\/#website\",\"url\":\"https:\/\/www.bgeo.es\/\",\"name\":\"BGEO - OPEN GIS &amp; WATER SOLUTIONS\",\"description\":\"Open gis water solutions\",\"publisher\":{\"@id\":\"https:\/\/www.bgeo.es\/#organization\"},\"potentialAction\":[{\"@type\":\"SearchAction\",\"target\":{\"@type\":\"EntryPoint\",\"urlTemplate\":\"https:\/\/www.bgeo.es\/?s={search_term_string}\"},\"query-input\":\"required name=search_term_string\"}],\"inLanguage\":\"en-US\"},{\"@type\":\"ImageObject\",\"@id\":\"https:\/\/www.bgeo.es\/en\/gis-solutions\/#primaryimage\",\"inLanguage\":\"en-US\",\"url\":\"https:\/\/www.bgeo.es\/wp-content\/uploads\/2021\/11\/bgeo-3.png\",\"contentUrl\":\"https:\/\/www.bgeo.es\/wp-content\/uploads\/2021\/11\/bgeo-3.png\",\"width\":200,\"height\":200,\"caption\":\"BGEO\"},{\"@type\":\"WebPage\",\"@id\":\"https:\/\/www.bgeo.es\/en\/gis-solutions\/#webpage\",\"url\":\"https:\/\/www.bgeo.es\/en\/gis-solutions\/\",\"name\":\"Geographical intelligence - BGEO - OPEN GIS &amp; WATER SOLUTIONS\",\"isPartOf\":{\"@id\":\"https:\/\/www.bgeo.es\/#website\"},\"primaryImageOfPage\":{\"@id\":\"https:\/\/www.bgeo.es\/en\/gis-solutions\/#primaryimage\"},\"datePublished\":\"2014-09-25T17:12:17+00:00\",\"dateModified\":\"2021-12-15T09:56:04+00:00\",\"description\":\"GIS solutions allow you to place data on a layered map and its structure facilitates the combination of information from different areas.\",\"breadcrumb\":{\"@id\":\"https:\/\/www.bgeo.es\/en\/gis-solutions\/#breadcrumb\"},\"inLanguage\":\"en-US\",\"potentialAction\":[{\"@type\":\"ReadAction\",\"target\":[\"https:\/\/www.bgeo.es\/en\/gis-solutions\/\"]}]},{\"@type\":\"BreadcrumbList\",\"@id\":\"https:\/\/www.bgeo.es\/en\/gis-solutions\/#breadcrumb\",\"itemListElement\":[{\"@type\":\"ListItem\",\"position\":1,\"name\":\"Inici\",\"item\":\"https:\/\/www.bgeo.es\/es\/\"},{\"@type\":\"ListItem\",\"position\":2,\"name\":\"Geographical intelligence\"}]}]}<\/script>\n<!-- \/ Yoast SEO plugin. -->","yoast_head_json":{"title":"Geographical intelligence - BGEO - OPEN GIS &amp; WATER SOLUTIONS","description":"GIS solutions allow you to place data on a layered map and its structure facilitates the combination of information from different areas.","robots":{"index":"index","follow":"follow","max-snippet":"max-snippet:-1","max-image-preview":"max-image-preview:large","max-video-preview":"max-video-preview:-1"},"canonical":"https:\/\/www.bgeo.es\/en\/gis-solutions\/","og_locale":"en_US","og_type":"article","og_title":"Geographical intelligence - BGEO - OPEN GIS &amp; WATER SOLUTIONS","og_description":"GIS solutions allow you to place data on a layered map and its structure facilitates the combination of information from different areas.","og_url":"https:\/\/www.bgeo.es\/en\/gis-solutions\/","og_site_name":"BGEO - OPEN GIS &amp; WATER SOLUTIONS","article_publisher":"https:\/\/www.facebook.com\/bgeo.opengis\/","article_modified_time":"2021-12-15T09:56:04+00:00","og_image":[{"width":200,"height":200,"url":"https:\/\/www.bgeo.es\/wp-content\/uploads\/2021\/11\/bgeo-3.png","type":"image\/png"}],"twitter_card":"summary_large_image","twitter_site":"@bgeo_opengis","twitter_misc":{"Est. reading time":"6 minutes"},"schema":{"@context":"https:\/\/schema.org","@graph":[{"@type":"Organization","@id":"https:\/\/www.bgeo.es\/#organization","name":"BGEO","url":"https:\/\/www.bgeo.es\/","sameAs":["https:\/\/www.facebook.com\/bgeo.opengis\/","https:\/\/www.instagram.com\/bgeogis\/","https:\/\/www.linkedin.com\/company\/bgeoopengissl\/","https:\/\/twitter.com\/bgeo_opengis"],"logo":{"@type":"ImageObject","@id":"https:\/\/www.bgeo.es\/#logo","inLanguage":"en-US","url":"https:\/\/www.bgeo.es\/wp-content\/uploads\/2014\/09\/BGEO_LOGO_600px-02-e1414015439640.png","contentUrl":"https:\/\/www.bgeo.es\/wp-content\/uploads\/2014\/09\/BGEO_LOGO_600px-02-e1414015439640.png","width":150,"height":78,"caption":"BGEO"},"image":{"@id":"https:\/\/www.bgeo.es\/#logo"}},{"@type":"WebSite","@id":"https:\/\/www.bgeo.es\/#website","url":"https:\/\/www.bgeo.es\/","name":"BGEO - OPEN GIS &amp; WATER SOLUTIONS","description":"Open gis water solutions","publisher":{"@id":"https:\/\/www.bgeo.es\/#organization"},"potentialAction":[{"@type":"SearchAction","target":{"@type":"EntryPoint","urlTemplate":"https:\/\/www.bgeo.es\/?s={search_term_string}"},"query-input":"required name=search_term_string"}],"inLanguage":"en-US"},{"@type":"ImageObject","@id":"https:\/\/www.bgeo.es\/en\/gis-solutions\/#primaryimage","inLanguage":"en-US","url":"https:\/\/www.bgeo.es\/wp-content\/uploads\/2021\/11\/bgeo-3.png","contentUrl":"https:\/\/www.bgeo.es\/wp-content\/uploads\/2021\/11\/bgeo-3.png","width":200,"height":200,"caption":"BGEO"},{"@type":"WebPage","@id":"https:\/\/www.bgeo.es\/en\/gis-solutions\/#webpage","url":"https:\/\/www.bgeo.es\/en\/gis-solutions\/","name":"Geographical intelligence - BGEO - OPEN GIS &amp; WATER SOLUTIONS","isPartOf":{"@id":"https:\/\/www.bgeo.es\/#website"},"primaryImageOfPage":{"@id":"https:\/\/www.bgeo.es\/en\/gis-solutions\/#primaryimage"},"datePublished":"2014-09-25T17:12:17+00:00","dateModified":"2021-12-15T09:56:04+00:00","description":"GIS solutions allow you to place data on a layered map and its structure facilitates the combination of information from different areas.","breadcrumb":{"@id":"https:\/\/www.bgeo.es\/en\/gis-solutions\/#breadcrumb"},"inLanguage":"en-US","potentialAction":[{"@type":"ReadAction","target":["https:\/\/www.bgeo.es\/en\/gis-solutions\/"]}]},{"@type":"BreadcrumbList","@id":"https:\/\/www.bgeo.es\/en\/gis-solutions\/#breadcrumb","itemListElement":[{"@type":"ListItem","position":1,"name":"Inici","item":"https:\/\/www.bgeo.es\/es\/"},{"@type":"ListItem","position":2,"name":"Geographical intelligence"}]}]}},"_links":{"self":[{"href":"https:\/\/www.bgeo.es\/en\/wp-json\/wp\/v2\/pages\/1220"}],"collection":[{"href":"https:\/\/www.bgeo.es\/en\/wp-json\/wp\/v2\/pages"}],"about":[{"href":"https:\/\/www.bgeo.es\/en\/wp-json\/wp\/v2\/types\/page"}],"author":[{"embeddable":true,"href":"https:\/\/www.bgeo.es\/en\/wp-json\/wp\/v2\/users\/1"}],"replies":[{"embeddable":true,"href":"https:\/\/www.bgeo.es\/en\/wp-json\/wp\/v2\/comments?post=1220"}],"version-history":[{"count":29,"href":"https:\/\/www.bgeo.es\/en\/wp-json\/wp\/v2\/pages\/1220\/revisions"}],"predecessor-version":[{"id":6816,"href":"https:\/\/www.bgeo.es\/en\/wp-json\/wp\/v2\/pages\/1220\/revisions\/6816"}],"wp:featuredmedia":[{"embeddable":true,"href":"https:\/\/www.bgeo.es\/en\/wp-json\/wp\/v2\/media\/6479"}],"wp:attachment":[{"href":"https:\/\/www.bgeo.es\/en\/wp-json\/wp\/v2\/media?parent=1220"}],"curies":[{"name":"wp","href":"https:\/\/api.w.org\/{rel}","templated":true}]}}