{"id":1112,"date":"2014-11-17T18:15:48","date_gmt":"2014-11-17T18:15:48","guid":{"rendered":"https:\/\/www.bgeo.es\/?page_id=1112"},"modified":"2021-12-15T12:00:35","modified_gmt":"2021-12-15T12:00:35","slug":"training","status":"publish","type":"page","link":"https:\/\/www.bgeo.es\/en\/training\/","title":{"rendered":"Training"},"content":{"rendered":"<p>[et_pb_section fb_built=&#8221;1&#8243; fullwidth=&#8221;on&#8221; _builder_version=&#8221;4.9.0&#8243; global_colors_info=&#8221;{}&#8221;][et_pb_fullwidth_header title=&#8221;Training&#8221; text_orientation=&#8221;center&#8221; _builder_version=&#8221;4.9.0&#8243; title_font=&#8221;|700||on|||||&#8221; title_text_align=&#8221;center&#8221; title_text_color=&#8221;#FFFFFF&#8221; title_font_size=&#8221;45px&#8221; title_letter_spacing=&#8221;5px&#8221; background_color=&#8221;rgba(255, 255, 255, 0)&#8221; background_image=&#8221;https:\/\/www.bgeo.es\/wp-content\/uploads\/2021\/06\/bgeo-formacion.jpg&#8221; background_layout=&#8221;light&#8221; custom_padding=&#8221;100px||100px|&#8221; title_text_shadow_style=&#8221;preset3&#8243; title_text_shadow_color=&#8221;#000000&#8243; global_colors_info=&#8221;{}&#8221; button_one_text_size__hover_enabled=&#8221;off&#8221; button_two_text_size__hover_enabled=&#8221;off&#8221; button_one_text_color__hover_enabled=&#8221;off&#8221; button_two_text_color__hover_enabled=&#8221;off&#8221; button_one_border_width__hover_enabled=&#8221;off&#8221; button_two_border_width__hover_enabled=&#8221;off&#8221; button_one_border_color__hover_enabled=&#8221;off&#8221; button_two_border_color__hover_enabled=&#8221;off&#8221; button_one_border_radius__hover_enabled=&#8221;off&#8221; button_two_border_radius__hover_enabled=&#8221;off&#8221; button_one_letter_spacing__hover_enabled=&#8221;off&#8221; button_two_letter_spacing__hover_enabled=&#8221;off&#8221; button_one_bg_color__hover_enabled=&#8221;off&#8221; button_two_bg_color__hover_enabled=&#8221;off&#8221;][\/et_pb_fullwidth_header][\/et_pb_section][et_pb_section fb_built=&#8221;1&#8243; _builder_version=&#8221;4.9.0&#8243; custom_padding=&#8221;||||false|false&#8221; global_colors_info=&#8221;{}&#8221;][et_pb_row _builder_version=&#8221;4.9.0&#8243; _module_preset=&#8221;default&#8221; global_colors_info=&#8221;{}&#8221;][et_pb_column type=&#8221;4_4&#8243; _builder_version=&#8221;4.9.0&#8243; _module_preset=&#8221;default&#8221; global_colors_info=&#8221;{}&#8221;][et_pb_text _builder_version=&#8221;4.9.0&#8243; _module_preset=&#8221;default&#8221; global_colors_info=&#8221;{}&#8221;]<\/p>\n<h2>BGEO training<\/h2>\n<p style=\"text-align: justify;\">Do you want to know what a <strong>GIS system<\/strong> can offer to your administration or your company? Do you prefer to specialize some of your technicians in geolocation systems and resource planning? Do you want to know what <strong>Giswater<\/strong>\u00a0does to manage the water cycle? Or do you want to learn how to install and use this driver by yourself? <strong>BGEO<\/strong> training is what you need!<\/p>\n<p style=\"text-align: justify;\"><strong>BGEO<\/strong> offers a wide range of different formation services that were used by prestigious institutions such as the Diputaci\u00f3n de Barcelona, the Ayuntamiento de Sabadell or the Colegio de Ingenieros T\u00e9cnicos de Obras P\u00fablicas.<\/p>\n<p style=\"text-align: justify;\">Request a budget to organize sessions tailored to your needs.<\/p>\n<p>[\/et_pb_text][et_pb_button button_url=&#8221;https:\/\/www.linkedin.com\/company\/bgeoopengissl\/&#8221; url_new_window=&#8221;on&#8221; button_text=&#8221;Follow us on social media to see our upcoming formative opportunities&#8221; _builder_version=&#8221;4.13.1&#8243; _module_preset=&#8221;default&#8221; locked=&#8221;off&#8221; global_colors_info=&#8221;{}&#8221;][\/et_pb_button][\/et_pb_column][\/et_pb_row][\/et_pb_section][et_pb_section fb_built=&#8221;1&#8243; module_id=&#8221;row-six&#8221; _builder_version=&#8221;4.9.0&#8243; background_color=&#8221;gcid-d8eaa081-4be0-4518-bf91-03c8b6e95d5a&#8221; global_colors_info=&#8221;{%22gcid-d8eaa081-4be0-4518-bf91-03c8b6e95d5a%22:%91%22background_color%22%93}&#8221;][et_pb_row _builder_version=&#8221;4.9.0&#8243; animation_direction=&#8221;top&#8221; global_colors_info=&#8221;{}&#8221;][et_pb_column type=&#8221;4_4&#8243; _builder_version=&#8221;4.9.0&#8243; custom_padding=&#8221;|||&#8221; global_colors_info=&#8221;{}&#8221; custom_padding__hover=&#8221;|||&#8221;][et_pb_cta title=&#8221;Contact with BGEO to learn more about our formative services&#8221; button_url=&#8221;@ET-DC@eyJkeW5hbWljIjp0cnVlLCJjb250ZW50IjoicG9zdF9saW5rX3VybF9wYWdlIiwic2V0dGluZ3MiOnsicG9zdF9pZCI6Ijk5In19@&#8221; button_text=&#8221;Contact&#8221; _builder_version=&#8221;4.13.1&#8243; _dynamic_attributes=&#8221;button_url&#8221; _module_preset=&#8221;default&#8221; background_enable_color=&#8221;off&#8221; custom_button=&#8221;on&#8221; button_text_color=&#8221;#0C71C3&#8243; button_bg_color=&#8221;#FFFFFF&#8221; global_colors_info=&#8221;{}&#8221;]<\/p>\n<p>Contact us and we will arrange a visit to inform you about our formative services.<\/p>\n<p>[\/et_pb_cta][\/et_pb_column][\/et_pb_row][\/et_pb_section]<\/p>\n","protected":false},"excerpt":{"rendered":"<p>BGEO training Do you want to know what a GIS system can offer to your administration or your company? Do you prefer to specialize some of your technicians in geolocation systems and resource planning? Do you want to know what Giswater\u00a0does to manage the water cycle? Or do you want to learn how to install [&hellip;]<\/p>\n","protected":false},"author":1,"featured_media":6479,"parent":0,"menu_order":3,"comment_status":"open","ping_status":"closed","template":"","meta":{"_et_pb_use_builder":"on","_et_pb_old_content":"[separator top=\"-20\"]\r\n[two_third]\r\n<h2>Training:<\/h2>\r\n<ul>\r\n\t<li>Do you want to know what a GIS system can offer to your administration or your company?\r\nOr do you prefer to specialize some of your technicians in geolocation systems and resource planning?\r\nDo you want to know what GISWATER does to manage the water cycle? Or do you want to learn how to install and use this driver by yourself?<\/li>\r\n<\/ul>\r\n \r\n<ul>\r\n\t<li>BGEO offers a wide range of training services that were used by prestigious institutions such as the Diputaci\u00f3n de Barcelona, the Ayuntamiento de Sabadell or the Colegio de Ingenieros T\u00e9cnicos de Obras P\u00fablicas.<\/li>\r\n<\/ul>\r\n \r\n<ul>\r\n\t<li>Request a budget to organize sessions tailored to your needs.<\/li>\r\n<\/ul>\r\n[separator top=\"30\"]\r\n\r\n<section class=\"reading-box\" style=\"background-color: #f6f6f6; border-width: 0px; ;border-top-width: 3px; border-top-color: #1a80b6; border-style: solid;\">\r\n<h3>And if you want to discover the real potential of these tools contact us through <span style=\"color: #000080;\"><strong>info@bgeo.es<\/strong><\/span> and we will guide you.<\/h3>\r\n[separator buttom=\"20\"]\r\n\r\n[\/two_third]\r\n[one_third last=\"yes\"]\r\n[separator top=\"30\"]\r\n<span class=\"fusion-imageframe imageframe imageframe-dropshadow imageframe-3\"><img src=\"https:\/\/www.bgeo.es\/wp-content\/uploads\/2014\/09\/formacio.jpg\" alt=\"\" align=\"right\" \/>\r\n[\/one_third]<\/span>\r\n\r\n<\/section>","_et_gb_content_width":""},"yoast_head":"<!-- This site is optimized with the Yoast SEO plugin v17.6 - https:\/\/yoast.com\/wordpress\/plugins\/seo\/ -->\n<title>Training - BGEO - OPEN GIS &amp; WATER SOLUTIONS<\/title>\n<meta name=\"description\" content=\"In BGEO&#039;s training we will show you that you can offer a GIS system to your administration or company, and get to know the GISWATER tool.\" \/>\n<meta name=\"robots\" content=\"index, follow, max-snippet:-1, max-image-preview:large, max-video-preview:-1\" \/>\n<link rel=\"canonical\" href=\"https:\/\/www.bgeo.es\/en\/training\/\" \/>\n<meta property=\"og:locale\" content=\"en_US\" \/>\n<meta property=\"og:type\" content=\"article\" \/>\n<meta property=\"og:title\" content=\"Training - BGEO - OPEN GIS &amp; WATER SOLUTIONS\" \/>\n<meta property=\"og:description\" content=\"In BGEO&#039;s training we will show you that you can offer a GIS system to your administration or company, and get to know the GISWATER tool.\" \/>\n<meta property=\"og:url\" content=\"https:\/\/www.bgeo.es\/en\/training\/\" \/>\n<meta property=\"og:site_name\" content=\"BGEO - OPEN GIS &amp; WATER SOLUTIONS\" \/>\n<meta property=\"article:publisher\" content=\"https:\/\/www.facebook.com\/bgeo.opengis\/\" \/>\n<meta property=\"article:modified_time\" content=\"2021-12-15T12:00:35+00:00\" \/>\n<meta property=\"og:image\" content=\"https:\/\/www.bgeo.es\/wp-content\/uploads\/2021\/11\/bgeo-3.png\" \/>\n\t<meta property=\"og:image:width\" content=\"200\" \/>\n\t<meta property=\"og:image:height\" content=\"200\" \/>\n<meta name=\"twitter:card\" content=\"summary_large_image\" \/>\n<meta name=\"twitter:site\" content=\"@bgeo_opengis\" \/>\n<meta name=\"twitter:label1\" content=\"Est. reading time\" \/>\n\t<meta name=\"twitter:data1\" content=\"3 minutes\" \/>\n<script type=\"application\/ld+json\" class=\"yoast-schema-graph\">{\"@context\":\"https:\/\/schema.org\",\"@graph\":[{\"@type\":\"Organization\",\"@id\":\"https:\/\/www.bgeo.es\/#organization\",\"name\":\"BGEO\",\"url\":\"https:\/\/www.bgeo.es\/\",\"sameAs\":[\"https:\/\/www.facebook.com\/bgeo.opengis\/\",\"https:\/\/www.instagram.com\/bgeogis\/\",\"https:\/\/www.linkedin.com\/company\/bgeoopengissl\/\",\"https:\/\/twitter.com\/bgeo_opengis\"],\"logo\":{\"@type\":\"ImageObject\",\"@id\":\"https:\/\/www.bgeo.es\/#logo\",\"inLanguage\":\"en-US\",\"url\":\"https:\/\/www.bgeo.es\/wp-content\/uploads\/2014\/09\/BGEO_LOGO_600px-02-e1414015439640.png\",\"contentUrl\":\"https:\/\/www.bgeo.es\/wp-content\/uploads\/2014\/09\/BGEO_LOGO_600px-02-e1414015439640.png\",\"width\":150,\"height\":78,\"caption\":\"BGEO\"},\"image\":{\"@id\":\"https:\/\/www.bgeo.es\/#logo\"}},{\"@type\":\"WebSite\",\"@id\":\"https:\/\/www.bgeo.es\/#website\",\"url\":\"https:\/\/www.bgeo.es\/\",\"name\":\"BGEO - OPEN GIS &amp; WATER SOLUTIONS\",\"description\":\"Open gis water solutions\",\"publisher\":{\"@id\":\"https:\/\/www.bgeo.es\/#organization\"},\"potentialAction\":[{\"@type\":\"SearchAction\",\"target\":{\"@type\":\"EntryPoint\",\"urlTemplate\":\"https:\/\/www.bgeo.es\/?s={search_term_string}\"},\"query-input\":\"required name=search_term_string\"}],\"inLanguage\":\"en-US\"},{\"@type\":\"ImageObject\",\"@id\":\"https:\/\/www.bgeo.es\/en\/training\/#primaryimage\",\"inLanguage\":\"en-US\",\"url\":\"https:\/\/www.bgeo.es\/wp-content\/uploads\/2021\/11\/bgeo-3.png\",\"contentUrl\":\"https:\/\/www.bgeo.es\/wp-content\/uploads\/2021\/11\/bgeo-3.png\",\"width\":200,\"height\":200,\"caption\":\"BGEO\"},{\"@type\":\"WebPage\",\"@id\":\"https:\/\/www.bgeo.es\/en\/training\/#webpage\",\"url\":\"https:\/\/www.bgeo.es\/en\/training\/\",\"name\":\"Training - BGEO - OPEN GIS &amp; WATER SOLUTIONS\",\"isPartOf\":{\"@id\":\"https:\/\/www.bgeo.es\/#website\"},\"primaryImageOfPage\":{\"@id\":\"https:\/\/www.bgeo.es\/en\/training\/#primaryimage\"},\"datePublished\":\"2014-11-17T18:15:48+00:00\",\"dateModified\":\"2021-12-15T12:00:35+00:00\",\"description\":\"In BGEO's training we will show you that you can offer a GIS system to your administration or company, and get to know the GISWATER tool.\",\"breadcrumb\":{\"@id\":\"https:\/\/www.bgeo.es\/en\/training\/#breadcrumb\"},\"inLanguage\":\"en-US\",\"potentialAction\":[{\"@type\":\"ReadAction\",\"target\":[\"https:\/\/www.bgeo.es\/en\/training\/\"]}]},{\"@type\":\"BreadcrumbList\",\"@id\":\"https:\/\/www.bgeo.es\/en\/training\/#breadcrumb\",\"itemListElement\":[{\"@type\":\"ListItem\",\"position\":1,\"name\":\"Inici\",\"item\":\"https:\/\/www.bgeo.es\/es\/\"},{\"@type\":\"ListItem\",\"position\":2,\"name\":\"Training\"}]}]}<\/script>\n<!-- \/ Yoast SEO plugin. -->","yoast_head_json":{"title":"Training - BGEO - OPEN GIS &amp; WATER SOLUTIONS","description":"In BGEO's training we will show you that you can offer a GIS system to your administration or company, and get to know the GISWATER tool.","robots":{"index":"index","follow":"follow","max-snippet":"max-snippet:-1","max-image-preview":"max-image-preview:large","max-video-preview":"max-video-preview:-1"},"canonical":"https:\/\/www.bgeo.es\/en\/training\/","og_locale":"en_US","og_type":"article","og_title":"Training - BGEO - OPEN GIS &amp; WATER SOLUTIONS","og_description":"In BGEO's training we will show you that you can offer a GIS system to your administration or company, and get to know the GISWATER tool.","og_url":"https:\/\/www.bgeo.es\/en\/training\/","og_site_name":"BGEO - OPEN GIS &amp; WATER SOLUTIONS","article_publisher":"https:\/\/www.facebook.com\/bgeo.opengis\/","article_modified_time":"2021-12-15T12:00:35+00:00","og_image":[{"width":200,"height":200,"url":"https:\/\/www.bgeo.es\/wp-content\/uploads\/2021\/11\/bgeo-3.png","type":"image\/png"}],"twitter_card":"summary_large_image","twitter_site":"@bgeo_opengis","twitter_misc":{"Est. reading time":"3 minutes"},"schema":{"@context":"https:\/\/schema.org","@graph":[{"@type":"Organization","@id":"https:\/\/www.bgeo.es\/#organization","name":"BGEO","url":"https:\/\/www.bgeo.es\/","sameAs":["https:\/\/www.facebook.com\/bgeo.opengis\/","https:\/\/www.instagram.com\/bgeogis\/","https:\/\/www.linkedin.com\/company\/bgeoopengissl\/","https:\/\/twitter.com\/bgeo_opengis"],"logo":{"@type":"ImageObject","@id":"https:\/\/www.bgeo.es\/#logo","inLanguage":"en-US","url":"https:\/\/www.bgeo.es\/wp-content\/uploads\/2014\/09\/BGEO_LOGO_600px-02-e1414015439640.png","contentUrl":"https:\/\/www.bgeo.es\/wp-content\/uploads\/2014\/09\/BGEO_LOGO_600px-02-e1414015439640.png","width":150,"height":78,"caption":"BGEO"},"image":{"@id":"https:\/\/www.bgeo.es\/#logo"}},{"@type":"WebSite","@id":"https:\/\/www.bgeo.es\/#website","url":"https:\/\/www.bgeo.es\/","name":"BGEO - OPEN GIS &amp; WATER SOLUTIONS","description":"Open gis water solutions","publisher":{"@id":"https:\/\/www.bgeo.es\/#organization"},"potentialAction":[{"@type":"SearchAction","target":{"@type":"EntryPoint","urlTemplate":"https:\/\/www.bgeo.es\/?s={search_term_string}"},"query-input":"required name=search_term_string"}],"inLanguage":"en-US"},{"@type":"ImageObject","@id":"https:\/\/www.bgeo.es\/en\/training\/#primaryimage","inLanguage":"en-US","url":"https:\/\/www.bgeo.es\/wp-content\/uploads\/2021\/11\/bgeo-3.png","contentUrl":"https:\/\/www.bgeo.es\/wp-content\/uploads\/2021\/11\/bgeo-3.png","width":200,"height":200,"caption":"BGEO"},{"@type":"WebPage","@id":"https:\/\/www.bgeo.es\/en\/training\/#webpage","url":"https:\/\/www.bgeo.es\/en\/training\/","name":"Training - BGEO - OPEN GIS &amp; WATER SOLUTIONS","isPartOf":{"@id":"https:\/\/www.bgeo.es\/#website"},"primaryImageOfPage":{"@id":"https:\/\/www.bgeo.es\/en\/training\/#primaryimage"},"datePublished":"2014-11-17T18:15:48+00:00","dateModified":"2021-12-15T12:00:35+00:00","description":"In BGEO's training we will show you that you can offer a GIS system to your administration or company, and get to know the GISWATER tool.","breadcrumb":{"@id":"https:\/\/www.bgeo.es\/en\/training\/#breadcrumb"},"inLanguage":"en-US","potentialAction":[{"@type":"ReadAction","target":["https:\/\/www.bgeo.es\/en\/training\/"]}]},{"@type":"BreadcrumbList","@id":"https:\/\/www.bgeo.es\/en\/training\/#breadcrumb","itemListElement":[{"@type":"ListItem","position":1,"name":"Inici","item":"https:\/\/www.bgeo.es\/es\/"},{"@type":"ListItem","position":2,"name":"Training"}]}]}},"_links":{"self":[{"href":"https:\/\/www.bgeo.es\/en\/wp-json\/wp\/v2\/pages\/1112"}],"collection":[{"href":"https:\/\/www.bgeo.es\/en\/wp-json\/wp\/v2\/pages"}],"about":[{"href":"https:\/\/www.bgeo.es\/en\/wp-json\/wp\/v2\/types\/page"}],"author":[{"embeddable":true,"href":"https:\/\/www.bgeo.es\/en\/wp-json\/wp\/v2\/users\/1"}],"replies":[{"embeddable":true,"href":"https:\/\/www.bgeo.es\/en\/wp-json\/wp\/v2\/comments?post=1112"}],"version-history":[{"count":27,"href":"https:\/\/www.bgeo.es\/en\/wp-json\/wp\/v2\/pages\/1112\/revisions"}],"predecessor-version":[{"id":6846,"href":"https:\/\/www.bgeo.es\/en\/wp-json\/wp\/v2\/pages\/1112\/revisions\/6846"}],"wp:featuredmedia":[{"embeddable":true,"href":"https:\/\/www.bgeo.es\/en\/wp-json\/wp\/v2\/media\/6479"}],"wp:attachment":[{"href":"https:\/\/www.bgeo.es\/en\/wp-json\/wp\/v2\/media?parent=1112"}],"curies":[{"name":"wp","href":"https:\/\/api.w.org\/{rel}","templated":true}]}}