{"id":1109,"date":"2014-09-25T17:32:05","date_gmt":"2014-09-25T17:32:05","guid":{"rendered":"https:\/\/www.bgeo.es\/?page_id=1109"},"modified":"2022-01-13T16:48:05","modified_gmt":"2022-01-13T16:48:05","slug":"implementation","status":"publish","type":"page","link":"https:\/\/www.bgeo.es\/en\/implementation\/","title":{"rendered":"Implementation"},"content":{"rendered":"<p>[et_pb_section fb_built=&#8221;1&#8243; fullwidth=&#8221;on&#8221; _builder_version=&#8221;4.9.0&#8243; global_colors_info=&#8221;{}&#8221;][et_pb_fullwidth_header title=&#8221;Implementation&#8221; text_orientation=&#8221;center&#8221; _builder_version=&#8221;4.9.0&#8243; title_font=&#8221;|700||on|||||&#8221; title_text_align=&#8221;center&#8221; title_text_color=&#8221;#FFFFFF&#8221; title_font_size=&#8221;45px&#8221; title_letter_spacing=&#8221;5px&#8221; background_color=&#8221;rgba(255, 255, 255, 0)&#8221; background_image=&#8221;https:\/\/www.bgeo.es\/wp-content\/uploads\/2021\/07\/bgeo-implementacion.jpg&#8221; background_layout=&#8221;light&#8221; custom_padding=&#8221;100px||100px|&#8221; title_text_shadow_style=&#8221;preset3&#8243; title_text_shadow_color=&#8221;rgba(0,0,0,0.96)&#8221; global_colors_info=&#8221;{}&#8221; button_one_text_size__hover_enabled=&#8221;off&#8221; button_two_text_size__hover_enabled=&#8221;off&#8221; button_one_text_color__hover_enabled=&#8221;off&#8221; button_two_text_color__hover_enabled=&#8221;off&#8221; button_one_border_width__hover_enabled=&#8221;off&#8221; button_two_border_width__hover_enabled=&#8221;off&#8221; button_one_border_color__hover_enabled=&#8221;off&#8221; button_two_border_color__hover_enabled=&#8221;off&#8221; button_one_border_radius__hover_enabled=&#8221;off&#8221; button_two_border_radius__hover_enabled=&#8221;off&#8221; button_one_letter_spacing__hover_enabled=&#8221;off&#8221; button_two_letter_spacing__hover_enabled=&#8221;off&#8221; button_one_bg_color__hover_enabled=&#8221;off&#8221; button_two_bg_color__hover_enabled=&#8221;off&#8221;][\/et_pb_fullwidth_header][\/et_pb_section][et_pb_section fb_built=&#8221;1&#8243; _builder_version=&#8221;4.9.0&#8243; custom_padding=&#8221;||||false|false&#8221; global_colors_info=&#8221;{}&#8221;][et_pb_row _builder_version=&#8221;4.9.0&#8243; _module_preset=&#8221;default&#8221; global_colors_info=&#8221;{}&#8221;][et_pb_column type=&#8221;4_4&#8243; _builder_version=&#8221;4.9.0&#8243; _module_preset=&#8221;default&#8221; global_colors_info=&#8221;{}&#8221;][et_pb_text _builder_version=&#8221;4.9.0&#8243; _module_preset=&#8221;default&#8221; global_colors_info=&#8221;{}&#8221;]<\/p>\n<h2><span class=\"VIiyi\" jsaction=\"mouseup:BR6jm\" jsname=\"jqKxS\" lang=\"en\"><span jsaction=\"agoMJf:PFBcW;usxOmf:aWLT7;jhKsnd:P7O7bd,F8DmGf;Q4AGo:Gm7gYd,qAKMYb;uFUCPb:pvnm0e,pfE8Hb,PFBcW;f56efd:dJXsye;EnoYf:KNzws,ZJsZZ,JgVSJc;zdMJQc:cCQNKb,ZJsZZ,zchEXc;Ytrrj:JJDvdc;tNR8yc:GeFvjb;oFN6Ye:hij5Wb;bmeZHc:iURhpf;Oxj3Xe:qAKMYb,yaf12d\" jsname=\"txFAF\" class=\"JLqJ4b ChMk0b\" data-language-for-alternatives=\"en\" data-language-to-translate-into=\"ca\" data-phrase-index=\"0\" data-number-of-phrases=\"1\" jscontroller=\"Zl5N8\" jsdata=\"uqLsIf;_;$364\" jsmodel=\"SsMkhd\"><span jsaction=\"click:qtZ4nf,GFf3ac,tMZCfe; contextmenu:Nqw7Te,QP7LD; mouseout:Nqw7Te; mouseover:qtZ4nf,c2aHje\" jsname=\"W297wb\">We help you with the technological implementation in your project<\/span><\/span><\/span><\/h2>\n<p style=\"text-align: justify;\">The software recommended for use by <strong>BGEO<\/strong> is 100% open source. This means that you can download everything for free and install them on as many computers or devices as you want. However, this does not guarantee the optimal use or the correct implementation of these resources.<\/p>\n<p style=\"text-align: justify;\">It is very usual that each institution or organization has its own technological ecosystem that they are not very susceptible to change. For instance, having the data structured in a unique way; or requiring a level of performance that needs some development.<\/p>\n<p style=\"text-align: justify;\">The service of technological implementation of <strong>BGEO<\/strong> is exactly that. Making the necessary adjustments to use the full and great potential that these open source tools can offer. <strong>BGEO<\/strong> does it with the rigor and confidence of a supplier which has definitely contributed to the developing community of these tools and dedicated themself to train technicians and users in its use.<\/p>\n<p style=\"text-align: justify;\">If you want to go further in the management of your resources; If you want to invest in free and transparent technologies; If you want to ensure quick results with minimal investment, you can trust in the implementation services of <strong>BGEO<\/strong>.<\/p>\n<p>[\/et_pb_text][\/et_pb_column][\/et_pb_row][\/et_pb_section][et_pb_section fb_built=&#8221;1&#8243; module_id=&#8221;row-six&#8221; _builder_version=&#8221;4.9.0&#8243; background_color=&#8221;gcid-d8eaa081-4be0-4518-bf91-03c8b6e95d5a&#8221; global_colors_info=&#8221;{%22gcid-d8eaa081-4be0-4518-bf91-03c8b6e95d5a%22:%91%22background_color%22%93}&#8221;][et_pb_row _builder_version=&#8221;4.9.0&#8243; animation_direction=&#8221;top&#8221; global_colors_info=&#8221;{}&#8221;][et_pb_column type=&#8221;4_4&#8243; _builder_version=&#8221;4.9.0&#8243; custom_padding=&#8221;|||&#8221; global_colors_info=&#8221;{}&#8221; custom_padding__hover=&#8221;|||&#8221;][et_pb_cta title=&#8221;Contact with BGEO to learn more about our implementation service&#8221; button_url=&#8221;@ET-DC@eyJkeW5hbWljIjp0cnVlLCJjb250ZW50IjoicG9zdF9saW5rX3VybF9wYWdlIiwic2V0dGluZ3MiOnsicG9zdF9pZCI6IjEzMzcifX0=@&#8221; button_text=&#8221;Contact&#8221; _builder_version=&#8221;4.13.1&#8243; _dynamic_attributes=&#8221;button_url&#8221; _module_preset=&#8221;default&#8221; background_enable_color=&#8221;off&#8221; custom_button=&#8221;on&#8221; button_text_color=&#8221;#0C71C3&#8243; button_bg_color=&#8221;#FFFFFF&#8221; global_colors_info=&#8221;{}&#8221;]<\/p>\n<p><strong>Contact us<\/strong> and we will arrange a visit to inform you about our implementation service.<\/p>\n<p>[\/et_pb_cta][\/et_pb_column][\/et_pb_row][\/et_pb_section]<\/p>\n","protected":false},"excerpt":{"rendered":"<p>We help you with the technological implementation in your project The software recommended for use by BGEO is 100% open source. This means that you can download everything for free and install them on as many computers or devices as you want. However, this does not guarantee the optimal use or the correct implementation of [&hellip;]<\/p>\n","protected":false},"author":1,"featured_media":6479,"parent":0,"menu_order":2,"comment_status":"open","ping_status":"closed","template":"","meta":{"_et_pb_use_builder":"on","_et_pb_old_content":"[separator top=\"-20\"]\r\n[two_third]\r\n<h2>Implementaci\u00f3:<\/h2>\r\n\r\n<li>Els productes que recomana BGEO s\u00f3n 100% open source. Aix\u00f2 vol dir que es poden descarregar gratu\u00eftament i instal\u00b7lar lliurement en tants ordinadors o dispositius com convingui. Per\u00f2 aix\u00f2 no garanteix l\u2019optimitzaci\u00f3 de l\u2019\u00fas d\u2019aquests recursos. \u00c9s molt habitual que cada entitat tingui el seu propi ecosistema tecnol\u00f2gic al que no vulgui renunciar; que tingui les dades estructurades d\u2019una manera singular; o que requereixi un nivell de prestacions que requereixin un cert desenvolupament.<\/li>\r\n<br>\r\n<li>El servei d\u2019implantaci\u00f3 de tecnologia de BGEO consisteix exactament en aix\u00f2. \r\nEn fer els ajustos necessaris per poder espr\u00e9mer al m\u00e0xim unes eines que s\u00f3n gratu\u00eftes i que ofereixen un gran potencial. I fer-ho des del rigor i la confian\u00e7a que ofereix un prove\u00efdor que ha contribu\u00eft decisivament a la comunitat de desenvolupadors d\u2019aquestes eines i que es dedica a formar a t\u00e8cnics i usuaris en el seu \u00fas.<\/li>\r\n\r\n[\/two_third]\r\n[one_third last=\"yes\"]\r\n[separator top=\"30\"]\r\n<span class=\"fusion-imageframe imageframe imageframe-dropshadow imageframe-3\"><img src=\"https:\/\/www.bgeo.es\/wp-content\/uploads\/2014\/09\/giswater-copia.jpg\" alt=\"\" align=\"right\" \/>\r\n[\/one_third]<\/span>\r\n\t<li>Si vols anar molt m\u00e9s enll\u00e0 amb la gesti\u00f3 dels teus recursos. Si vols apostar per tecnologies lliures i transparents. Si vols assegurar uns resultats r\u00e0pids amb una inversi\u00f3 m\u00ednima, confia en el servei d\u2019implantaci\u00f3 de BGEO.  <\/li>\r\n\r\n","_et_gb_content_width":""},"yoast_head":"<!-- This site is optimized with the Yoast SEO plugin v17.6 - https:\/\/yoast.com\/wordpress\/plugins\/seo\/ -->\n<title>Implementation - BGEO - OPEN GIS &amp; WATER SOLUTIONS<\/title>\n<meta name=\"description\" content=\"The implementation of BGEO consists on making the necessary adjustments to maximize free and high-potential tools.\" \/>\n<meta name=\"robots\" content=\"index, follow, max-snippet:-1, max-image-preview:large, max-video-preview:-1\" \/>\n<link rel=\"canonical\" href=\"https:\/\/www.bgeo.es\/en\/implementation\/\" \/>\n<meta property=\"og:locale\" content=\"en_US\" \/>\n<meta property=\"og:type\" content=\"article\" \/>\n<meta property=\"og:title\" content=\"Implementation - BGEO - OPEN GIS &amp; WATER SOLUTIONS\" \/>\n<meta property=\"og:description\" content=\"The implementation of BGEO consists on making the necessary adjustments to maximize free and high-potential tools.\" \/>\n<meta property=\"og:url\" content=\"https:\/\/www.bgeo.es\/en\/implementation\/\" \/>\n<meta property=\"og:site_name\" content=\"BGEO - OPEN GIS &amp; WATER SOLUTIONS\" \/>\n<meta property=\"article:publisher\" content=\"https:\/\/www.facebook.com\/bgeo.opengis\/\" \/>\n<meta property=\"article:modified_time\" content=\"2022-01-13T16:48:05+00:00\" \/>\n<meta property=\"og:image\" content=\"https:\/\/www.bgeo.es\/wp-content\/uploads\/2021\/11\/bgeo-3.png\" \/>\n\t<meta property=\"og:image:width\" content=\"200\" \/>\n\t<meta property=\"og:image:height\" content=\"200\" \/>\n<meta name=\"twitter:card\" content=\"summary_large_image\" \/>\n<meta name=\"twitter:site\" content=\"@bgeo_opengis\" \/>\n<meta name=\"twitter:label1\" content=\"Est. reading time\" \/>\n\t<meta name=\"twitter:data1\" content=\"3 minutes\" \/>\n<script type=\"application\/ld+json\" class=\"yoast-schema-graph\">{\"@context\":\"https:\/\/schema.org\",\"@graph\":[{\"@type\":\"Organization\",\"@id\":\"https:\/\/www.bgeo.es\/#organization\",\"name\":\"BGEO\",\"url\":\"https:\/\/www.bgeo.es\/\",\"sameAs\":[\"https:\/\/www.facebook.com\/bgeo.opengis\/\",\"https:\/\/www.instagram.com\/bgeogis\/\",\"https:\/\/www.linkedin.com\/company\/bgeoopengissl\/\",\"https:\/\/twitter.com\/bgeo_opengis\"],\"logo\":{\"@type\":\"ImageObject\",\"@id\":\"https:\/\/www.bgeo.es\/#logo\",\"inLanguage\":\"en-US\",\"url\":\"https:\/\/www.bgeo.es\/wp-content\/uploads\/2014\/09\/BGEO_LOGO_600px-02-e1414015439640.png\",\"contentUrl\":\"https:\/\/www.bgeo.es\/wp-content\/uploads\/2014\/09\/BGEO_LOGO_600px-02-e1414015439640.png\",\"width\":150,\"height\":78,\"caption\":\"BGEO\"},\"image\":{\"@id\":\"https:\/\/www.bgeo.es\/#logo\"}},{\"@type\":\"WebSite\",\"@id\":\"https:\/\/www.bgeo.es\/#website\",\"url\":\"https:\/\/www.bgeo.es\/\",\"name\":\"BGEO - OPEN GIS &amp; WATER SOLUTIONS\",\"description\":\"Open gis water solutions\",\"publisher\":{\"@id\":\"https:\/\/www.bgeo.es\/#organization\"},\"potentialAction\":[{\"@type\":\"SearchAction\",\"target\":{\"@type\":\"EntryPoint\",\"urlTemplate\":\"https:\/\/www.bgeo.es\/?s={search_term_string}\"},\"query-input\":\"required name=search_term_string\"}],\"inLanguage\":\"en-US\"},{\"@type\":\"ImageObject\",\"@id\":\"https:\/\/www.bgeo.es\/en\/implementation\/#primaryimage\",\"inLanguage\":\"en-US\",\"url\":\"https:\/\/www.bgeo.es\/wp-content\/uploads\/2021\/11\/bgeo-3.png\",\"contentUrl\":\"https:\/\/www.bgeo.es\/wp-content\/uploads\/2021\/11\/bgeo-3.png\",\"width\":200,\"height\":200,\"caption\":\"BGEO\"},{\"@type\":\"WebPage\",\"@id\":\"https:\/\/www.bgeo.es\/en\/implementation\/#webpage\",\"url\":\"https:\/\/www.bgeo.es\/en\/implementation\/\",\"name\":\"Implementation - BGEO - OPEN GIS &amp; WATER SOLUTIONS\",\"isPartOf\":{\"@id\":\"https:\/\/www.bgeo.es\/#website\"},\"primaryImageOfPage\":{\"@id\":\"https:\/\/www.bgeo.es\/en\/implementation\/#primaryimage\"},\"datePublished\":\"2014-09-25T17:32:05+00:00\",\"dateModified\":\"2022-01-13T16:48:05+00:00\",\"description\":\"The implementation of BGEO consists on making the necessary adjustments to maximize free and high-potential tools.\",\"breadcrumb\":{\"@id\":\"https:\/\/www.bgeo.es\/en\/implementation\/#breadcrumb\"},\"inLanguage\":\"en-US\",\"potentialAction\":[{\"@type\":\"ReadAction\",\"target\":[\"https:\/\/www.bgeo.es\/en\/implementation\/\"]}]},{\"@type\":\"BreadcrumbList\",\"@id\":\"https:\/\/www.bgeo.es\/en\/implementation\/#breadcrumb\",\"itemListElement\":[{\"@type\":\"ListItem\",\"position\":1,\"name\":\"Inici\",\"item\":\"https:\/\/www.bgeo.es\/es\/\"},{\"@type\":\"ListItem\",\"position\":2,\"name\":\"Implementation\"}]}]}<\/script>\n<!-- \/ Yoast SEO plugin. -->","yoast_head_json":{"title":"Implementation - BGEO - OPEN GIS &amp; WATER SOLUTIONS","description":"The implementation of BGEO consists on making the necessary adjustments to maximize free and high-potential tools.","robots":{"index":"index","follow":"follow","max-snippet":"max-snippet:-1","max-image-preview":"max-image-preview:large","max-video-preview":"max-video-preview:-1"},"canonical":"https:\/\/www.bgeo.es\/en\/implementation\/","og_locale":"en_US","og_type":"article","og_title":"Implementation - BGEO - OPEN GIS &amp; WATER SOLUTIONS","og_description":"The implementation of BGEO consists on making the necessary adjustments to maximize free and high-potential tools.","og_url":"https:\/\/www.bgeo.es\/en\/implementation\/","og_site_name":"BGEO - OPEN GIS &amp; WATER SOLUTIONS","article_publisher":"https:\/\/www.facebook.com\/bgeo.opengis\/","article_modified_time":"2022-01-13T16:48:05+00:00","og_image":[{"width":200,"height":200,"url":"https:\/\/www.bgeo.es\/wp-content\/uploads\/2021\/11\/bgeo-3.png","type":"image\/png"}],"twitter_card":"summary_large_image","twitter_site":"@bgeo_opengis","twitter_misc":{"Est. reading time":"3 minutes"},"schema":{"@context":"https:\/\/schema.org","@graph":[{"@type":"Organization","@id":"https:\/\/www.bgeo.es\/#organization","name":"BGEO","url":"https:\/\/www.bgeo.es\/","sameAs":["https:\/\/www.facebook.com\/bgeo.opengis\/","https:\/\/www.instagram.com\/bgeogis\/","https:\/\/www.linkedin.com\/company\/bgeoopengissl\/","https:\/\/twitter.com\/bgeo_opengis"],"logo":{"@type":"ImageObject","@id":"https:\/\/www.bgeo.es\/#logo","inLanguage":"en-US","url":"https:\/\/www.bgeo.es\/wp-content\/uploads\/2014\/09\/BGEO_LOGO_600px-02-e1414015439640.png","contentUrl":"https:\/\/www.bgeo.es\/wp-content\/uploads\/2014\/09\/BGEO_LOGO_600px-02-e1414015439640.png","width":150,"height":78,"caption":"BGEO"},"image":{"@id":"https:\/\/www.bgeo.es\/#logo"}},{"@type":"WebSite","@id":"https:\/\/www.bgeo.es\/#website","url":"https:\/\/www.bgeo.es\/","name":"BGEO - OPEN GIS &amp; WATER SOLUTIONS","description":"Open gis water solutions","publisher":{"@id":"https:\/\/www.bgeo.es\/#organization"},"potentialAction":[{"@type":"SearchAction","target":{"@type":"EntryPoint","urlTemplate":"https:\/\/www.bgeo.es\/?s={search_term_string}"},"query-input":"required name=search_term_string"}],"inLanguage":"en-US"},{"@type":"ImageObject","@id":"https:\/\/www.bgeo.es\/en\/implementation\/#primaryimage","inLanguage":"en-US","url":"https:\/\/www.bgeo.es\/wp-content\/uploads\/2021\/11\/bgeo-3.png","contentUrl":"https:\/\/www.bgeo.es\/wp-content\/uploads\/2021\/11\/bgeo-3.png","width":200,"height":200,"caption":"BGEO"},{"@type":"WebPage","@id":"https:\/\/www.bgeo.es\/en\/implementation\/#webpage","url":"https:\/\/www.bgeo.es\/en\/implementation\/","name":"Implementation - BGEO - OPEN GIS &amp; WATER SOLUTIONS","isPartOf":{"@id":"https:\/\/www.bgeo.es\/#website"},"primaryImageOfPage":{"@id":"https:\/\/www.bgeo.es\/en\/implementation\/#primaryimage"},"datePublished":"2014-09-25T17:32:05+00:00","dateModified":"2022-01-13T16:48:05+00:00","description":"The implementation of BGEO consists on making the necessary adjustments to maximize free and high-potential tools.","breadcrumb":{"@id":"https:\/\/www.bgeo.es\/en\/implementation\/#breadcrumb"},"inLanguage":"en-US","potentialAction":[{"@type":"ReadAction","target":["https:\/\/www.bgeo.es\/en\/implementation\/"]}]},{"@type":"BreadcrumbList","@id":"https:\/\/www.bgeo.es\/en\/implementation\/#breadcrumb","itemListElement":[{"@type":"ListItem","position":1,"name":"Inici","item":"https:\/\/www.bgeo.es\/es\/"},{"@type":"ListItem","position":2,"name":"Implementation"}]}]}},"_links":{"self":[{"href":"https:\/\/www.bgeo.es\/en\/wp-json\/wp\/v2\/pages\/1109"}],"collection":[{"href":"https:\/\/www.bgeo.es\/en\/wp-json\/wp\/v2\/pages"}],"about":[{"href":"https:\/\/www.bgeo.es\/en\/wp-json\/wp\/v2\/types\/page"}],"author":[{"embeddable":true,"href":"https:\/\/www.bgeo.es\/en\/wp-json\/wp\/v2\/users\/1"}],"replies":[{"embeddable":true,"href":"https:\/\/www.bgeo.es\/en\/wp-json\/wp\/v2\/comments?post=1109"}],"version-history":[{"count":17,"href":"https:\/\/www.bgeo.es\/en\/wp-json\/wp\/v2\/pages\/1109\/revisions"}],"predecessor-version":[{"id":6844,"href":"https:\/\/www.bgeo.es\/en\/wp-json\/wp\/v2\/pages\/1109\/revisions\/6844"}],"wp:featuredmedia":[{"embeddable":true,"href":"https:\/\/www.bgeo.es\/en\/wp-json\/wp\/v2\/media\/6479"}],"wp:attachment":[{"href":"https:\/\/www.bgeo.es\/en\/wp-json\/wp\/v2\/media?parent=1109"}],"curies":[{"name":"wp","href":"https:\/\/api.w.org\/{rel}","templated":true}]}}